{"id":1266,"date":"2011-10-31T18:15:07","date_gmt":"2011-10-31T17:15:07","guid":{"rendered":"http:\/\/webdesign360.fr\/WordPressTest\/?page_id=81"},"modified":"2024-10-25T21:37:11","modified_gmt":"2024-10-25T21:37:11","slug":"les-personnels","status":"publish","type":"page","link":"https:\/\/site.ac-martinique.fr\/clg-vauclin\/?page_id=1266","title":{"rendered":"Service Social"},"content":{"rendered":"<p><strong>Assistante Sociale: <\/strong>Mme MARTIAL Muriel<\/p>\n<p style=\"text-align: center;\"><strong><i>Planning hebdomadaire de r\u00e9ception des familles et des \u00e9l\u00e8ves<\/i><\/strong><\/p>\n<p style=\"text-align: left;\"><strong>Avec ou sans Rendez-Vous:<\/strong><\/p>\n<p style=\"text-align: left;\">Mardi &#8211; Jeudi (08h00 &#8211; 16h30)<br \/>\nMercredi &#8211; Vendredi (08h00 &#8211; 12h30)<\/p>\n<p style=\"text-align: left;\"><strong>Contact:<\/strong><br \/>\n-&gt; Secr\u00e9tariat: 0596 74 40 63<br \/>\n-&gt; Portable Service Social: 0696 97 40 61<br \/>\n-&gt; <a class=\"md-caption\" href=\"https:\/\/sogomar-ng.ac-martinique.fr\/SOGo\/so\/sjoannes-elizabeth1\/Mail\/view#\">muriel.martial@ac-martinique.fr<\/a><\/p>\n<div><strong>\u00a0<\/strong><\/div>\n<div><strong>\u00a0<\/strong><\/div>\n","protected":false},"excerpt":{"rendered":"<p>Assistante Sociale: Mme MARTIAL Muriel Planning hebdomadaire de r\u00e9ception des familles et des \u00e9l\u00e8ves Avec ou sans Rendez-Vous: Mardi &#8211; Jeudi (08h00 &#8211; 16h30) Mercredi &#8211; Vendredi (08h00 &#8211; 12h30) Contact: -&gt; Secr\u00e9tariat: 0596 74 40 63 -&gt; Portable Service Social: 0696 97 40 61 -&gt; muriel.martial@ac-martinique.fr \u00a0 \u00a0<\/p>\n","protected":false},"author":192,"featured_media":0,"parent":198,"menu_order":0,"comment_status":"closed","ping_status":"closed","template":"","meta":{"footnotes":""},"class_list":["post-1266","page","type-page","status-publish","hentry"],"_links":{"self":[{"href":"https:\/\/site.ac-martinique.fr\/clg-vauclin\/index.php?rest_route=\/wp\/v2\/pages\/1266","targetHints":{"allow":["GET"]}}],"collection":[{"href":"https:\/\/site.ac-martinique.fr\/clg-vauclin\/index.php?rest_route=\/wp\/v2\/pages"}],"about":[{"href":"https:\/\/site.ac-martinique.fr\/clg-vauclin\/index.php?rest_route=\/wp\/v2\/types\/page"}],"author":[{"embeddable":true,"href":"https:\/\/site.ac-martinique.fr\/clg-vauclin\/index.php?rest_route=\/wp\/v2\/users\/192"}],"replies":[{"embeddable":true,"href":"https:\/\/site.ac-martinique.fr\/clg-vauclin\/index.php?rest_route=%2Fwp%2Fv2%2Fcomments&post=1266"}],"version-history":[{"count":9,"href":"https:\/\/site.ac-martinique.fr\/clg-vauclin\/index.php?rest_route=\/wp\/v2\/pages\/1266\/revisions"}],"predecessor-version":[{"id":6438,"href":"https:\/\/site.ac-martinique.fr\/clg-vauclin\/index.php?rest_route=\/wp\/v2\/pages\/1266\/revisions\/6438"}],"up":[{"embeddable":true,"href":"https:\/\/site.ac-martinique.fr\/clg-vauclin\/index.php?rest_route=\/wp\/v2\/pages\/198"}],"wp:attachment":[{"href":"https:\/\/site.ac-martinique.fr\/clg-vauclin\/index.php?rest_route=%2Fwp%2Fv2%2Fmedia&parent=1266"}],"curies":[{"name":"wp","href":"https:\/\/api.w.org\/{rel}","templated":true}]}}