{"id":1422,"date":"2013-01-14T18:01:35","date_gmt":"2013-01-14T18:01:35","guid":{"rendered":"http:\/\/site.ac-martinique.fr\/wp_copie1\/?page_id=1422"},"modified":"2013-01-25T15:38:25","modified_gmt":"2013-01-25T15:38:25","slug":"club-presse","status":"publish","type":"page","link":"https:\/\/site.ac-martinique.fr\/clg-vauclin\/?page_id=1422","title":{"rendered":"Club Presse"},"content":{"rendered":"<p><strong><img loading=\"lazy\" decoding=\"async\" title=\"Article0000\" src=\"\/clg-vauclin\/wp-content\/uploads\/sites\/69\/2012\/03\/Article0000.jpg\" alt=\"\" width=\"640\" height=\"31\" \/><\/strong><\/p>\n<p style=\"text-align: justify;\"><span style=\"font-size: medium;\"><strong>Pr\u00e9sentation: <\/strong><span style=\"font-size: small;\">Le club presse a pour objectifs de cr\u00e9er le journal du coll\u00e8ge pour la semaine de la presse et de participer \u00e0 diff\u00e9rents concours de journaux scolaires.<\/span><\/span><\/p>\n<p><span style=\"font-size: small;\"><span style=\"font-size: medium;\"><strong>Le cahier des charges d\u00e9taill\u00e9 du Club Presse:<\/strong><\/span> <a href=\"\/clg-vauclin\/?page_id=1621\">Voir<\/a><\/span><\/p>\n<p><span style=\"font-size: medium;\"><strong>Actualit\u00e9s et productions:\u00a0<\/strong><\/span><span style=\"font-size: small;\">[catlist id=25]<\/span><\/p>\n<p><strong><img loading=\"lazy\" decoding=\"async\" title=\"Article0000\" src=\"\/clg-vauclin\/wp-content\/uploads\/sites\/69\/2012\/03\/Article0000.jpg\" alt=\"\" width=\"640\" height=\"31\" \/><\/strong><\/p>\n<div><strong style=\"line-height: 24px; font-size: medium; text-align: justify;\"><br \/>\n<\/strong><\/div>\n<div><strong style=\"line-height: 24px; font-size: medium; text-align: justify;\"><br \/>\n<\/strong><\/div>\n","protected":false},"excerpt":{"rendered":"<p>Pr\u00e9sentation: Le club presse a pour objectifs de cr\u00e9er le journal du coll\u00e8ge pour la semaine de la presse et de participer \u00e0 diff\u00e9rents concours de journaux scolaires. Le cahier des charges d\u00e9taill\u00e9 du Club Presse: Voir Actualit\u00e9s et productions:\u00a0[catlist id=25]<\/p>\n","protected":false},"author":192,"featured_media":0,"parent":0,"menu_order":0,"comment_status":"closed","ping_status":"closed","template":"","meta":{"footnotes":""},"class_list":["post-1422","page","type-page","status-publish","hentry"],"_links":{"self":[{"href":"https:\/\/site.ac-martinique.fr\/clg-vauclin\/index.php?rest_route=\/wp\/v2\/pages\/1422","targetHints":{"allow":["GET"]}}],"collection":[{"href":"https:\/\/site.ac-martinique.fr\/clg-vauclin\/index.php?rest_route=\/wp\/v2\/pages"}],"about":[{"href":"https:\/\/site.ac-martinique.fr\/clg-vauclin\/index.php?rest_route=\/wp\/v2\/types\/page"}],"author":[{"embeddable":true,"href":"https:\/\/site.ac-martinique.fr\/clg-vauclin\/index.php?rest_route=\/wp\/v2\/users\/192"}],"replies":[{"embeddable":true,"href":"https:\/\/site.ac-martinique.fr\/clg-vauclin\/index.php?rest_route=%2Fwp%2Fv2%2Fcomments&post=1422"}],"version-history":[{"count":6,"href":"https:\/\/site.ac-martinique.fr\/clg-vauclin\/index.php?rest_route=\/wp\/v2\/pages\/1422\/revisions"}],"predecessor-version":[{"id":1632,"href":"https:\/\/site.ac-martinique.fr\/clg-vauclin\/index.php?rest_route=\/wp\/v2\/pages\/1422\/revisions\/1632"}],"wp:attachment":[{"href":"https:\/\/site.ac-martinique.fr\/clg-vauclin\/index.php?rest_route=%2Fwp%2Fv2%2Fmedia&parent=1422"}],"curies":[{"name":"wp","href":"https:\/\/api.w.org\/{rel}","templated":true}]}}