{"id":1718,"date":"2013-01-26T12:19:42","date_gmt":"2013-01-26T12:19:42","guid":{"rendered":"\/clg-vauclin\/?page_id=1718"},"modified":"2018-10-02T19:38:48","modified_gmt":"2018-10-02T19:38:48","slug":"les-horaires","status":"publish","type":"page","link":"https:\/\/site.ac-martinique.fr\/clg-vauclin\/?page_id=1718","title":{"rendered":"Les horaires des cours"},"content":{"rendered":"<p style=\"text-align: center\"><strong>Horaire des cours du Coll\u00e8ge<\/strong><\/p>\n<p><span style=\"font-family: Arial, serif\"><span style=\"font-size: small\">Le portail d&#8217;entr\u00e9e est ouvert 15 minutes avant le d\u00e9but de la premi\u00e8re heure de cours de la demi-journ\u00e9e. Les \u00e9l\u00e8ves doivent entrer dans le coll\u00e8ge d\u00e8s la premi\u00e8re sonnerie (07h15). Le portail sera ferm\u00e9 \u00e0 <span style=\"color: #000000\"><u><b>07h25<\/b><\/u><\/span>\u00a0: les \u00e9l\u00e8ves doivent \u00eatre rang\u00e9s dans les rangs de leurs classes respectives (emplacements mat\u00e9rialis\u00e9s au sol).<\/span><\/span><\/p>\n<p><span style=\"font-family: Arial, serif\"><span style=\"font-size: small\">Les \u00e9l\u00e8ves retardataires seront pris en charge par la vie scolaire d\u00e8s que toutes les classes auront \u00e9t\u00e9 prises en compte par les professeurs.<\/span><\/span><\/p>\n","protected":false},"excerpt":{"rendered":"<p>Horaire des cours du Coll\u00e8ge Le portail d&#8217;entr\u00e9e est ouvert 15 minutes avant le d\u00e9but de la premi\u00e8re heure de cours de la demi-journ\u00e9e. Les \u00e9l\u00e8ves doivent entrer dans le coll\u00e8ge d\u00e8s la premi\u00e8re sonnerie (07h15). Le portail sera ferm\u00e9 \u00e0 07h25\u00a0: les \u00e9l\u00e8ves doivent \u00eatre rang\u00e9s dans les rangs de leurs classes respectives (emplacements [&hellip;]<\/p>\n","protected":false},"author":192,"featured_media":0,"parent":439,"menu_order":0,"comment_status":"closed","ping_status":"closed","template":"","meta":{"footnotes":""},"class_list":["post-1718","page","type-page","status-publish","hentry"],"_links":{"self":[{"href":"https:\/\/site.ac-martinique.fr\/clg-vauclin\/index.php?rest_route=\/wp\/v2\/pages\/1718","targetHints":{"allow":["GET"]}}],"collection":[{"href":"https:\/\/site.ac-martinique.fr\/clg-vauclin\/index.php?rest_route=\/wp\/v2\/pages"}],"about":[{"href":"https:\/\/site.ac-martinique.fr\/clg-vauclin\/index.php?rest_route=\/wp\/v2\/types\/page"}],"author":[{"embeddable":true,"href":"https:\/\/site.ac-martinique.fr\/clg-vauclin\/index.php?rest_route=\/wp\/v2\/users\/192"}],"replies":[{"embeddable":true,"href":"https:\/\/site.ac-martinique.fr\/clg-vauclin\/index.php?rest_route=%2Fwp%2Fv2%2Fcomments&post=1718"}],"version-history":[{"count":15,"href":"https:\/\/site.ac-martinique.fr\/clg-vauclin\/index.php?rest_route=\/wp\/v2\/pages\/1718\/revisions"}],"predecessor-version":[{"id":5099,"href":"https:\/\/site.ac-martinique.fr\/clg-vauclin\/index.php?rest_route=\/wp\/v2\/pages\/1718\/revisions\/5099"}],"up":[{"embeddable":true,"href":"https:\/\/site.ac-martinique.fr\/clg-vauclin\/index.php?rest_route=\/wp\/v2\/pages\/439"}],"wp:attachment":[{"href":"https:\/\/site.ac-martinique.fr\/clg-vauclin\/index.php?rest_route=%2Fwp%2Fv2%2Fmedia&parent=1718"}],"curies":[{"name":"wp","href":"https:\/\/api.w.org\/{rel}","templated":true}]}}