{"id":1751,"date":"2013-01-26T12:49:58","date_gmt":"2013-01-26T12:49:58","guid":{"rendered":"\/clg-vauclin\/?page_id=1751"},"modified":"2024-10-25T21:34:24","modified_gmt":"2024-10-25T21:34:24","slug":"informations","status":"publish","type":"page","link":"https:\/\/site.ac-martinique.fr\/clg-vauclin\/?page_id=1751","title":{"rendered":"Informations"},"content":{"rendered":"<p>Le service de gestion (intendance) est compos\u00e9 de:<\/p>\n<ul>\n<li>Gestionnaire: Mme MAUCORONEL Delphine<\/li>\n<li>Secr\u00e9taire de gestion: Mme BOUVIL<\/li>\n<\/ul>\n<p>L&#8217;agence comptable est situ\u00e9e au lyc\u00e9e Montg\u00e9rald (Marin)<\/p>\n<ul>\n<li>Agent comptable: M GUSTO<\/li>\n<\/ul>\n","protected":false},"excerpt":{"rendered":"<p>Le service de gestion (intendance) est compos\u00e9 de: Gestionnaire: Mme MAUCORONEL Delphine Secr\u00e9taire de gestion: Mme BOUVIL L&#8217;agence comptable est situ\u00e9e au lyc\u00e9e Montg\u00e9rald (Marin) Agent comptable: M GUSTO<\/p>\n","protected":false},"author":192,"featured_media":0,"parent":1749,"menu_order":0,"comment_status":"closed","ping_status":"closed","template":"","meta":{"footnotes":""},"class_list":["post-1751","page","type-page","status-publish","hentry"],"_links":{"self":[{"href":"https:\/\/site.ac-martinique.fr\/clg-vauclin\/index.php?rest_route=\/wp\/v2\/pages\/1751","targetHints":{"allow":["GET"]}}],"collection":[{"href":"https:\/\/site.ac-martinique.fr\/clg-vauclin\/index.php?rest_route=\/wp\/v2\/pages"}],"about":[{"href":"https:\/\/site.ac-martinique.fr\/clg-vauclin\/index.php?rest_route=\/wp\/v2\/types\/page"}],"author":[{"embeddable":true,"href":"https:\/\/site.ac-martinique.fr\/clg-vauclin\/index.php?rest_route=\/wp\/v2\/users\/192"}],"replies":[{"embeddable":true,"href":"https:\/\/site.ac-martinique.fr\/clg-vauclin\/index.php?rest_route=%2Fwp%2Fv2%2Fcomments&post=1751"}],"version-history":[{"count":4,"href":"https:\/\/site.ac-martinique.fr\/clg-vauclin\/index.php?rest_route=\/wp\/v2\/pages\/1751\/revisions"}],"predecessor-version":[{"id":6437,"href":"https:\/\/site.ac-martinique.fr\/clg-vauclin\/index.php?rest_route=\/wp\/v2\/pages\/1751\/revisions\/6437"}],"up":[{"embeddable":true,"href":"https:\/\/site.ac-martinique.fr\/clg-vauclin\/index.php?rest_route=\/wp\/v2\/pages\/1749"}],"wp:attachment":[{"href":"https:\/\/site.ac-martinique.fr\/clg-vauclin\/index.php?rest_route=%2Fwp%2Fv2%2Fmedia&parent=1751"}],"curies":[{"name":"wp","href":"https:\/\/api.w.org\/{rel}","templated":true}]}}