{"id":208,"date":"2012-04-08T23:14:16","date_gmt":"2012-04-08T21:14:16","guid":{"rendered":"http:\/\/webdesign360.fr\/WordPressTest\/?page_id=208"},"modified":"2013-01-26T13:24:53","modified_gmt":"2013-01-26T13:24:53","slug":"conseil-dadministration","status":"publish","type":"page","link":"https:\/\/site.ac-martinique.fr\/clg-vauclin\/?page_id=208","title":{"rendered":"Conseil d&#8217;administration"},"content":{"rendered":"<p style=\"text-align: justify;\"><span style=\"font-size: small;\"><span style=\"font-size: large;\"><strong><strong><img loading=\"lazy\" decoding=\"async\" title=\"Article0000\" src=\"\/clg-vauclin\/wp-content\/uploads\/sites\/69\/2012\/03\/Article0000.jpg\" alt=\"\" width=\"640\" height=\"31\" \/><\/strong>Pr\u00e9sentation.<\/strong><\/span> Le conseil d&#8217;administration est l&#8217;assembl\u00e9e regroupant des usagers de l&#8217;\u00e9tablissement qui prend les grandes d\u00e9cisions de la vie du lyc\u00e9e. Il se r\u00e9unit en s\u00e9ance ordinaire \u00e0 l&#8217;initiative du chef d&#8217;\u00e9tablissement au moins 3 fois par an. Il peut \u00eatre r\u00e9uni en s\u00e9ance extraordinaire \u00e0 la demande des autorit\u00e9s comp\u00e9tentes sur un ordre du jour d\u00e9termin\u00e9.<\/span><\/p>\n<p style=\"text-align: justify;\"><strong><span style=\"font-size: large;\">Composition:<\/span><\/strong>\u00a0<span style=\"font-size: small;\"><a href=\"\/clg-vauclin\/?page_id=1778\">Voir<\/a><\/span><\/p>\n<p style=\"text-align: justify;\"><span style=\"font-size: large;\"><strong>Les comptes-rendus:<\/strong><\/span><span style=\"font-size: small;\">[catlist id=18]<\/span><\/p>\n<p style=\"text-align: justify;\"><strong><img loading=\"lazy\" decoding=\"async\" title=\"Article0000\" src=\"\/clg-vauclin\/wp-content\/uploads\/sites\/69\/2012\/03\/Article0000.jpg\" alt=\"\" width=\"640\" height=\"31\" \/><\/strong><\/p>\n<div><strong style=\"line-height: 24px; font-size: medium; text-align: justify;\"><br \/>\n<\/strong><\/div>\n<div><strong style=\"line-height: 24px; font-size: medium; text-align: justify;\"><br \/>\n<\/strong><\/div>\n","protected":false},"excerpt":{"rendered":"<p>Pr\u00e9sentation. Le conseil d&#8217;administration est l&#8217;assembl\u00e9e regroupant des usagers de l&#8217;\u00e9tablissement qui prend les grandes d\u00e9cisions de la vie du lyc\u00e9e. Il se r\u00e9unit en s\u00e9ance ordinaire \u00e0 l&#8217;initiative du chef d&#8217;\u00e9tablissement au moins 3 fois par an. Il peut \u00eatre r\u00e9uni en s\u00e9ance extraordinaire \u00e0 la demande des autorit\u00e9s comp\u00e9tentes sur un ordre du [&hellip;]<\/p>\n","protected":false},"author":192,"featured_media":0,"parent":198,"menu_order":0,"comment_status":"closed","ping_status":"open","template":"","meta":{"footnotes":""},"class_list":["post-208","page","type-page","status-publish","hentry"],"_links":{"self":[{"href":"https:\/\/site.ac-martinique.fr\/clg-vauclin\/index.php?rest_route=\/wp\/v2\/pages\/208","targetHints":{"allow":["GET"]}}],"collection":[{"href":"https:\/\/site.ac-martinique.fr\/clg-vauclin\/index.php?rest_route=\/wp\/v2\/pages"}],"about":[{"href":"https:\/\/site.ac-martinique.fr\/clg-vauclin\/index.php?rest_route=\/wp\/v2\/types\/page"}],"author":[{"embeddable":true,"href":"https:\/\/site.ac-martinique.fr\/clg-vauclin\/index.php?rest_route=\/wp\/v2\/users\/192"}],"replies":[{"embeddable":true,"href":"https:\/\/site.ac-martinique.fr\/clg-vauclin\/index.php?rest_route=%2Fwp%2Fv2%2Fcomments&post=208"}],"version-history":[{"count":3,"href":"https:\/\/site.ac-martinique.fr\/clg-vauclin\/index.php?rest_route=\/wp\/v2\/pages\/208\/revisions"}],"predecessor-version":[{"id":1631,"href":"https:\/\/site.ac-martinique.fr\/clg-vauclin\/index.php?rest_route=\/wp\/v2\/pages\/208\/revisions\/1631"}],"up":[{"embeddable":true,"href":"https:\/\/site.ac-martinique.fr\/clg-vauclin\/index.php?rest_route=\/wp\/v2\/pages\/198"}],"wp:attachment":[{"href":"https:\/\/site.ac-martinique.fr\/clg-vauclin\/index.php?rest_route=%2Fwp%2Fv2%2Fmedia&parent=208"}],"curies":[{"name":"wp","href":"https:\/\/api.w.org\/{rel}","templated":true}]}}