{"id":216,"date":"2012-04-08T23:21:11","date_gmt":"2012-04-08T21:21:11","guid":{"rendered":"http:\/\/webdesign360.fr\/WordPressTest\/?page_id=216"},"modified":"2018-10-02T19:17:41","modified_gmt":"2018-10-02T19:17:41","slug":"calendrier-trimestriel","status":"publish","type":"page","link":"https:\/\/site.ac-martinique.fr\/clg-vauclin\/?page_id=216","title":{"rendered":"Calendrier annuel"},"content":{"rendered":"<p>La demi-pension fonctionne les:<\/p>\n<ul>\n<li>lundi<\/li>\n<li>mardi<\/li>\n<li>jeudi<\/li>\n<\/ul>\n<p>En raison des travaux de remise en \u00e9tat de la cantine municipale, la demi-pension du coll\u00e8ge du Vauclin est d\u00e9localis\u00e9e dans les locaux du CGOSH.<\/p>\n<p>Une navette en bus scolaire est organis\u00e9e pour le transport des \u00e9l\u00e8ves.<\/p>\n<p>&nbsp;<\/p>\n<p>&nbsp;<\/p>\n<p>&nbsp;<\/p>\n<div><strong style=\"line-height: 24px;font-size: medium;text-align: justify\"><br \/>\n<\/strong><\/div>\n<div><strong style=\"line-height: 24px;font-size: medium;text-align: justify\"><br \/>\n<\/strong><\/div>\n","protected":false},"excerpt":{"rendered":"<p>La demi-pension fonctionne les: lundi mardi jeudi En raison des travaux de remise en \u00e9tat de la cantine municipale, la demi-pension du coll\u00e8ge du Vauclin est d\u00e9localis\u00e9e dans les locaux du CGOSH. Une navette en bus scolaire est organis\u00e9e pour le transport des \u00e9l\u00e8ves. &nbsp; &nbsp; &nbsp;<\/p>\n","protected":false},"author":192,"featured_media":0,"parent":214,"menu_order":0,"comment_status":"closed","ping_status":"open","template":"","meta":{"footnotes":""},"class_list":["post-216","page","type-page","status-publish","hentry"],"_links":{"self":[{"href":"https:\/\/site.ac-martinique.fr\/clg-vauclin\/index.php?rest_route=\/wp\/v2\/pages\/216","targetHints":{"allow":["GET"]}}],"collection":[{"href":"https:\/\/site.ac-martinique.fr\/clg-vauclin\/index.php?rest_route=\/wp\/v2\/pages"}],"about":[{"href":"https:\/\/site.ac-martinique.fr\/clg-vauclin\/index.php?rest_route=\/wp\/v2\/types\/page"}],"author":[{"embeddable":true,"href":"https:\/\/site.ac-martinique.fr\/clg-vauclin\/index.php?rest_route=\/wp\/v2\/users\/192"}],"replies":[{"embeddable":true,"href":"https:\/\/site.ac-martinique.fr\/clg-vauclin\/index.php?rest_route=%2Fwp%2Fv2%2Fcomments&post=216"}],"version-history":[{"count":3,"href":"https:\/\/site.ac-martinique.fr\/clg-vauclin\/index.php?rest_route=\/wp\/v2\/pages\/216\/revisions"}],"predecessor-version":[{"id":5092,"href":"https:\/\/site.ac-martinique.fr\/clg-vauclin\/index.php?rest_route=\/wp\/v2\/pages\/216\/revisions\/5092"}],"up":[{"embeddable":true,"href":"https:\/\/site.ac-martinique.fr\/clg-vauclin\/index.php?rest_route=\/wp\/v2\/pages\/214"}],"wp:attachment":[{"href":"https:\/\/site.ac-martinique.fr\/clg-vauclin\/index.php?rest_route=%2Fwp%2Fv2%2Fmedia&parent=216"}],"curies":[{"name":"wp","href":"https:\/\/api.w.org\/{rel}","templated":true}]}}