{"id":439,"date":"2011-10-28T02:16:55","date_gmt":"2011-10-28T00:16:55","guid":{"rendered":"http:\/\/webdesign360.fr\/WordPressTest\/?page_id=12"},"modified":"2025-01-28T00:26:28","modified_gmt":"2025-01-28T00:26:28","slug":"accueil","status":"publish","type":"page","link":"https:\/\/site.ac-martinique.fr\/clg-vauclin\/","title":{"rendered":"Accueil"},"content":{"rendered":"\n\n\n<div class=\"wp-block-group\"><div class=\"wp-block-group__inner-container is-layout-constrained wp-block-group-is-layout-constrained\">\n<p>\u00a0<\/p>\n<h1><strong>REMERCIEMENTS JO 2024 <\/strong><\/h1>\n\n\n\n<div data-wp-interactive=\"core\/file\" class=\"wp-block-file\"><object data-wp-bind--hidden=\"!state.hasPdfPreview\" hidden class=\"wp-block-file__embed\" data=\"https:\/\/site.ac-martinique.fr\/clg-vauclin\/wp-content\/uploads\/sites\/69\/2025\/01\/Remerciements-JO2024-CLG-du-Vauclin_041446-1.pdf\" type=\"application\/pdf\" style=\"width:100%;height:600px\" aria-label=\"Contenu embarqu\u00e9 Remerciements JO2024 CLG du Vauclin_041446.\"><\/object><a id=\"wp-block-file--media-92f52bb8-7e4b-4c76-9874-fe9395d18bd6\" href=\"https:\/\/site.ac-martinique.fr\/clg-vauclin\/wp-content\/uploads\/sites\/69\/2025\/01\/Remerciements-JO2024-CLG-du-Vauclin_041446-1.pdf\">Remerciements JO2024 CLG du Vauclin_041446<\/a><a href=\"https:\/\/site.ac-martinique.fr\/clg-vauclin\/wp-content\/uploads\/sites\/69\/2025\/01\/Remerciements-JO2024-CLG-du-Vauclin_041446-1.pdf\" class=\"wp-block-file__button wp-element-button\" download aria-describedby=\"wp-block-file--media-92f52bb8-7e4b-4c76-9874-fe9395d18bd6\">T\u00e9l\u00e9charger<\/a><\/div>\n<\/div><\/div>\n\n\n\n<h1 class=\"title single\"><a title=\"Permalink to: PRESENTATION DU POLE OUTRE-MER LA JET\u00c9E\">PR\u00c9SENTATION DU P\u00d4LE OUTRE-MER LA JET\u00c9E<\/a><\/h1>\n<div class=\"media mg-info-author-block\">\n<div class=\"media-body\"><a href=\"http:\/\/PRESENTATION DU POLE OUTRE-MER LA JET\u00c9E\" data-wplink-url-error=\"true\">PRESENTATION DU POLE OUTRE-MER LA JET\u00c9E<\/a><\/div>\n<\/div>\n\n\n\n<figure class=\"wp-block-image size-large\"><a href=\"https:\/\/site.ac-martinique.fr\/clg-vauclin\/?p=6330\"><img loading=\"lazy\" decoding=\"async\" width=\"819\" height=\"1024\" src=\"https:\/\/site.ac-martinique.fr\/clg-vauclin\/wp-content\/uploads\/sites\/69\/2024\/02\/PHOTO-2024-02-05-16-10-14-819x1024.jpg\" alt=\"\" class=\"wp-image-6333\" srcset=\"https:\/\/site.ac-martinique.fr\/clg-vauclin\/wp-content\/uploads\/sites\/69\/2024\/02\/PHOTO-2024-02-05-16-10-14-819x1024.jpg 819w, https:\/\/site.ac-martinique.fr\/clg-vauclin\/wp-content\/uploads\/sites\/69\/2024\/02\/PHOTO-2024-02-05-16-10-14-240x300.jpg 240w, https:\/\/site.ac-martinique.fr\/clg-vauclin\/wp-content\/uploads\/sites\/69\/2024\/02\/PHOTO-2024-02-05-16-10-14-768x960.jpg 768w, https:\/\/site.ac-martinique.fr\/clg-vauclin\/wp-content\/uploads\/sites\/69\/2024\/02\/PHOTO-2024-02-05-16-10-14.jpg 1080w\" sizes=\"auto, (max-width: 819px) 100vw, 819px\" \/><\/a><\/figure>\n\n\n\n<p>&nbsp;<\/p>\n<p>&nbsp;<\/p>\n\n\n\n<p><strong>_________________________________________________________________________________________________________________________________<\/strong><\/p>\n<p><a href=\"https:\/\/site.ac-martinique.fr\/clg-vauclin\/?page_id=6295\"><em><strong>Nos \u00e9l\u00e8ves contre le harc\u00e8lement scolaire<\/strong><\/em><\/a><!--more--><\/p>\n\n\n","protected":false},"excerpt":{"rendered":"<p>\u00a0 REMERCIEMENTS JO 2024 PR\u00c9SENTATION DU P\u00d4LE OUTRE-MER LA JET\u00c9E PRESENTATION DU POLE OUTRE-MER LA JET\u00c9E &nbsp; &nbsp; _________________________________________________________________________________________________________________________________ Nos \u00e9l\u00e8ves contre le harc\u00e8lement scolaire<\/p>\n","protected":false},"author":192,"featured_media":0,"parent":0,"menu_order":0,"comment_status":"closed","ping_status":"open","template":"","meta":{"footnotes":""},"class_list":["post-439","page","type-page","status-publish","hentry"],"_links":{"self":[{"href":"https:\/\/site.ac-martinique.fr\/clg-vauclin\/index.php?rest_route=\/wp\/v2\/pages\/439","targetHints":{"allow":["GET"]}}],"collection":[{"href":"https:\/\/site.ac-martinique.fr\/clg-vauclin\/index.php?rest_route=\/wp\/v2\/pages"}],"about":[{"href":"https:\/\/site.ac-martinique.fr\/clg-vauclin\/index.php?rest_route=\/wp\/v2\/types\/page"}],"author":[{"embeddable":true,"href":"https:\/\/site.ac-martinique.fr\/clg-vauclin\/index.php?rest_route=\/wp\/v2\/users\/192"}],"replies":[{"embeddable":true,"href":"https:\/\/site.ac-martinique.fr\/clg-vauclin\/index.php?rest_route=%2Fwp%2Fv2%2Fcomments&post=439"}],"version-history":[{"count":23,"href":"https:\/\/site.ac-martinique.fr\/clg-vauclin\/index.php?rest_route=\/wp\/v2\/pages\/439\/revisions"}],"predecessor-version":[{"id":6456,"href":"https:\/\/site.ac-martinique.fr\/clg-vauclin\/index.php?rest_route=\/wp\/v2\/pages\/439\/revisions\/6456"}],"wp:attachment":[{"href":"https:\/\/site.ac-martinique.fr\/clg-vauclin\/index.php?rest_route=%2Fwp%2Fv2%2Fmedia&parent=439"}],"curies":[{"name":"wp","href":"https:\/\/api.w.org\/{rel}","templated":true}]}}