{"id":443,"date":"2011-10-31T18:10:58","date_gmt":"2011-10-31T17:10:58","guid":{"rendered":"http:\/\/webdesign360.fr\/WordPressTest\/?page_id=61"},"modified":"2018-10-02T19:55:31","modified_gmt":"2018-10-02T19:55:31","slug":"le-foyer-socio-educatif","status":"publish","type":"page","link":"https:\/\/site.ac-martinique.fr\/clg-vauclin\/?page_id=443","title":{"rendered":"Le Foyer Socio-\u00c9ducatif"},"content":{"rendered":"<p style=\"text-align: justify\"><span style=\"font-size: small\"><strong><img loading=\"lazy\" decoding=\"async\" title=\"Article0000\" src=\"\/clg-vauclin\/wp-content\/uploads\/sites\/69\/2012\/03\/Article0000.jpg\" alt=\"\" width=\"640\" height=\"31\" \/><\/strong>Le foyer socio-\u00e9ducatif du coll\u00e8ge est avant tout <strong>un lieu de vie et d&#8217;\u00e9changes.<\/strong> Il propose tout le long de l&#8217;ann\u00e9e diff\u00e9rentes activit\u00e9s <strong>anim\u00e9es par des volontaires <\/strong>: assistants d&#8217;\u00e9ducation, \u00e9l\u00e8ves ou enseignants.<\/span><\/p>\n<h5 style=\"font-variant: normal;text-align: justify\"><span style=\"font-size: medium\"><strong>La composition:<\/strong><\/span><\/h5>\n<p>Pr\u00e9sident: Mme MAREM<\/p>\n<h5 style=\"font-variant: normal;text-align: justify\"><span style=\"font-size: medium\"><strong>Les activit\u00e9s<\/strong>:<\/span><\/h5>\n<p style=\"text-align: justify\"><strong><img loading=\"lazy\" decoding=\"async\" title=\"Article0000\" src=\"\/clg-vauclin\/wp-content\/uploads\/sites\/69\/2012\/03\/Article0000.jpg\" alt=\"\" width=\"640\" height=\"31\" \/><\/strong><\/p>\n<div><strong style=\"line-height: 24px;font-size: medium;text-align: justify\"><br \/>\n<\/strong><\/div>\n<div><strong style=\"line-height: 24px;font-size: medium;text-align: justify\"><br \/>\n<\/strong><\/div>\n","protected":false},"excerpt":{"rendered":"<p>Le foyer socio-\u00e9ducatif du coll\u00e8ge est avant tout un lieu de vie et d&#8217;\u00e9changes. Il propose tout le long de l&#8217;ann\u00e9e diff\u00e9rentes activit\u00e9s anim\u00e9es par des volontaires : assistants d&#8217;\u00e9ducation, \u00e9l\u00e8ves ou enseignants. La composition: Pr\u00e9sident: Mme MAREM Les activit\u00e9s:<\/p>\n","protected":false},"author":192,"featured_media":0,"parent":238,"menu_order":0,"comment_status":"closed","ping_status":"closed","template":"","meta":{"footnotes":""},"class_list":["post-443","page","type-page","status-publish","hentry"],"_links":{"self":[{"href":"https:\/\/site.ac-martinique.fr\/clg-vauclin\/index.php?rest_route=\/wp\/v2\/pages\/443","targetHints":{"allow":["GET"]}}],"collection":[{"href":"https:\/\/site.ac-martinique.fr\/clg-vauclin\/index.php?rest_route=\/wp\/v2\/pages"}],"about":[{"href":"https:\/\/site.ac-martinique.fr\/clg-vauclin\/index.php?rest_route=\/wp\/v2\/types\/page"}],"author":[{"embeddable":true,"href":"https:\/\/site.ac-martinique.fr\/clg-vauclin\/index.php?rest_route=\/wp\/v2\/users\/192"}],"replies":[{"embeddable":true,"href":"https:\/\/site.ac-martinique.fr\/clg-vauclin\/index.php?rest_route=%2Fwp%2Fv2%2Fcomments&post=443"}],"version-history":[{"count":4,"href":"https:\/\/site.ac-martinique.fr\/clg-vauclin\/index.php?rest_route=\/wp\/v2\/pages\/443\/revisions"}],"predecessor-version":[{"id":5107,"href":"https:\/\/site.ac-martinique.fr\/clg-vauclin\/index.php?rest_route=\/wp\/v2\/pages\/443\/revisions\/5107"}],"up":[{"embeddable":true,"href":"https:\/\/site.ac-martinique.fr\/clg-vauclin\/index.php?rest_route=\/wp\/v2\/pages\/238"}],"wp:attachment":[{"href":"https:\/\/site.ac-martinique.fr\/clg-vauclin\/index.php?rest_route=%2Fwp%2Fv2%2Fmedia&parent=443"}],"curies":[{"name":"wp","href":"https:\/\/api.w.org\/{rel}","templated":true}]}}