{"id":5656,"date":"2021-04-13T13:06:20","date_gmt":"2021-04-13T13:06:20","guid":{"rendered":"https:\/\/site.ac-martinique.fr\/clg-vauclin\/?page_id=5656"},"modified":"2021-10-22T17:17:27","modified_gmt":"2021-10-22T17:17:27","slug":"que-faire-en-cas-de-perte-de-mot-de-passe-pronote","status":"publish","type":"page","link":"https:\/\/site.ac-martinique.fr\/clg-vauclin\/?page_id=5656","title":{"rendered":"Que faire en cas de perte de mot de passe Pronote ?"},"content":{"rendered":"\n<h2>Que faire en cas de perte du mot de passe de votre enfant ?<\/h2>\n<p>La vid\u00e9o ci-dessous vous explique comment modifier le mot de passe de votre enfant depuis votre espace parent.<\/p>\n<p>Si vous n&#8217;arrivez pas \u00e0 modifier le mot de passe de votre enfant depuis votre espace, vous pouvez remplir le formulaire en <a href=\"https:\/\/muz00dg859u.typeform.com\/to\/T2eXTbXG\">cliquant ici<\/a> pour que l&#8217;AED Tice du coll\u00e8ge le modifie pour vous.<\/p>\n<p><strong>La solution montrant comment modifier le mot de passe de votre enfant gr\u00e2ce \u00e0 l&#8217;adresse mail ne s&#8217;applique pas au coll\u00e8ge.<\/strong><\/p>\n\n\n\n<figure class=\"wp-block-embed is-type-video is-provider-vimeo wp-block-embed-vimeo wp-embed-aspect-16-9 wp-has-aspect-ratio\"><div class=\"wp-block-embed__wrapper\">\nhttps:\/\/vimeo.com\/399891542\n<\/div><figcaption><a href=\"https:\/\/www.index-education.com\/fr\/faq-pronote-single-743-mon-enfant-a-perdu-son-mot-de-passe-que-faire-.php\">https:\/\/www.index-education.com\/fr\/faq-pronote-single-743-mon-enfant-a-perdu-son-mot-de-passe-que-faire-.php<\/a><\/figcaption><\/figure>\n\n\n\n<h2>Que faire en cas de perte de votre mot de passe pronote ?<\/h2>\n<p>La vid\u00e9o ci-dessous vous explique comment modifier votre mot de passe en recevant le mail vous permettant de le faire.<\/p>\n<p>Si cette solution ne fonctionne pas pour vous , vous pouvez remplir le formulaire en <a href=\"https:\/\/muz00dg859u.typeform.com\/to\/T2eXTbXG\">cliquant ici<\/a> pour que l&#8217;AED Tice du coll\u00e8ge le modifie pour vous.<\/p>\n<p>https:\/\/vimeo.com\/399213083<\/p>\n\n\n\n<p><strong>Vous pouvez dans les deux cas envoyer un mail \u00e0 l&#8217;adresse mail \u00e0 l&#8217;AED TICE du coll\u00e8ge <a href=\"mailto:sullivan.joannes-elizabeth1@ac-martinique.fr\">sullivan.joannes-elizabeth1@ac-martinique.fr<\/a><\/strong>, <strong>avec en copie le secretariat du coll\u00e8ge <a href=\"mailto:ce.9720031b@ac-martinique.fr\">ce.9720031b@ac-martinique.fr<\/a> avec votre demande pour que l&#8217;AED Tice du coll\u00e8ge le modifie pour vous.<\/strong><\/p>\n\n\n","protected":false},"excerpt":{"rendered":"<p>Que faire en cas de perte du mot de passe de votre enfant ? La vid\u00e9o ci-dessous vous explique comment modifier le mot de passe de votre enfant depuis votre espace parent. Si vous n&#8217;arrivez pas \u00e0 modifier le mot de passe de votre enfant depuis votre espace, vous pouvez remplir le formulaire en cliquant [&hellip;]<\/p>\n","protected":false},"author":192,"featured_media":0,"parent":0,"menu_order":0,"comment_status":"closed","ping_status":"closed","template":"","meta":{"footnotes":""},"class_list":["post-5656","page","type-page","status-publish","hentry"],"_links":{"self":[{"href":"https:\/\/site.ac-martinique.fr\/clg-vauclin\/index.php?rest_route=\/wp\/v2\/pages\/5656","targetHints":{"allow":["GET"]}}],"collection":[{"href":"https:\/\/site.ac-martinique.fr\/clg-vauclin\/index.php?rest_route=\/wp\/v2\/pages"}],"about":[{"href":"https:\/\/site.ac-martinique.fr\/clg-vauclin\/index.php?rest_route=\/wp\/v2\/types\/page"}],"author":[{"embeddable":true,"href":"https:\/\/site.ac-martinique.fr\/clg-vauclin\/index.php?rest_route=\/wp\/v2\/users\/192"}],"replies":[{"embeddable":true,"href":"https:\/\/site.ac-martinique.fr\/clg-vauclin\/index.php?rest_route=%2Fwp%2Fv2%2Fcomments&post=5656"}],"version-history":[{"count":5,"href":"https:\/\/site.ac-martinique.fr\/clg-vauclin\/index.php?rest_route=\/wp\/v2\/pages\/5656\/revisions"}],"predecessor-version":[{"id":5798,"href":"https:\/\/site.ac-martinique.fr\/clg-vauclin\/index.php?rest_route=\/wp\/v2\/pages\/5656\/revisions\/5798"}],"wp:attachment":[{"href":"https:\/\/site.ac-martinique.fr\/clg-vauclin\/index.php?rest_route=%2Fwp%2Fv2%2Fmedia&parent=5656"}],"curies":[{"name":"wp","href":"https:\/\/api.w.org\/{rel}","templated":true}]}}