{"id":5684,"date":"2021-05-31T11:31:15","date_gmt":"2021-05-31T11:31:15","guid":{"rendered":"https:\/\/site.ac-martinique.fr\/clg-vauclin\/?page_id=5684"},"modified":"2021-05-31T11:31:15","modified_gmt":"2021-05-31T11:31:15","slug":"liens-pedagogiques","status":"publish","type":"page","link":"https:\/\/site.ac-martinique.fr\/clg-vauclin\/?page_id=5684","title":{"rendered":"Liens p\u00e9dagogiques"},"content":{"rendered":"\n<h2>Le site logiciel \u00e9ducatif.fr<\/h2>\n<p>Le site logicieleducatif.fr a pour objectif d&#8217;aider les \u00e9l\u00e8ves dans leurs apprentissages scolaires, gr\u00e2ce \u00e0 des jeux \u00e9ducatifs. Les jeux sont jouables en ligne, ils sont tous gratuits et aucune installation ni inscription n&#8217;est n\u00e9cessaire. Tous les jeux ont \u00e9t\u00e9 con\u00e7us par un enseignant sp\u00e9cialis\u00e9 et formateur TUIC (Technique Usuelle de l&#8217;Information et de la Communication). D&#8217;autres enseignants (et techniciens) apportent r\u00e9guli\u00e8rement leur contribution&#8230;.<\/p>\n<p><a href=\"https:\/\/www.logicieleducatif.fr\/\">Acc\u00e9der au site<\/a><\/p>\n\n\n\n<h2>La classe d&#8217;histoire de madame Tordeux<\/h2>\n<p>Le site la classe d&#8217;histoire de madame Tordeux a pour objectif d&#8217;aider les \u00e9l\u00e8ves dans leurs apprentissages de l&#8217;histoire.<\/p>\n<p><a href=\"https:\/\/laclassedetordeux972.wordpress.com\/\">Acc\u00e9der au site<\/a><\/p>\n","protected":false},"excerpt":{"rendered":"<p>Le site logiciel \u00e9ducatif.fr Le site logicieleducatif.fr a pour objectif d&#8217;aider les \u00e9l\u00e8ves dans leurs apprentissages scolaires, gr\u00e2ce \u00e0 des jeux \u00e9ducatifs. Les jeux sont jouables en ligne, ils sont tous gratuits et aucune installation ni inscription n&#8217;est n\u00e9cessaire. Tous les jeux ont \u00e9t\u00e9 con\u00e7us par un enseignant sp\u00e9cialis\u00e9 et formateur TUIC (Technique Usuelle de [&hellip;]<\/p>\n","protected":false},"author":192,"featured_media":0,"parent":0,"menu_order":0,"comment_status":"closed","ping_status":"closed","template":"","meta":{"footnotes":""},"class_list":["post-5684","page","type-page","status-publish","hentry"],"_links":{"self":[{"href":"https:\/\/site.ac-martinique.fr\/clg-vauclin\/index.php?rest_route=\/wp\/v2\/pages\/5684","targetHints":{"allow":["GET"]}}],"collection":[{"href":"https:\/\/site.ac-martinique.fr\/clg-vauclin\/index.php?rest_route=\/wp\/v2\/pages"}],"about":[{"href":"https:\/\/site.ac-martinique.fr\/clg-vauclin\/index.php?rest_route=\/wp\/v2\/types\/page"}],"author":[{"embeddable":true,"href":"https:\/\/site.ac-martinique.fr\/clg-vauclin\/index.php?rest_route=\/wp\/v2\/users\/192"}],"replies":[{"embeddable":true,"href":"https:\/\/site.ac-martinique.fr\/clg-vauclin\/index.php?rest_route=%2Fwp%2Fv2%2Fcomments&post=5684"}],"version-history":[{"count":1,"href":"https:\/\/site.ac-martinique.fr\/clg-vauclin\/index.php?rest_route=\/wp\/v2\/pages\/5684\/revisions"}],"predecessor-version":[{"id":5685,"href":"https:\/\/site.ac-martinique.fr\/clg-vauclin\/index.php?rest_route=\/wp\/v2\/pages\/5684\/revisions\/5685"}],"wp:attachment":[{"href":"https:\/\/site.ac-martinique.fr\/clg-vauclin\/index.php?rest_route=%2Fwp%2Fv2%2Fmedia&parent=5684"}],"curies":[{"name":"wp","href":"https:\/\/api.w.org\/{rel}","templated":true}]}}