{"id":6543,"date":"2025-06-18T11:52:51","date_gmt":"2025-06-18T11:52:51","guid":{"rendered":"https:\/\/site.ac-martinique.fr\/clg-vauclin\/?page_id=6543"},"modified":"2025-06-18T15:19:56","modified_gmt":"2025-06-18T15:19:56","slug":"inscription-reinscription-2025-2026","status":"publish","type":"page","link":"https:\/\/site.ac-martinique.fr\/clg-vauclin\/?page_id=6543","title":{"rendered":"INSCRIPTION &#038; REINSCRIPTION 2025-2026"},"content":{"rendered":"\n<div data-wp-interactive=\"core\/file\" class=\"wp-block-file\"><object data-wp-bind--hidden=\"!state.hasPdfPreview\" hidden class=\"wp-block-file__embed\" data=\"https:\/\/site.ac-martinique.fr\/clg-vauclin\/wp-content\/uploads\/sites\/69\/2025\/06\/Planning-inscription-et-reinscription-2025-2026.pdf\" type=\"application\/pdf\" style=\"width:100%;height:600px\" aria-label=\"Contenu embarqu\u00e9 Planning inscription et r\u00e9inscription 2025-2026.\"><\/object><a id=\"wp-block-file--media-bac60273-2a9f-4274-b7c1-78c5b4be0e15\" href=\"https:\/\/site.ac-martinique.fr\/clg-vauclin\/wp-content\/uploads\/sites\/69\/2025\/06\/Planning-inscription-et-reinscription-2025-2026.pdf\">Planning inscription et r\u00e9inscription 2025-2026<\/a><a href=\"https:\/\/site.ac-martinique.fr\/clg-vauclin\/wp-content\/uploads\/sites\/69\/2025\/06\/Planning-inscription-et-reinscription-2025-2026.pdf\" class=\"wp-block-file__button wp-element-button\" download aria-describedby=\"wp-block-file--media-bac60273-2a9f-4274-b7c1-78c5b4be0e15\">T\u00e9l\u00e9charger<\/a><\/div>\n\n\n\n<p>\u00a0<\/p>\n<p><a href=\"https:\/\/site.ac-martinique.fr\/clg-vauclin\/?page_id=6547\">Liste materiel 6\u00e8me<\/a><\/p>\n\n\n\n<p><a href=\"https:\/\/site.ac-martinique.fr\/clg-vauclin\/?page_id=6548\">Liste materiel 5\u00e8me<\/a><\/p>\n\n\n\n<p><a href=\"https:\/\/site.ac-martinique.fr\/clg-vauclin\/?page_id=6549\">Liste materiel 4\u00e8me<\/a><\/p>\n\n\n\n<p><a href=\"https:\/\/site.ac-martinique.fr\/clg-vauclin\/?page_id=6550\">Liste materiel 3\u00e8me<\/a><\/p>\n\n\n","protected":false},"excerpt":{"rendered":"<p>\u00a0 Liste materiel 6\u00e8me Liste materiel 5\u00e8me Liste materiel 4\u00e8me Liste materiel 3\u00e8me<\/p>\n","protected":false},"author":319,"featured_media":6578,"parent":0,"menu_order":0,"comment_status":"closed","ping_status":"closed","template":"","meta":{"footnotes":""},"class_list":["post-6543","page","type-page","status-publish","has-post-thumbnail","hentry"],"_links":{"self":[{"href":"https:\/\/site.ac-martinique.fr\/clg-vauclin\/index.php?rest_route=\/wp\/v2\/pages\/6543","targetHints":{"allow":["GET"]}}],"collection":[{"href":"https:\/\/site.ac-martinique.fr\/clg-vauclin\/index.php?rest_route=\/wp\/v2\/pages"}],"about":[{"href":"https:\/\/site.ac-martinique.fr\/clg-vauclin\/index.php?rest_route=\/wp\/v2\/types\/page"}],"author":[{"embeddable":true,"href":"https:\/\/site.ac-martinique.fr\/clg-vauclin\/index.php?rest_route=\/wp\/v2\/users\/319"}],"replies":[{"embeddable":true,"href":"https:\/\/site.ac-martinique.fr\/clg-vauclin\/index.php?rest_route=%2Fwp%2Fv2%2Fcomments&post=6543"}],"version-history":[{"count":2,"href":"https:\/\/site.ac-martinique.fr\/clg-vauclin\/index.php?rest_route=\/wp\/v2\/pages\/6543\/revisions"}],"predecessor-version":[{"id":6562,"href":"https:\/\/site.ac-martinique.fr\/clg-vauclin\/index.php?rest_route=\/wp\/v2\/pages\/6543\/revisions\/6562"}],"wp:featuredmedia":[{"embeddable":true,"href":"https:\/\/site.ac-martinique.fr\/clg-vauclin\/index.php?rest_route=\/wp\/v2\/media\/6578"}],"wp:attachment":[{"href":"https:\/\/site.ac-martinique.fr\/clg-vauclin\/index.php?rest_route=%2Fwp%2Fv2%2Fmedia&parent=6543"}],"curies":[{"name":"wp","href":"https:\/\/api.w.org\/{rel}","templated":true}]}}