{"id":872,"date":"2012-07-02T18:04:17","date_gmt":"2012-07-02T18:04:17","guid":{"rendered":"http:\/\/site.ac-martinique.fr\/lgtfrantzfanon\/?page_id=872"},"modified":"2018-10-02T19:50:35","modified_gmt":"2018-10-02T19:50:35","slug":"presentation","status":"publish","type":"page","link":"https:\/\/site.ac-martinique.fr\/clg-vauclin\/?page_id=872","title":{"rendered":"Pr\u00e9sentation Psy-En"},"content":{"rendered":"<p style=\"text-align: justify\"><span style=\"font-size: large\"><span style=\"color: #0000ff;font-family: comic sans ms,sans-serif\">Le psychologue de l&#8217;\u00e9ducation nationale (Psy-En) intervient aupr\u00e8s des jeunes et de leurs familles pour les accompagner dans la construction de leurs projets d\u2019\u00e9tudes et de m\u00e9tiers.<\/span><\/span><\/p>\n<p style=\"text-align: justify\"><span style=\"font-size: large;color: #0000ff;font-family: comic sans ms,sans-serif\">Le psychologue de l&#8217;\u00e9ducation nationale intervient \u00e0 deux niveaux\u00a0:<\/span><\/p>\n<p style=\"text-align: justify\"><span style=\"font-size: large;color: #0000ff;font-family: comic sans ms,sans-serif\">* <span style=\"text-decoration: underline\">Au niveau collectif<\/span>, il anime des s\u00e9ances d\u2019information sur l\u2019orientation.<\/span><\/p>\n<p style=\"text-align: justify\"><span style=\"font-size: large;color: #0000ff;font-family: comic sans ms,sans-serif\">* <span style=\"text-decoration: underline\">Au niveau individuel<\/span>, il re\u00e7oit sur rendez-vous les jeunes et\/ou leurs familles pour des entretiens d\u2019aide et de conseil en orientation au CIO du Marin. <\/span><\/p>\n<p style=\"text-align: justify\"><span style=\"font-size: large;color: #0000ff;font-family: comic sans ms,sans-serif\">Au coll\u00e8ge, il re\u00e7oit le lundi avec ou sans rendez vous.\u00a0Un cahier de rendez vous est disponible au bureau de la vie scolaire.\u00a0<\/span><\/p>\n<p align=\"center\">\n<p align=\"center\">\n","protected":false},"excerpt":{"rendered":"<p>Le psychologue de l&#8217;\u00e9ducation nationale (Psy-En) intervient aupr\u00e8s des jeunes et de leurs familles pour les accompagner dans la construction de leurs projets d\u2019\u00e9tudes et de m\u00e9tiers. Le psychologue de l&#8217;\u00e9ducation nationale intervient \u00e0 deux niveaux\u00a0: * Au niveau collectif, il anime des s\u00e9ances d\u2019information sur l\u2019orientation. * Au niveau individuel, il re\u00e7oit sur rendez-vous [&hellip;]<\/p>\n","protected":false},"author":192,"featured_media":0,"parent":236,"menu_order":0,"comment_status":"closed","ping_status":"closed","template":"","meta":{"footnotes":""},"class_list":["post-872","page","type-page","status-publish","hentry"],"_links":{"self":[{"href":"https:\/\/site.ac-martinique.fr\/clg-vauclin\/index.php?rest_route=\/wp\/v2\/pages\/872","targetHints":{"allow":["GET"]}}],"collection":[{"href":"https:\/\/site.ac-martinique.fr\/clg-vauclin\/index.php?rest_route=\/wp\/v2\/pages"}],"about":[{"href":"https:\/\/site.ac-martinique.fr\/clg-vauclin\/index.php?rest_route=\/wp\/v2\/types\/page"}],"author":[{"embeddable":true,"href":"https:\/\/site.ac-martinique.fr\/clg-vauclin\/index.php?rest_route=\/wp\/v2\/users\/192"}],"replies":[{"embeddable":true,"href":"https:\/\/site.ac-martinique.fr\/clg-vauclin\/index.php?rest_route=%2Fwp%2Fv2%2Fcomments&post=872"}],"version-history":[{"count":4,"href":"https:\/\/site.ac-martinique.fr\/clg-vauclin\/index.php?rest_route=\/wp\/v2\/pages\/872\/revisions"}],"predecessor-version":[{"id":5103,"href":"https:\/\/site.ac-martinique.fr\/clg-vauclin\/index.php?rest_route=\/wp\/v2\/pages\/872\/revisions\/5103"}],"up":[{"embeddable":true,"href":"https:\/\/site.ac-martinique.fr\/clg-vauclin\/index.php?rest_route=\/wp\/v2\/pages\/236"}],"wp:attachment":[{"href":"https:\/\/site.ac-martinique.fr\/clg-vauclin\/index.php?rest_route=%2Fwp%2Fv2%2Fmedia&parent=872"}],"curies":[{"name":"wp","href":"https:\/\/api.w.org\/{rel}","templated":true}]}}