{"id":184,"date":"2013-05-17T15:28:41","date_gmt":"2013-05-17T15:28:41","guid":{"rendered":"https:\/\/site.ac-martinique.fr\/clg-vincentplacoly\/?page_id=184"},"modified":"2025-02-12T08:50:16","modified_gmt":"2025-02-12T12:50:16","slug":"histoiregeographieeducation-civique","status":"publish","type":"page","link":"https:\/\/site.ac-martinique.fr\/clg-vincentplacoly\/?page_id=184","title":{"rendered":"Jeux geographique.com"},"content":{"rendered":"<ul>\n<li><a href=\"http:\/\/www.jeux-geographiques.com\/\" target=\"_blank\"><img loading=\"lazy\" decoding=\"async\" class=\"alignnone  wp-image-514\" title=\"jeuxgeographie\" src=\"\/clg-vincentplacoly\/wp-content\/uploads\/sites\/79\/2013\/05\/jeuxgeographie.jpg\" alt=\"\" width=\"188\" height=\"31\" srcset=\"https:\/\/site.ac-martinique.fr\/clg-vincentplacoly\/wp-content\/uploads\/sites\/79\/2013\/05\/jeuxgeographie.jpg 381w, https:\/\/site.ac-martinique.fr\/clg-vincentplacoly\/wp-content\/uploads\/sites\/79\/2013\/05\/jeuxgeographie-300x49.jpg 300w\" sizes=\"auto, (max-width: 188px) 100vw, 188px\" \/><\/a>\u00a0 est un site \u00e0 90% gratuit ,propose de mesurer ses connaissances et sa rapidit\u00e9 en G\u00e9ographie (politique, administrative, physique&#8230;), sur des th\u00e8mes aussi vari\u00e9s que les villes et les d\u00e9partements fran\u00e7ais, les villes de M\u00e9diterran\u00e9e, les fleuves d&rsquo;Europe, les pays de l&rsquo;ensemble du monde, les capitales et les drapeaux, le tout en plusieurs niveaux de difficult\u00e9.<\/li>\n<\/ul>\n<p>En voici un exemple <a href=\"http:\/\/www.jeux-geographiques.com\/jeux-en-ligne-Jeu-Villes-d-Europe-_pageid44.html\" title=\"Jeu : Villes d'Europe\"><img decoding=\"async\" src=\"http:\/\/www.jeux-geographiques.com\/images\/stories\/jeux\/jeux_t_eur.jpg\" border=\"0\" alt=\" Villes d'Europe\"\/><\/a><\/p>\n\n\n<p><\/p>\n","protected":false},"excerpt":{"rendered":"<p>\u00a0 est un site \u00e0 90% gratuit ,propose de mesurer ses connaissances et sa rapidit\u00e9 en G\u00e9ographie (politique, administrative, physique&#8230;), sur des th\u00e8mes aussi vari\u00e9s que les villes et les d\u00e9partements fran\u00e7ais, les villes de M\u00e9diterran\u00e9e, les fleuves d&rsquo;Europe, les pays de l&rsquo;ensemble du monde, les capitales et les drapeaux, le tout en plusieurs niveaux [&hellip;]<\/p>\n","protected":false},"author":552,"featured_media":0,"parent":155,"menu_order":2,"comment_status":"closed","ping_status":"closed","template":"","meta":{"footnotes":""},"class_list":["post-184","page","type-page","status-publish","hentry"],"_links":{"self":[{"href":"https:\/\/site.ac-martinique.fr\/clg-vincentplacoly\/index.php?rest_route=\/wp\/v2\/pages\/184","targetHints":{"allow":["GET"]}}],"collection":[{"href":"https:\/\/site.ac-martinique.fr\/clg-vincentplacoly\/index.php?rest_route=\/wp\/v2\/pages"}],"about":[{"href":"https:\/\/site.ac-martinique.fr\/clg-vincentplacoly\/index.php?rest_route=\/wp\/v2\/types\/page"}],"author":[{"embeddable":true,"href":"https:\/\/site.ac-martinique.fr\/clg-vincentplacoly\/index.php?rest_route=\/wp\/v2\/users\/552"}],"replies":[{"embeddable":true,"href":"https:\/\/site.ac-martinique.fr\/clg-vincentplacoly\/index.php?rest_route=%2Fwp%2Fv2%2Fcomments&post=184"}],"version-history":[{"count":12,"href":"https:\/\/site.ac-martinique.fr\/clg-vincentplacoly\/index.php?rest_route=\/wp\/v2\/pages\/184\/revisions"}],"predecessor-version":[{"id":2916,"href":"https:\/\/site.ac-martinique.fr\/clg-vincentplacoly\/index.php?rest_route=\/wp\/v2\/pages\/184\/revisions\/2916"}],"up":[{"embeddable":true,"href":"https:\/\/site.ac-martinique.fr\/clg-vincentplacoly\/index.php?rest_route=\/wp\/v2\/pages\/155"}],"wp:attachment":[{"href":"https:\/\/site.ac-martinique.fr\/clg-vincentplacoly\/index.php?rest_route=%2Fwp%2Fv2%2Fmedia&parent=184"}],"curies":[{"name":"wp","href":"https:\/\/api.w.org\/{rel}","templated":true}]}}