{"id":22,"date":"2013-05-06T12:25:06","date_gmt":"2013-05-06T12:25:06","guid":{"rendered":"https:\/\/site.ac-martinique.fr\/clg-vincentplacoly\/?page_id=22"},"modified":"2016-09-20T10:50:14","modified_gmt":"2016-09-20T14:50:14","slug":"nous-contacter","status":"publish","type":"page","link":"https:\/\/site.ac-martinique.fr\/clg-vincentplacoly\/?page_id=22","title":{"rendered":"Nous contacter"},"content":{"rendered":"<p>Assistant TICE: <a title=\"mailto:ce.9720455m@ac-martinique.fr\" href=\"mailto:ce.9720455m@ac-martinique.fr\">ce.9720455m@ac-martinique.fr<\/a><\/p>\n<p>Coll\u00e8ge Vincent Placoly<br \/>\n2, Route de l&rsquo;universit\u00e9<br \/>\n97233 SCHOELCHER<br \/>\nMARTINIQUE<br \/>\nT\u00e9l : 05.96.61.24.28<br \/>\nFax : 05.96.61.69.84<\/p>\n","protected":false},"excerpt":{"rendered":"<p>Assistant TICE: ce.9720455m@ac-martinique.fr Coll\u00e8ge Vincent Placoly 2, Route de l&rsquo;universit\u00e9 97233 SCHOELCHER MARTINIQUE T\u00e9l : 05.96.61.24.28 Fax : 05.96.61.69.84<\/p>\n","protected":false},"author":1539,"featured_media":0,"parent":0,"menu_order":5,"comment_status":"closed","ping_status":"closed","template":"","meta":{"footnotes":""},"class_list":["post-22","page","type-page","status-publish","hentry"],"_links":{"self":[{"href":"https:\/\/site.ac-martinique.fr\/clg-vincentplacoly\/index.php?rest_route=\/wp\/v2\/pages\/22","targetHints":{"allow":["GET"]}}],"collection":[{"href":"https:\/\/site.ac-martinique.fr\/clg-vincentplacoly\/index.php?rest_route=\/wp\/v2\/pages"}],"about":[{"href":"https:\/\/site.ac-martinique.fr\/clg-vincentplacoly\/index.php?rest_route=\/wp\/v2\/types\/page"}],"author":[{"embeddable":true,"href":"https:\/\/site.ac-martinique.fr\/clg-vincentplacoly\/index.php?rest_route=\/wp\/v2\/users\/1539"}],"replies":[{"embeddable":true,"href":"https:\/\/site.ac-martinique.fr\/clg-vincentplacoly\/index.php?rest_route=%2Fwp%2Fv2%2Fcomments&post=22"}],"version-history":[{"count":26,"href":"https:\/\/site.ac-martinique.fr\/clg-vincentplacoly\/index.php?rest_route=\/wp\/v2\/pages\/22\/revisions"}],"predecessor-version":[{"id":1000,"href":"https:\/\/site.ac-martinique.fr\/clg-vincentplacoly\/index.php?rest_route=\/wp\/v2\/pages\/22\/revisions\/1000"}],"wp:attachment":[{"href":"https:\/\/site.ac-martinique.fr\/clg-vincentplacoly\/index.php?rest_route=%2Fwp%2Fv2%2Fmedia&parent=22"}],"curies":[{"name":"wp","href":"https:\/\/api.w.org\/{rel}","templated":true}]}}