{"id":2472,"date":"2023-03-02T12:41:36","date_gmt":"2023-03-02T16:41:36","guid":{"rendered":"https:\/\/site.ac-martinique.fr\/clg-vincentplacoly\/?page_id=2472"},"modified":"2023-03-02T15:48:40","modified_gmt":"2023-03-02T19:48:40","slug":"le-projet-de-notre-section-gymacro-en-quelques-diapositives","status":"publish","type":"page","link":"https:\/\/site.ac-martinique.fr\/clg-vincentplacoly\/?page_id=2472","title":{"rendered":"Le Projet de notre Section GymAcro en quelques diapositives"},"content":{"rendered":"\n<div data-wp-interactive=\"core\/file\" class=\"wp-block-file\"><object data-wp-bind--hidden=\"!state.hasPdfPreview\" hidden class=\"wp-block-file__embed\" data=\"https:\/\/site.ac-martinique.fr\/clg-vincentplacoly\/wp-content\/uploads\/sites\/79\/2023\/03\/CA-CHAMPIONNAT-DE-France-UNSS-GYMACRO-2023-1.pdf\" type=\"application\/pdf\" style=\"width:100%;height:530px\" aria-label=\"PDF embarqu\u00e9\"><\/object><\/div>\n\n\n\n<div class=\"alignnormal\"><div id=\"metaslider-id-2500\" style=\"width: 100%; margin: 0 auto;\" class=\"ml-slider-3-109-0 metaslider metaslider-flex metaslider-2500 ml-slider has-dots-nav ms-theme-default\" role=\"region\" aria-label=\"Nouveau diaporama\" data-height=\"1000\" data-width=\"1000\">\n    <div id=\"metaslider_container_2500\">\n        <div id=\"metaslider_2500\">\n            <ul class='slides'>\n                <li style=\"display: block; width: 100%;\" class=\"slide-2501 ms-image \" aria-roledescription=\"slide\" data-date=\"2023-03-02 14:12:04\" data-filename=\"Arogym1-1000x1000.jpg\" data-slide-type=\"image\"><img loading=\"lazy\" decoding=\"async\" src=\"https:\/\/site.ac-martinique.fr\/clg-vincentplacoly\/wp-content\/uploads\/sites\/79\/2023\/02\/Arogym1-1000x1000.jpg\" height=\"1000\" width=\"1000\" alt=\"\" class=\"slider-2500 slide-2501 msDefaultImage\" title=\"Arogym1\" \/><\/li>\n                <li style=\"display: none; width: 100%;\" class=\"slide-2502 ms-image \" aria-roledescription=\"slide\" data-date=\"2023-03-02 14:12:04\" data-filename=\"Arogym6-899x899.jpg\" data-slide-type=\"image\"><img loading=\"lazy\" decoding=\"async\" src=\"https:\/\/site.ac-martinique.fr\/clg-vincentplacoly\/wp-content\/uploads\/sites\/79\/2023\/02\/Arogym6-899x899.jpg\" height=\"1000\" width=\"1000\" alt=\"\" class=\"slider-2500 slide-2502 msDefaultImage\" title=\"Arogym6\" \/><\/li>\n                <li style=\"display: none; width: 100%;\" class=\"slide-2503 ms-image \" aria-roledescription=\"slide\" data-date=\"2023-03-02 14:12:04\" data-filename=\"Arogym5-899x899.jpg\" data-slide-type=\"image\"><img loading=\"lazy\" decoding=\"async\" src=\"https:\/\/site.ac-martinique.fr\/clg-vincentplacoly\/wp-content\/uploads\/sites\/79\/2023\/02\/Arogym5-899x899.jpg\" height=\"1000\" width=\"1000\" alt=\"\" class=\"slider-2500 slide-2503 msDefaultImage\" title=\"Arogym5\" \/><\/li>\n                <li style=\"display: none; width: 100%;\" class=\"slide-2504 ms-image \" aria-roledescription=\"slide\" data-date=\"2023-03-02 14:12:04\" data-filename=\"Arogym4-899x899.jpg\" data-slide-type=\"image\"><img loading=\"lazy\" decoding=\"async\" src=\"https:\/\/site.ac-martinique.fr\/clg-vincentplacoly\/wp-content\/uploads\/sites\/79\/2023\/02\/Arogym4-899x899.jpg\" height=\"1000\" width=\"1000\" alt=\"\" class=\"slider-2500 slide-2504 msDefaultImage\" title=\"Arogym4\" \/><\/li>\n                <li style=\"display: none; width: 100%;\" class=\"slide-2505 ms-image \" aria-roledescription=\"slide\" data-date=\"2023-03-02 14:12:04\" data-filename=\"Arogym3-899x899.jpg\" data-slide-type=\"image\"><img loading=\"lazy\" decoding=\"async\" src=\"https:\/\/site.ac-martinique.fr\/clg-vincentplacoly\/wp-content\/uploads\/sites\/79\/2023\/02\/Arogym3-899x899.jpg\" height=\"1000\" width=\"1000\" alt=\"\" class=\"slider-2500 slide-2505 msDefaultImage\" title=\"Arogym3\" \/><\/li>\n                <li style=\"display: none; width: 100%;\" class=\"slide-2506 ms-image \" aria-roledescription=\"slide\" data-date=\"2023-03-02 14:12:04\" data-filename=\"Arogym2-1000x1000.jpg\" data-slide-type=\"image\"><img loading=\"lazy\" decoding=\"async\" src=\"https:\/\/site.ac-martinique.fr\/clg-vincentplacoly\/wp-content\/uploads\/sites\/79\/2023\/02\/Arogym2-1000x1000.jpg\" height=\"1000\" width=\"1000\" alt=\"\" class=\"slider-2500 slide-2506 msDefaultImage\" title=\"Arogym2\" \/><\/li>\n            <\/ul>\n        <\/div>\n        \n    <\/div>\n<\/div><\/div>\n\n\n\n<p class=\"has-black-color has-text-color has-medium-font-size\">Merci d&rsquo;aider nos \u00e9l\u00e8ves \u00e0 r\u00e9aliser leur r\u00eave\u2026<\/p>\n\n\n\n<p class=\"has-medium-font-size\"><a href=\"https:\/\/www.leetchi.com\/c\/championnat-de-france-de-gymacro\">https:\/\/www.leetchi.com\/c\/championnat-de-france-de-gymacro<\/a><\/p>\n","protected":false},"excerpt":{"rendered":"<p>Merci d&rsquo;aider nos \u00e9l\u00e8ves \u00e0 r\u00e9aliser leur r\u00eave\u2026 https:\/\/www.leetchi.com\/c\/championnat-de-france-de-gymacro<\/p>\n","protected":false},"author":211,"featured_media":0,"parent":0,"menu_order":0,"comment_status":"closed","ping_status":"closed","template":"","meta":{"footnotes":""},"class_list":["post-2472","page","type-page","status-publish","hentry"],"_links":{"self":[{"href":"https:\/\/site.ac-martinique.fr\/clg-vincentplacoly\/index.php?rest_route=\/wp\/v2\/pages\/2472","targetHints":{"allow":["GET"]}}],"collection":[{"href":"https:\/\/site.ac-martinique.fr\/clg-vincentplacoly\/index.php?rest_route=\/wp\/v2\/pages"}],"about":[{"href":"https:\/\/site.ac-martinique.fr\/clg-vincentplacoly\/index.php?rest_route=\/wp\/v2\/types\/page"}],"author":[{"embeddable":true,"href":"https:\/\/site.ac-martinique.fr\/clg-vincentplacoly\/index.php?rest_route=\/wp\/v2\/users\/211"}],"replies":[{"embeddable":true,"href":"https:\/\/site.ac-martinique.fr\/clg-vincentplacoly\/index.php?rest_route=%2Fwp%2Fv2%2Fcomments&post=2472"}],"version-history":[{"count":9,"href":"https:\/\/site.ac-martinique.fr\/clg-vincentplacoly\/index.php?rest_route=\/wp\/v2\/pages\/2472\/revisions"}],"predecessor-version":[{"id":2510,"href":"https:\/\/site.ac-martinique.fr\/clg-vincentplacoly\/index.php?rest_route=\/wp\/v2\/pages\/2472\/revisions\/2510"}],"wp:attachment":[{"href":"https:\/\/site.ac-martinique.fr\/clg-vincentplacoly\/index.php?rest_route=%2Fwp%2Fv2%2Fmedia&parent=2472"}],"curies":[{"name":"wp","href":"https:\/\/api.w.org\/{rel}","templated":true}]}}