{"id":95,"date":"2013-05-17T11:44:19","date_gmt":"2013-05-17T11:44:19","guid":{"rendered":"https:\/\/site.ac-martinique.fr\/clg-vincentplacoly\/?page_id=95"},"modified":"2014-01-20T15:16:26","modified_gmt":"2014-01-20T15:16:26","slug":"les-services-de-laccademie","status":"publish","type":"page","link":"https:\/\/site.ac-martinique.fr\/clg-vincentplacoly\/?page_id=95","title":{"rendered":"Les services de l&rsquo;acad\u00e9mie"},"content":{"rendered":"<ul>\n<li>L&rsquo;acad\u00e9mie Martinique propose diff\u00e9rents services en ligne, vous retrouverez ici certains de ces liens.Pour plus d&rsquo;information se rendre sur le site de l&rsquo;acad\u00e9mie :<\/li>\n<\/ul>\n<p><a href=\"http:\/\/www.ac-martinique.fr\/\"><img loading=\"lazy\" decoding=\"async\" class=\"aligncenter\" title=\"Ac-Martinique\" src=\"http:\/\/www.ac-martinique.fr\/fileadmin\/template2012\/img\/logo_academie.jpg\" alt=\"\" width=\"128\" height=\"105\" \/><\/a><\/p>\n<p>&nbsp;<\/p>\n<ul>\n<li>Les personnels de l&rsquo;acad\u00e9mie de la Martinique disposent d&rsquo;une adresse \u00e9lectronique pour un usage professionnel.<\/li>\n<\/ul>\n<p>Cette adresse est de la forme <a href=\"mailto:prenom.nom@ac-martinique.fr\"><em><strong>prenom.nom@ac-martinique.fr<\/strong><\/em><\/a><br \/>\n&#8211; Attention\u00a0: il peut y avoir des exceptions en cas d\u2019homonymie et de noms compos\u00e9s. Pour conna\u00eetre vos param\u00e8tres personnels\u00a0: il vous suffit de vous connecter \u00e0 la page suivante\u00a0:<a href=\"https:\/\/extranet.ac-martinique.fr\/change_mdp\" target=\"_blank\"><strong> https:\/\/extranet.ac-martinique.fr\/change_mdp<\/strong><\/a>\u00a0 (ou reportez-vous \u00e0 l\u2019aide en ligne depuis le site www.ac-martinique.fr)<br \/>\n&#8211; Choisir \u2018Informations personnelles\u2019 et suivre les indications. Vous devrez saisir votre NUMEN en majuscule.<br \/>\n<strong>NB :<\/strong> Le NUMEN est compos\u00e9 de 13 caract\u00e8res\u00a0.Pour connaitre votre NUMEN<strong>,<\/strong> vous devrez vous rapprocher de votre service gestionnaire\u00a0 <strong>(<\/strong><a href=\"mailto:dp@ac-martinique.fr\"><strong>dp@ac-martinique.fr<\/strong><\/a><strong>).<\/strong><\/p>\n","protected":false},"excerpt":{"rendered":"<p>L&rsquo;acad\u00e9mie Martinique propose diff\u00e9rents services en ligne, vous retrouverez ici certains de ces liens.Pour plus d&rsquo;information se rendre sur le site de l&rsquo;acad\u00e9mie : &nbsp; Les personnels de l&rsquo;acad\u00e9mie de la Martinique disposent d&rsquo;une adresse \u00e9lectronique pour un usage professionnel. Cette adresse est de la forme prenom.nom@ac-martinique.fr &#8211; Attention\u00a0: il peut y avoir des exceptions [&hellip;]<\/p>\n","protected":false},"author":211,"featured_media":0,"parent":0,"menu_order":3,"comment_status":"closed","ping_status":"closed","template":"content-sidebar-page.php","meta":{"footnotes":""},"class_list":["post-95","page","type-page","status-publish","hentry"],"_links":{"self":[{"href":"https:\/\/site.ac-martinique.fr\/clg-vincentplacoly\/index.php?rest_route=\/wp\/v2\/pages\/95","targetHints":{"allow":["GET"]}}],"collection":[{"href":"https:\/\/site.ac-martinique.fr\/clg-vincentplacoly\/index.php?rest_route=\/wp\/v2\/pages"}],"about":[{"href":"https:\/\/site.ac-martinique.fr\/clg-vincentplacoly\/index.php?rest_route=\/wp\/v2\/types\/page"}],"author":[{"embeddable":true,"href":"https:\/\/site.ac-martinique.fr\/clg-vincentplacoly\/index.php?rest_route=\/wp\/v2\/users\/211"}],"replies":[{"embeddable":true,"href":"https:\/\/site.ac-martinique.fr\/clg-vincentplacoly\/index.php?rest_route=%2Fwp%2Fv2%2Fcomments&post=95"}],"version-history":[{"count":28,"href":"https:\/\/site.ac-martinique.fr\/clg-vincentplacoly\/index.php?rest_route=\/wp\/v2\/pages\/95\/revisions"}],"predecessor-version":[{"id":112,"href":"https:\/\/site.ac-martinique.fr\/clg-vincentplacoly\/index.php?rest_route=\/wp\/v2\/pages\/95\/revisions\/112"}],"wp:attachment":[{"href":"https:\/\/site.ac-martinique.fr\/clg-vincentplacoly\/index.php?rest_route=%2Fwp%2Fv2%2Fmedia&parent=95"}],"curies":[{"name":"wp","href":"https:\/\/api.w.org\/{rel}","templated":true}]}}