{"id":132,"date":"2021-11-09T17:56:30","date_gmt":"2021-11-09T21:56:30","guid":{"rendered":"https:\/\/site.ac-martinique.fr\/creole\/?page_id=132"},"modified":"2021-11-09T20:49:17","modified_gmt":"2021-11-10T00:49:17","slug":"utiliser-une-fiche-pix","status":"publish","type":"page","link":"https:\/\/site.ac-martinique.fr\/creole\/?page_id=132","title":{"rendered":"Utiliser une fiche PIX"},"content":{"rendered":"\n<h3 class=\"wp-block-heading\">Contribuer \u00e0 l&rsquo;\u00e9valuation des comp\u00e9tences num\u00e9riques sur la plateforme PIX<\/h3>\n\n\n\n<p>La fiche PIX \u00e9dit\u00e9e par Mme BERNARD, IAN Langues vivantes, en f\u00e9vrier 2021, permet de recenser les comp\u00e9tences num\u00e9riques du CRCN pratiqu\u00e9es pendant une s\u00e9ance et de contribuer \u00e0 l&rsquo;entra\u00eenement des \u00e9l\u00e8ves. <\/p>\n\n\n\n<h4 class=\"wp-block-heading\">Fiche PIX vierge \u00e0 compl\u00e9ter<\/h4>\n\n\n<div class=\"ead-preview\"><div class=\"ead-document\" style=\"position: relative;padding-top: 90%\"><div class=\"ead-iframe-wrapper\"><iframe src=\"\/\/docs.google.com\/viewer?url=https%3A%2F%2Fsite.ac-martinique.fr%2Fcreole%2Fwp-content%2Fuploads%2Fsites%2F93%2F2021%2F11%2FFiche-PIX.pdf&amp;embedded=true&amp;hl=en\" title=\"Document embarqu\u00e9\" class=\"ead-iframe\" style=\"width: 100%;height: 100%;border: none;position: absolute;left: 0;top: 0;visibility: hidden;\"><\/iframe><\/div>\t\t\t<div class=\"ead-document-loading\" style=\"width:100%;height:100%;position:absolute;left:0;top:0;z-index:10\">\n\t\t\t\t<div class=\"ead-loading-wrap\">\n\t\t\t\t\t<div class=\"ead-loading-main\">\n\t\t\t\t\t\t<div class=\"ead-loading\">\n\t\t\t\t\t\t\t<img loading=\"lazy\" decoding=\"async\" src=\"https:\/\/site.ac-martinique.fr\/creole\/wp-content\/plugins\/embed-any-document\/images\/loading.svg\" width=\"55\" height=\"55\" alt=\"Chargeur\">\n\t\t\t\t\t\t\t<span>En cours de chargement&hellip;<\/span>\n\t\t\t\t\t\t<\/div>\n\t\t\t\t\t<\/div>\n\t\t\t\t\t<div class=\"ead-loading-foot\">\n\t\t\t\t\t\t<div class=\"ead-loading-foot-title\">\n\t\t\t\t\t\t\t<img loading=\"lazy\" decoding=\"async\" src=\"https:\/\/site.ac-martinique.fr\/creole\/wp-content\/plugins\/embed-any-document\/images\/EAD-logo.svg\" alt=\"Logo EAD\" width=\"36\" height=\"23\"\/>\n\t\t\t\t\t\t\t<span>Cela prend trop de temps\u00a0?<\/span>\n\t\t\t\t\t\t<\/div>\n\t\t\t\t\t\t<p>\n\t\t\t\t\t\t\t<div class=\"ead-document-btn ead-reload-btn\" role=\"button\">\n\t\t\t\t\t\t\t\t<img loading=\"lazy\" decoding=\"async\" src=\"https:\/\/site.ac-martinique.fr\/creole\/wp-content\/plugins\/embed-any-document\/images\/reload.svg\" alt=\"Recharger\" width=\"12\" height=\"12\"\/> Recharger le document\t\t\t\t\t\t\t<\/div>\n\t\t\t\t\t\t\t<span>|<\/span>\n\t\t\t\t\t\t\t<a href=\"https:\/\/site.ac-martinique.fr\/creole\/wp-content\/uploads\/sites\/93\/2021\/11\/Fiche-PIX.pdf\" class=\"ead-document-btn\" target=\"_blank\">\n\t\t\t\t\t\t\t\t<img loading=\"lazy\" decoding=\"async\" src=\"https:\/\/site.ac-martinique.fr\/creole\/wp-content\/plugins\/embed-any-document\/images\/open.svg\" alt=\"Ouvert\" width=\"12\" height=\"12\"\/> Ouvrir dans un nouvel onglet\t\t\t\t\t\t\t<\/a>\n\t\t\t\t\t<\/div>\n\t\t\t\t<\/div>\n\t\t\t<\/div>\n\t\t<\/div><\/div>\n\n\n<h4 class=\"wp-block-heading\">Fiche PIX renseign\u00e9e : s\u00e9ance en classe de 5\u00e8me<\/h4>\n\n\n<div class=\"ead-preview\"><div class=\"ead-document\" style=\"position: relative;padding-top: 90%\"><div class=\"ead-iframe-wrapper\"><iframe src=\"\/\/docs.google.com\/viewer?url=https%3A%2F%2Fsite.ac-martinique.fr%2Fcreole%2Fwp-content%2Fuploads%2Fsites%2F93%2F2021%2F11%2FFiche-PIX-seance-5eme.pdf&amp;embedded=true&amp;hl=en\" title=\"Document embarqu\u00e9\" class=\"ead-iframe\" style=\"width: 100%;height: 100%;border: none;position: absolute;left: 0;top: 0;visibility: hidden;\"><\/iframe><\/div>\t\t\t<div class=\"ead-document-loading\" style=\"width:100%;height:100%;position:absolute;left:0;top:0;z-index:10\">\n\t\t\t\t<div class=\"ead-loading-wrap\">\n\t\t\t\t\t<div class=\"ead-loading-main\">\n\t\t\t\t\t\t<div class=\"ead-loading\">\n\t\t\t\t\t\t\t<img loading=\"lazy\" decoding=\"async\" src=\"https:\/\/site.ac-martinique.fr\/creole\/wp-content\/plugins\/embed-any-document\/images\/loading.svg\" width=\"55\" height=\"55\" alt=\"Chargeur\">\n\t\t\t\t\t\t\t<span>En cours de chargement&hellip;<\/span>\n\t\t\t\t\t\t<\/div>\n\t\t\t\t\t<\/div>\n\t\t\t\t\t<div class=\"ead-loading-foot\">\n\t\t\t\t\t\t<div class=\"ead-loading-foot-title\">\n\t\t\t\t\t\t\t<img loading=\"lazy\" decoding=\"async\" src=\"https:\/\/site.ac-martinique.fr\/creole\/wp-content\/plugins\/embed-any-document\/images\/EAD-logo.svg\" alt=\"Logo EAD\" width=\"36\" height=\"23\"\/>\n\t\t\t\t\t\t\t<span>Cela prend trop de temps\u00a0?<\/span>\n\t\t\t\t\t\t<\/div>\n\t\t\t\t\t\t<p>\n\t\t\t\t\t\t\t<div class=\"ead-document-btn ead-reload-btn\" role=\"button\">\n\t\t\t\t\t\t\t\t<img loading=\"lazy\" decoding=\"async\" src=\"https:\/\/site.ac-martinique.fr\/creole\/wp-content\/plugins\/embed-any-document\/images\/reload.svg\" alt=\"Recharger\" width=\"12\" height=\"12\"\/> Recharger le document\t\t\t\t\t\t\t<\/div>\n\t\t\t\t\t\t\t<span>|<\/span>\n\t\t\t\t\t\t\t<a href=\"https:\/\/site.ac-martinique.fr\/creole\/wp-content\/uploads\/sites\/93\/2021\/11\/Fiche-PIX-seance-5eme.pdf\" class=\"ead-document-btn\" target=\"_blank\">\n\t\t\t\t\t\t\t\t<img loading=\"lazy\" decoding=\"async\" src=\"https:\/\/site.ac-martinique.fr\/creole\/wp-content\/plugins\/embed-any-document\/images\/open.svg\" alt=\"Ouvert\" width=\"12\" height=\"12\"\/> Ouvrir dans un nouvel onglet\t\t\t\t\t\t\t<\/a>\n\t\t\t\t\t<\/div>\n\t\t\t\t<\/div>\n\t\t\t<\/div>\n\t\t<\/div><\/div>","protected":false},"excerpt":{"rendered":"<p>Contribuer \u00e0 l&rsquo;\u00e9valuation des comp\u00e9tences num\u00e9riques sur la plateforme PIX La fiche PIX \u00e9dit\u00e9e par Mme BERNARD, IAN Langues vivantes, en f\u00e9vrier 2021, permet de recenser les comp\u00e9tences num\u00e9riques du CRCN pratiqu\u00e9es pendant une s\u00e9ance et de contribuer \u00e0 l&rsquo;entra\u00eenement des \u00e9l\u00e8ves. Fiche PIX vierge \u00e0 compl\u00e9ter Fiche PIX renseign\u00e9e : s\u00e9ance en classe de &hellip; <a href=\"https:\/\/site.ac-martinique.fr\/creole\/?page_id=132\" class=\"more-link\">Continuer la lecture de <span class=\"screen-reader-text\">Utiliser une fiche PIX<\/span> <span class=\"meta-nav\">&rarr;<\/span><\/a><\/p>\n","protected":false},"author":241,"featured_media":0,"parent":0,"menu_order":0,"comment_status":"closed","ping_status":"closed","template":"","meta":{"footnotes":""},"class_list":["post-132","page","type-page","status-publish","hentry"],"_links":{"self":[{"href":"https:\/\/site.ac-martinique.fr\/creole\/index.php?rest_route=\/wp\/v2\/pages\/132","targetHints":{"allow":["GET"]}}],"collection":[{"href":"https:\/\/site.ac-martinique.fr\/creole\/index.php?rest_route=\/wp\/v2\/pages"}],"about":[{"href":"https:\/\/site.ac-martinique.fr\/creole\/index.php?rest_route=\/wp\/v2\/types\/page"}],"author":[{"embeddable":true,"href":"https:\/\/site.ac-martinique.fr\/creole\/index.php?rest_route=\/wp\/v2\/users\/241"}],"replies":[{"embeddable":true,"href":"https:\/\/site.ac-martinique.fr\/creole\/index.php?rest_route=%2Fwp%2Fv2%2Fcomments&post=132"}],"version-history":[{"count":4,"href":"https:\/\/site.ac-martinique.fr\/creole\/index.php?rest_route=\/wp\/v2\/pages\/132\/revisions"}],"predecessor-version":[{"id":147,"href":"https:\/\/site.ac-martinique.fr\/creole\/index.php?rest_route=\/wp\/v2\/pages\/132\/revisions\/147"}],"wp:attachment":[{"href":"https:\/\/site.ac-martinique.fr\/creole\/index.php?rest_route=%2Fwp%2Fv2%2Fmedia&parent=132"}],"curies":[{"name":"wp","href":"https:\/\/api.w.org\/{rel}","templated":true}]}}