{"id":211,"date":"2022-03-27T22:20:08","date_gmt":"2022-03-28T02:20:08","guid":{"rendered":"https:\/\/site.ac-martinique.fr\/creole\/?page_id=211"},"modified":"2025-10-03T08:06:00","modified_gmt":"2025-10-03T12:06:00","slug":"composition-de-lequipe","status":"publish","type":"page","link":"https:\/\/site.ac-martinique.fr\/creole\/?page_id=211","title":{"rendered":"Composition de l&rsquo;\u00e9quipe"},"content":{"rendered":"\n<p><strong>IA-IPR&nbsp;Lettres-Cr\u00e9ole&nbsp;: Catherine PIETRUS<\/strong><\/p>\n\n\n\n<p><strong>Charg\u00e9e de mission&nbsp;: Gina BACCARARD-LORDINOT<\/strong><\/p>\n\n\n\n<p><strong>GRF\u00a0(Groupe de Recherche et Formation) : Laurie ABAUL, Gina BACCARARD-LORDINOT, Clarissa BAUBANT, Marie-Jos\u00e9 DESNEL, Elodie PAGE, Jorric RIVOT<\/strong><\/p>\n\n\n\n<p><strong>IAN Langues Vivantes (Interlocuteur Acad\u00e9mique pour le Num\u00e9rique disciplinaire) : Micha\u00eblle MAVINGA<\/strong><\/p>\n\n\n\n<p><\/p>\n","protected":false},"excerpt":{"rendered":"<p>IA-IPR&nbsp;Lettres-Cr\u00e9ole&nbsp;: Catherine PIETRUS Charg\u00e9e de mission&nbsp;: Gina BACCARARD-LORDINOT GRF\u00a0(Groupe de Recherche et Formation) : Laurie ABAUL, Gina BACCARARD-LORDINOT, Clarissa BAUBANT, Marie-Jos\u00e9 DESNEL, Elodie PAGE, Jorric RIVOT IAN Langues Vivantes (Interlocuteur Acad\u00e9mique pour le Num\u00e9rique disciplinaire) : Micha\u00eblle MAVINGA<\/p>\n","protected":false},"author":241,"featured_media":0,"parent":0,"menu_order":0,"comment_status":"closed","ping_status":"closed","template":"","meta":{"footnotes":""},"class_list":["post-211","page","type-page","status-publish","hentry"],"_links":{"self":[{"href":"https:\/\/site.ac-martinique.fr\/creole\/index.php?rest_route=\/wp\/v2\/pages\/211","targetHints":{"allow":["GET"]}}],"collection":[{"href":"https:\/\/site.ac-martinique.fr\/creole\/index.php?rest_route=\/wp\/v2\/pages"}],"about":[{"href":"https:\/\/site.ac-martinique.fr\/creole\/index.php?rest_route=\/wp\/v2\/types\/page"}],"author":[{"embeddable":true,"href":"https:\/\/site.ac-martinique.fr\/creole\/index.php?rest_route=\/wp\/v2\/users\/241"}],"replies":[{"embeddable":true,"href":"https:\/\/site.ac-martinique.fr\/creole\/index.php?rest_route=%2Fwp%2Fv2%2Fcomments&post=211"}],"version-history":[{"count":7,"href":"https:\/\/site.ac-martinique.fr\/creole\/index.php?rest_route=\/wp\/v2\/pages\/211\/revisions"}],"predecessor-version":[{"id":700,"href":"https:\/\/site.ac-martinique.fr\/creole\/index.php?rest_route=\/wp\/v2\/pages\/211\/revisions\/700"}],"wp:attachment":[{"href":"https:\/\/site.ac-martinique.fr\/creole\/index.php?rest_route=%2Fwp%2Fv2%2Fmedia&parent=211"}],"curies":[{"name":"wp","href":"https:\/\/api.w.org\/{rel}","templated":true}]}}