{"id":287,"date":"2022-10-20T21:11:21","date_gmt":"2022-10-21T01:11:21","guid":{"rendered":"https:\/\/site.ac-martinique.fr\/creole\/?page_id=287"},"modified":"2024-03-04T19:04:39","modified_gmt":"2024-03-04T23:04:39","slug":"sequences","status":"publish","type":"page","link":"https:\/\/site.ac-martinique.fr\/creole\/?page_id=287","title":{"rendered":"S\u00e9quences p\u00e9dagogiques"},"content":{"rendered":"\n<p>Il s&rsquo;agit de s\u00e9quences p\u00e9dagogiques propos\u00e9es par les coll\u00e8gues de la discipline apr\u00e8s exp\u00e9rimentation.<\/p>\n\n\n\n<p> S\u00e9quence Fok nou pwot\u00e9j\u00e9 lanati! &#8211; Cycle 4 &#8211; Mme Micha\u00eblle MAVINGA<\/p>\n\n\n\n<div data-wp-interactive=\"core\/file\" class=\"wp-block-file\"><object data-wp-bind--hidden=\"!state.hasPdfPreview\" hidden class=\"wp-block-file__embed\" data=\"https:\/\/site.ac-martinique.fr\/creole\/wp-content\/uploads\/sites\/93\/2022\/12\/Sequence-Fok-nou-pwoteje-lanati-4eme-1.pdf\" type=\"application\/pdf\" style=\"width:100%;height:600px\" aria-label=\"Contenu embarqu\u00e9 Sequence-Fok-nou-pwoteje-lanati-4eme-1.\"><\/object><a id=\"wp-block-file--media-7e163540-c6c1-4dbf-8e38-a69c9d6d936e\" href=\"https:\/\/site.ac-martinique.fr\/creole\/wp-content\/uploads\/sites\/93\/2022\/12\/Sequence-Fok-nou-pwoteje-lanati-4eme-1.pdf\">Sequence-Fok-nou-pwoteje-lanati-4eme-1<\/a><\/div>\n","protected":false},"excerpt":{"rendered":"<p>Il s&rsquo;agit de s\u00e9quences p\u00e9dagogiques propos\u00e9es par les coll\u00e8gues de la discipline apr\u00e8s exp\u00e9rimentation. S\u00e9quence Fok nou pwot\u00e9j\u00e9 lanati! &#8211; Cycle 4 &#8211; Mme Micha\u00eblle MAVINGA<\/p>\n","protected":false},"author":241,"featured_media":0,"parent":0,"menu_order":0,"comment_status":"closed","ping_status":"closed","template":"","meta":{"footnotes":""},"class_list":["post-287","page","type-page","status-publish","hentry"],"_links":{"self":[{"href":"https:\/\/site.ac-martinique.fr\/creole\/index.php?rest_route=\/wp\/v2\/pages\/287","targetHints":{"allow":["GET"]}}],"collection":[{"href":"https:\/\/site.ac-martinique.fr\/creole\/index.php?rest_route=\/wp\/v2\/pages"}],"about":[{"href":"https:\/\/site.ac-martinique.fr\/creole\/index.php?rest_route=\/wp\/v2\/types\/page"}],"author":[{"embeddable":true,"href":"https:\/\/site.ac-martinique.fr\/creole\/index.php?rest_route=\/wp\/v2\/users\/241"}],"replies":[{"embeddable":true,"href":"https:\/\/site.ac-martinique.fr\/creole\/index.php?rest_route=%2Fwp%2Fv2%2Fcomments&post=287"}],"version-history":[{"count":6,"href":"https:\/\/site.ac-martinique.fr\/creole\/index.php?rest_route=\/wp\/v2\/pages\/287\/revisions"}],"predecessor-version":[{"id":474,"href":"https:\/\/site.ac-martinique.fr\/creole\/index.php?rest_route=\/wp\/v2\/pages\/287\/revisions\/474"}],"wp:attachment":[{"href":"https:\/\/site.ac-martinique.fr\/creole\/index.php?rest_route=%2Fwp%2Fv2%2Fmedia&parent=287"}],"curies":[{"name":"wp","href":"https:\/\/api.w.org\/{rel}","templated":true}]}}