{"id":300,"date":"2022-11-07T20:00:59","date_gmt":"2022-11-08T00:00:59","guid":{"rendered":"https:\/\/site.ac-martinique.fr\/creole\/?page_id=300"},"modified":"2025-07-07T19:56:59","modified_gmt":"2025-07-07T23:56:59","slug":"agregation","status":"publish","type":"page","link":"https:\/\/site.ac-martinique.fr\/creole\/?page_id=300","title":{"rendered":"Agr\u00e9gation externe"},"content":{"rendered":"\n<p>Cette page pr\u00e9sente les sujets des \u00e9preuves \u00e9crites et le rapport du jury pour la session 2021 .<\/p>\n\n\n\n<p><em>Sujet de la composition en fran\u00e7ais<\/em><\/p>\n\n\n\n<div data-wp-interactive=\"core\/file\" class=\"wp-block-file\"><object data-wp-bind--hidden=\"!state.hasPdfPreview\" hidden class=\"wp-block-file__embed\" data=\"https:\/\/site.ac-martinique.fr\/creole\/wp-content\/uploads\/sites\/93\/2022\/12\/s2021_agreg_externe_ldf_1_1387766.pdf\" type=\"application\/pdf\" style=\"width:100%;height:600px\" aria-label=\"Contenu embarqu\u00e9 s2021_agreg_externe_ldf_1_1387766.\"><\/object><a id=\"wp-block-file--media-e773b1a3-76c8-4f63-ba7e-560a533b6335\" href=\"https:\/\/site.ac-martinique.fr\/creole\/wp-content\/uploads\/sites\/93\/2022\/12\/s2021_agreg_externe_ldf_1_1387766.pdf\">s2021_agreg_externe_ldf_1_1387766<\/a><a href=\"https:\/\/site.ac-martinique.fr\/creole\/wp-content\/uploads\/sites\/93\/2022\/12\/s2021_agreg_externe_ldf_1_1387766.pdf\" class=\"wp-block-file__button wp-element-button\" download aria-describedby=\"wp-block-file--media-e773b1a3-76c8-4f63-ba7e-560a533b6335\">T\u00e9l\u00e9charger<\/a><\/div>\n\n\n\n<p><em>Sujet du commentaire en langue cr\u00e9ole<\/em><\/p>\n\n\n\n<div data-wp-interactive=\"core\/file\" class=\"wp-block-file\"><object data-wp-bind--hidden=\"!state.hasPdfPreview\" hidden class=\"wp-block-file__embed\" data=\"https:\/\/site.ac-martinique.fr\/creole\/wp-content\/uploads\/sites\/93\/2022\/12\/s2021_agreg_externe_ldf_creole_2_1387774.pdf\" type=\"application\/pdf\" style=\"width:100%;height:600px\" aria-label=\"Contenu embarqu\u00e9 s2021_agreg_externe_ldf_creole_2_1387774.\"><\/object><a id=\"wp-block-file--media-a3d29b31-5ca3-4574-bee8-a703dbd40aac\" href=\"https:\/\/site.ac-martinique.fr\/creole\/wp-content\/uploads\/sites\/93\/2022\/12\/s2021_agreg_externe_ldf_creole_2_1387774.pdf\">s2021_agreg_externe_ldf_creole_2_1387774<\/a><a href=\"https:\/\/site.ac-martinique.fr\/creole\/wp-content\/uploads\/sites\/93\/2022\/12\/s2021_agreg_externe_ldf_creole_2_1387774.pdf\" class=\"wp-block-file__button wp-element-button\" download aria-describedby=\"wp-block-file--media-a3d29b31-5ca3-4574-bee8-a703dbd40aac\">T\u00e9l\u00e9charger<\/a><\/div>\n\n\n\n<p><em>Sujet de l&rsquo;\u00e9preuve de traduction<\/em><\/p>\n\n\n\n<div data-wp-interactive=\"core\/file\" class=\"wp-block-file\"><object data-wp-bind--hidden=\"!state.hasPdfPreview\" hidden class=\"wp-block-file__embed\" data=\"https:\/\/site.ac-martinique.fr\/creole\/wp-content\/uploads\/sites\/93\/2022\/12\/s2021_agreg_externe_ldf_creole_3_1387776.pdf\" type=\"application\/pdf\" style=\"width:100%;height:600px\" aria-label=\"Contenu embarqu\u00e9 s2021_agreg_externe_ldf_creole_3_1387776.\"><\/object><a id=\"wp-block-file--media-2c07e077-60ec-48c7-82e2-ae279b203ed9\" href=\"https:\/\/site.ac-martinique.fr\/creole\/wp-content\/uploads\/sites\/93\/2022\/12\/s2021_agreg_externe_ldf_creole_3_1387776.pdf\">s2021_agreg_externe_ldf_creole_3_1387776<\/a><a href=\"https:\/\/site.ac-martinique.fr\/creole\/wp-content\/uploads\/sites\/93\/2022\/12\/s2021_agreg_externe_ldf_creole_3_1387776.pdf\" class=\"wp-block-file__button wp-element-button\" download aria-describedby=\"wp-block-file--media-2c07e077-60ec-48c7-82e2-ae279b203ed9\">T\u00e9l\u00e9charger<\/a><\/div>\n\n\n\n<p><\/p>\n\n\n\n<p>Rapport du jury<\/p>\n\n\n\n<div data-wp-interactive=\"core\/file\" class=\"wp-block-file\"><object data-wp-bind--hidden=\"!state.hasPdfPreview\" hidden class=\"wp-block-file__embed\" data=\"https:\/\/site.ac-martinique.fr\/creole\/wp-content\/uploads\/sites\/93\/2022\/12\/rj-2021-agregation-externe-ldf-creole_1420952.pdf\" type=\"application\/pdf\" style=\"width:100%;height:600px\" aria-label=\"Contenu embarqu\u00e9 rj-2021-agregation-externe-ldf-creole_1420952.\"><\/object><a id=\"wp-block-file--media-574c3479-ef3b-4692-83b0-4d97a205db51\" href=\"https:\/\/site.ac-martinique.fr\/creole\/wp-content\/uploads\/sites\/93\/2022\/12\/rj-2021-agregation-externe-ldf-creole_1420952.pdf\">rj-2021-agregation-externe-ldf-creole_1420952<\/a><a href=\"https:\/\/site.ac-martinique.fr\/creole\/wp-content\/uploads\/sites\/93\/2022\/12\/rj-2021-agregation-externe-ldf-creole_1420952.pdf\" class=\"wp-block-file__button wp-element-button\" download aria-describedby=\"wp-block-file--media-574c3479-ef3b-4692-83b0-4d97a205db51\">T\u00e9l\u00e9charger<\/a><\/div>\n\n\n\n<pre class=\"wp-block-preformatted\"><\/pre>\n","protected":false},"excerpt":{"rendered":"<p>Cette page pr\u00e9sente les sujets des \u00e9preuves \u00e9crites et le rapport du jury pour la session 2021 . Sujet de la composition en fran\u00e7ais Sujet du commentaire en langue cr\u00e9ole Sujet de l&rsquo;\u00e9preuve de traduction Rapport du jury<\/p>\n","protected":false},"author":241,"featured_media":0,"parent":0,"menu_order":0,"comment_status":"closed","ping_status":"closed","template":"","meta":{"footnotes":""},"class_list":["post-300","page","type-page","status-publish","hentry"],"_links":{"self":[{"href":"https:\/\/site.ac-martinique.fr\/creole\/index.php?rest_route=\/wp\/v2\/pages\/300","targetHints":{"allow":["GET"]}}],"collection":[{"href":"https:\/\/site.ac-martinique.fr\/creole\/index.php?rest_route=\/wp\/v2\/pages"}],"about":[{"href":"https:\/\/site.ac-martinique.fr\/creole\/index.php?rest_route=\/wp\/v2\/types\/page"}],"author":[{"embeddable":true,"href":"https:\/\/site.ac-martinique.fr\/creole\/index.php?rest_route=\/wp\/v2\/users\/241"}],"replies":[{"embeddable":true,"href":"https:\/\/site.ac-martinique.fr\/creole\/index.php?rest_route=%2Fwp%2Fv2%2Fcomments&post=300"}],"version-history":[{"count":9,"href":"https:\/\/site.ac-martinique.fr\/creole\/index.php?rest_route=\/wp\/v2\/pages\/300\/revisions"}],"predecessor-version":[{"id":677,"href":"https:\/\/site.ac-martinique.fr\/creole\/index.php?rest_route=\/wp\/v2\/pages\/300\/revisions\/677"}],"wp:attachment":[{"href":"https:\/\/site.ac-martinique.fr\/creole\/index.php?rest_route=%2Fwp%2Fv2%2Fmedia&parent=300"}],"curies":[{"name":"wp","href":"https:\/\/api.w.org\/{rel}","templated":true}]}}