{"id":33,"date":"2021-10-06T16:44:29","date_gmt":"2021-10-06T20:44:29","guid":{"rendered":"https:\/\/site.ac-martinique.fr\/creole\/?page_id=33"},"modified":"2021-11-09T20:41:48","modified_gmt":"2021-11-10T00:41:48","slug":"numerique","status":"publish","type":"page","link":"https:\/\/site.ac-martinique.fr\/creole\/?page_id=33","title":{"rendered":"Le CRCN"},"content":{"rendered":"\n<p>Le CRCN (Cadre de R\u00e9f\u00e9rence des Comp\u00e9tences Num\u00e9riques) d\u00e9finit les comp\u00e9tences num\u00e9riques et leurs niveaux de ma\u00eetrise progressive au long de la scolarit\u00e9. <\/p>\n\n\n\n<h4 class=\"wp-block-heading\"> Pour avoir une vision synth\u00e9tique du r\u00e9f\u00e9rentiel<\/h4>\n\n\n<div class=\"ead-preview\"><div class=\"ead-document\" style=\"position: relative;padding-top: 90%\"><div class=\"ead-iframe-wrapper\"><iframe src=\"\/\/docs.google.com\/viewer?url=https%3A%2F%2Fsite.ac-martinique.fr%2Fcreole%2Fwp-content%2Fuploads%2Fsites%2F93%2F2021%2F11%2FFichememo_CRCN.pdf&amp;embedded=true&amp;hl=en\" title=\"Document embarqu\u00e9\" class=\"ead-iframe\" style=\"width: 100%;height: 100%;border: none;position: absolute;left: 0;top: 0;visibility: hidden;\"><\/iframe><\/div>\t\t\t<div class=\"ead-document-loading\" style=\"width:100%;height:100%;position:absolute;left:0;top:0;z-index:10\">\n\t\t\t\t<div class=\"ead-loading-wrap\">\n\t\t\t\t\t<div class=\"ead-loading-main\">\n\t\t\t\t\t\t<div class=\"ead-loading\">\n\t\t\t\t\t\t\t<img loading=\"lazy\" decoding=\"async\" src=\"https:\/\/site.ac-martinique.fr\/creole\/wp-content\/plugins\/embed-any-document\/images\/loading.svg\" width=\"55\" height=\"55\" alt=\"Chargeur\">\n\t\t\t\t\t\t\t<span>En cours de chargement&hellip;<\/span>\n\t\t\t\t\t\t<\/div>\n\t\t\t\t\t<\/div>\n\t\t\t\t\t<div class=\"ead-loading-foot\">\n\t\t\t\t\t\t<div class=\"ead-loading-foot-title\">\n\t\t\t\t\t\t\t<img loading=\"lazy\" decoding=\"async\" src=\"https:\/\/site.ac-martinique.fr\/creole\/wp-content\/plugins\/embed-any-document\/images\/EAD-logo.svg\" alt=\"Logo EAD\" width=\"36\" height=\"23\"\/>\n\t\t\t\t\t\t\t<span>Cela prend trop de temps\u00a0?<\/span>\n\t\t\t\t\t\t<\/div>\n\t\t\t\t\t\t<p>\n\t\t\t\t\t\t\t<div class=\"ead-document-btn ead-reload-btn\" role=\"button\">\n\t\t\t\t\t\t\t\t<img loading=\"lazy\" decoding=\"async\" src=\"https:\/\/site.ac-martinique.fr\/creole\/wp-content\/plugins\/embed-any-document\/images\/reload.svg\" alt=\"Recharger\" width=\"12\" height=\"12\"\/> Recharger le document\t\t\t\t\t\t\t<\/div>\n\t\t\t\t\t\t\t<span>|<\/span>\n\t\t\t\t\t\t\t<a href=\"https:\/\/site.ac-martinique.fr\/creole\/wp-content\/uploads\/sites\/93\/2021\/11\/Fichememo_CRCN.pdf\" class=\"ead-document-btn\" target=\"_blank\">\n\t\t\t\t\t\t\t\t<img loading=\"lazy\" decoding=\"async\" src=\"https:\/\/site.ac-martinique.fr\/creole\/wp-content\/plugins\/embed-any-document\/images\/open.svg\" alt=\"Ouvert\" width=\"12\" height=\"12\"\/> Ouvrir dans un nouvel onglet\t\t\t\t\t\t\t<\/a>\n\t\t\t\t\t<\/div>\n\t\t\t\t<\/div>\n\t\t\t<\/div>\n\t\t<\/div><\/div>\n\n\n<h4 class=\"wp-block-heading\"> Pour mieux appr\u00e9hender le dispositif mis en place dans les \u00e9tablissements scolaires du second degr\u00e9<\/h4>\n\n\n<div class=\"ead-preview\"><div class=\"ead-document\" style=\"position: relative;padding-top: 90%\"><div class=\"ead-iframe-wrapper\"><iframe src=\"\/\/docs.google.com\/viewer?url=https%3A%2F%2Fsite.ac-martinique.fr%2Fcreole%2Fwp-content%2Fuploads%2Fsites%2F93%2F2021%2F11%2FDocument_accompagnement_CRCN_1205570.pdf&amp;embedded=true&amp;hl=en\" title=\"Document embarqu\u00e9\" class=\"ead-iframe\" style=\"width: 100%;height: 100%;border: none;position: absolute;left: 0;top: 0;visibility: hidden;\"><\/iframe><\/div>\t\t\t<div class=\"ead-document-loading\" style=\"width:100%;height:100%;position:absolute;left:0;top:0;z-index:10\">\n\t\t\t\t<div class=\"ead-loading-wrap\">\n\t\t\t\t\t<div class=\"ead-loading-main\">\n\t\t\t\t\t\t<div class=\"ead-loading\">\n\t\t\t\t\t\t\t<img loading=\"lazy\" decoding=\"async\" src=\"https:\/\/site.ac-martinique.fr\/creole\/wp-content\/plugins\/embed-any-document\/images\/loading.svg\" width=\"55\" height=\"55\" alt=\"Chargeur\">\n\t\t\t\t\t\t\t<span>En cours de chargement&hellip;<\/span>\n\t\t\t\t\t\t<\/div>\n\t\t\t\t\t<\/div>\n\t\t\t\t\t<div class=\"ead-loading-foot\">\n\t\t\t\t\t\t<div class=\"ead-loading-foot-title\">\n\t\t\t\t\t\t\t<img loading=\"lazy\" decoding=\"async\" src=\"https:\/\/site.ac-martinique.fr\/creole\/wp-content\/plugins\/embed-any-document\/images\/EAD-logo.svg\" alt=\"Logo EAD\" width=\"36\" height=\"23\"\/>\n\t\t\t\t\t\t\t<span>Cela prend trop de temps\u00a0?<\/span>\n\t\t\t\t\t\t<\/div>\n\t\t\t\t\t\t<p>\n\t\t\t\t\t\t\t<div class=\"ead-document-btn ead-reload-btn\" role=\"button\">\n\t\t\t\t\t\t\t\t<img loading=\"lazy\" decoding=\"async\" src=\"https:\/\/site.ac-martinique.fr\/creole\/wp-content\/plugins\/embed-any-document\/images\/reload.svg\" alt=\"Recharger\" width=\"12\" height=\"12\"\/> Recharger le document\t\t\t\t\t\t\t<\/div>\n\t\t\t\t\t\t\t<span>|<\/span>\n\t\t\t\t\t\t\t<a href=\"https:\/\/site.ac-martinique.fr\/creole\/wp-content\/uploads\/sites\/93\/2021\/11\/Document_accompagnement_CRCN_1205570.pdf\" class=\"ead-document-btn\" target=\"_blank\">\n\t\t\t\t\t\t\t\t<img loading=\"lazy\" decoding=\"async\" src=\"https:\/\/site.ac-martinique.fr\/creole\/wp-content\/plugins\/embed-any-document\/images\/open.svg\" alt=\"Ouvert\" width=\"12\" height=\"12\"\/> Ouvrir dans un nouvel onglet\t\t\t\t\t\t\t<\/a>\n\t\t\t\t\t<\/div>\n\t\t\t\t<\/div>\n\t\t\t<\/div>\n\t\t<\/div><\/div>","protected":false},"excerpt":{"rendered":"<p>Le CRCN (Cadre de R\u00e9f\u00e9rence des Comp\u00e9tences Num\u00e9riques) d\u00e9finit les comp\u00e9tences num\u00e9riques et leurs niveaux de ma\u00eetrise progressive au long de la scolarit\u00e9. Pour avoir une vision synth\u00e9tique du r\u00e9f\u00e9rentiel Pour mieux appr\u00e9hender le dispositif mis en place dans les \u00e9tablissements scolaires du second degr\u00e9<\/p>\n","protected":false},"author":241,"featured_media":0,"parent":0,"menu_order":0,"comment_status":"closed","ping_status":"closed","template":"","meta":{"footnotes":""},"class_list":["post-33","page","type-page","status-publish","hentry"],"_links":{"self":[{"href":"https:\/\/site.ac-martinique.fr\/creole\/index.php?rest_route=\/wp\/v2\/pages\/33","targetHints":{"allow":["GET"]}}],"collection":[{"href":"https:\/\/site.ac-martinique.fr\/creole\/index.php?rest_route=\/wp\/v2\/pages"}],"about":[{"href":"https:\/\/site.ac-martinique.fr\/creole\/index.php?rest_route=\/wp\/v2\/types\/page"}],"author":[{"embeddable":true,"href":"https:\/\/site.ac-martinique.fr\/creole\/index.php?rest_route=\/wp\/v2\/users\/241"}],"replies":[{"embeddable":true,"href":"https:\/\/site.ac-martinique.fr\/creole\/index.php?rest_route=%2Fwp%2Fv2%2Fcomments&post=33"}],"version-history":[{"count":6,"href":"https:\/\/site.ac-martinique.fr\/creole\/index.php?rest_route=\/wp\/v2\/pages\/33\/revisions"}],"predecessor-version":[{"id":142,"href":"https:\/\/site.ac-martinique.fr\/creole\/index.php?rest_route=\/wp\/v2\/pages\/33\/revisions\/142"}],"wp:attachment":[{"href":"https:\/\/site.ac-martinique.fr\/creole\/index.php?rest_route=%2Fwp%2Fv2%2Fmedia&parent=33"}],"curies":[{"name":"wp","href":"https:\/\/api.w.org\/{rel}","templated":true}]}}