{"id":617,"date":"2024-10-16T09:50:12","date_gmt":"2024-10-16T13:50:12","guid":{"rendered":"https:\/\/site.ac-martinique.fr\/creole\/?page_id=617"},"modified":"2024-10-16T17:11:54","modified_gmt":"2024-10-16T21:11:54","slug":"web-tv","status":"publish","type":"page","link":"https:\/\/site.ac-martinique.fr\/creole\/?page_id=617","title":{"rendered":"Web TV"},"content":{"rendered":"\n<p><strong>Projet men\u00e9 par Mme Madjani LEPRIX au Lyc\u00e9e de Chateauboeuf<\/strong><\/p>\n\n\n\n<div data-wp-interactive=\"core\/file\" class=\"wp-block-file\"><object data-wp-bind--hidden=\"!state.hasPdfPreview\" hidden class=\"wp-block-file__embed\" data=\"https:\/\/site.ac-martinique.fr\/creole\/wp-content\/uploads\/sites\/93\/2024\/10\/An-ti-koze-an-Chato-a.pdf\" type=\"application\/pdf\" style=\"width:100%;height:600px\" aria-label=\"Contenu embarqu\u00e9 An ti koz\u00e9 an Chato-a.\"><\/object><a id=\"wp-block-file--media-ebd8d353-ef27-4e6d-85b1-c30a89d45d54\" href=\"https:\/\/site.ac-martinique.fr\/creole\/wp-content\/uploads\/sites\/93\/2024\/10\/An-ti-koze-an-Chato-a.pdf\">An ti koz\u00e9 an Chato-a<\/a><a href=\"https:\/\/site.ac-martinique.fr\/creole\/wp-content\/uploads\/sites\/93\/2024\/10\/An-ti-koze-an-Chato-a.pdf\" class=\"wp-block-file__button wp-element-button\" download aria-describedby=\"wp-block-file--media-ebd8d353-ef27-4e6d-85b1-c30a89d45d54\">T\u00e9l\u00e9charger<\/a><\/div>\n\n\n\n<p>Liens pour les 2 premi\u00e8res \u00e9missions :<\/p>\n\n\n\n<p>&#8211; Fanm adan an pos responsabilit\u00e9: Ki zi\u00e9taj?<br><a href=\"https:\/\/youtu.be\/xz83Gx7IyL0?si=xFY8BNYcC_oDgzub\" target=\"_blank\" rel=\"noreferrer noopener\">https:\/\/youtu.be\/xz83Gx7IyL0?si=xFY8BNYcC_oDgzub<\/a><\/p>\n\n\n\n<p>&#8211; An lawonn poveb<br><a rel=\"noreferrer noopener\" href=\"https:\/\/youtu.be\/I3u0SeAu3H4?si=JldbhpvpyGQEdZli\" target=\"_blank\">https:\/\/youtu.be\/I3u0SeAu3H4?si=JldbhpvpyGQEdZli<\/a><\/p>\n","protected":false},"excerpt":{"rendered":"<p>Projet men\u00e9 par Mme Madjani LEPRIX au Lyc\u00e9e de Chateauboeuf Liens pour les 2 premi\u00e8res \u00e9missions : &#8211; Fanm adan an pos responsabilit\u00e9: Ki zi\u00e9taj?https:\/\/youtu.be\/xz83Gx7IyL0?si=xFY8BNYcC_oDgzub &#8211; An lawonn povebhttps:\/\/youtu.be\/I3u0SeAu3H4?si=JldbhpvpyGQEdZli<\/p>\n","protected":false},"author":241,"featured_media":0,"parent":0,"menu_order":0,"comment_status":"closed","ping_status":"closed","template":"","meta":{"footnotes":""},"class_list":["post-617","page","type-page","status-publish","hentry"],"_links":{"self":[{"href":"https:\/\/site.ac-martinique.fr\/creole\/index.php?rest_route=\/wp\/v2\/pages\/617","targetHints":{"allow":["GET"]}}],"collection":[{"href":"https:\/\/site.ac-martinique.fr\/creole\/index.php?rest_route=\/wp\/v2\/pages"}],"about":[{"href":"https:\/\/site.ac-martinique.fr\/creole\/index.php?rest_route=\/wp\/v2\/types\/page"}],"author":[{"embeddable":true,"href":"https:\/\/site.ac-martinique.fr\/creole\/index.php?rest_route=\/wp\/v2\/users\/241"}],"replies":[{"embeddable":true,"href":"https:\/\/site.ac-martinique.fr\/creole\/index.php?rest_route=%2Fwp%2Fv2%2Fcomments&post=617"}],"version-history":[{"count":5,"href":"https:\/\/site.ac-martinique.fr\/creole\/index.php?rest_route=\/wp\/v2\/pages\/617\/revisions"}],"predecessor-version":[{"id":624,"href":"https:\/\/site.ac-martinique.fr\/creole\/index.php?rest_route=\/wp\/v2\/pages\/617\/revisions\/624"}],"wp:attachment":[{"href":"https:\/\/site.ac-martinique.fr\/creole\/index.php?rest_route=%2Fwp%2Fv2%2Fmedia&parent=617"}],"curies":[{"name":"wp","href":"https:\/\/api.w.org\/{rel}","templated":true}]}}