{"id":662,"date":"2025-07-07T16:01:03","date_gmt":"2025-07-07T20:01:03","guid":{"rendered":"https:\/\/site.ac-martinique.fr\/creole\/?page_id=662"},"modified":"2025-07-07T20:06:38","modified_gmt":"2025-07-08T00:06:38","slug":"agregation-interne-section-langues-de-france","status":"publish","type":"page","link":"https:\/\/site.ac-martinique.fr\/creole\/?page_id=662","title":{"rendered":"Agr\u00e9gation interne"},"content":{"rendered":"\n<p>Cette page pr\u00e9sente les sujets des \u00e9preuves \u00e9crites et le rapport du jury pour la session 2024 ainsi que les sujets des \u00e9preuves \u00e9crites pour la session 2025.<\/p>\n\n\n\n<p><strong>Sujets des \u00e9preuves \u00e9crites 2025<\/strong><\/p>\n\n\n\n<div data-wp-interactive=\"core\/file\" class=\"wp-block-file\"><object data-wp-bind--hidden=\"!state.hasPdfPreview\" hidden class=\"wp-block-file__embed\" data=\"https:\/\/site.ac-martinique.fr\/creole\/wp-content\/uploads\/sites\/93\/2025\/07\/agregation-interne-sujet-de-la-premiere-epreuve-ecrite-de-la-session-2025.pdf\" type=\"application\/pdf\" style=\"width:100%;height:600px\" aria-label=\"Contenu embarqu\u00e9 agr\u00e9gation-interne---sujet-de-la-premi\u00e8re \u00e9preuve \u00e9crite-de-la-session-2025.\"><\/object><a id=\"wp-block-file--media-8a8ee25f-27b3-402e-8672-63410ab4dc7e\" href=\"https:\/\/site.ac-martinique.fr\/creole\/wp-content\/uploads\/sites\/93\/2025\/07\/agregation-interne-sujet-de-la-premiere-epreuve-ecrite-de-la-session-2025.pdf\">agr\u00e9gation-interne&#8212;sujet-de-la-premi\u00e8re \u00e9preuve \u00e9crite-de-la-session-2025<\/a><a href=\"https:\/\/site.ac-martinique.fr\/creole\/wp-content\/uploads\/sites\/93\/2025\/07\/agregation-interne-sujet-de-la-premiere-epreuve-ecrite-de-la-session-2025.pdf\" class=\"wp-block-file__button wp-element-button\" download aria-describedby=\"wp-block-file--media-8a8ee25f-27b3-402e-8672-63410ab4dc7e\">T\u00e9l\u00e9charger<\/a><\/div>\n\n\n\n<div data-wp-interactive=\"core\/file\" class=\"wp-block-file\"><object data-wp-bind--hidden=\"!state.hasPdfPreview\" hidden class=\"wp-block-file__embed\" data=\"https:\/\/site.ac-martinique.fr\/creole\/wp-content\/uploads\/sites\/93\/2025\/07\/agregation-interne-sujet-de-la-seconde-epreuve-ecrite-de-la-session-2025.pdf\" type=\"application\/pdf\" style=\"width:100%;height:600px\" aria-label=\"Contenu embarqu\u00e9 agr\u00e9gation-interne---sujet-de-la-seconde \u00e9preuve \u00e9crite-de-la-session-2025.\"><\/object><a id=\"wp-block-file--media-50fdf548-15ca-49e9-813f-2e1e006e4564\" href=\"https:\/\/site.ac-martinique.fr\/creole\/wp-content\/uploads\/sites\/93\/2025\/07\/agregation-interne-sujet-de-la-seconde-epreuve-ecrite-de-la-session-2025.pdf\">agr\u00e9gation-interne&#8212;sujet-de-la-seconde \u00e9preuve \u00e9crite-de-la-session-2025<\/a><a href=\"https:\/\/site.ac-martinique.fr\/creole\/wp-content\/uploads\/sites\/93\/2025\/07\/agregation-interne-sujet-de-la-seconde-epreuve-ecrite-de-la-session-2025.pdf\" class=\"wp-block-file__button wp-element-button\" download aria-describedby=\"wp-block-file--media-50fdf548-15ca-49e9-813f-2e1e006e4564\">T\u00e9l\u00e9charger<\/a><\/div>\n\n\n\n<div data-wp-interactive=\"core\/file\" class=\"wp-block-file\"><object data-wp-bind--hidden=\"!state.hasPdfPreview\" hidden class=\"wp-block-file__embed\" data=\"https:\/\/site.ac-martinique.fr\/creole\/wp-content\/uploads\/sites\/93\/2025\/07\/agregation-interne-sujet-de-la-troisieme-epreuve-ecrite-de-la-session-2025.pdf\" type=\"application\/pdf\" style=\"width:100%;height:600px\" aria-label=\"Contenu embarqu\u00e9 agr\u00e9gation-interne---sujet-de-la-troisi\u00e8me \u00e9preuve \u00e9crite-de-la-session-2025.\"><\/object><a id=\"wp-block-file--media-c23b7f04-6852-4f82-b4d9-f898c58b75ca\" href=\"https:\/\/site.ac-martinique.fr\/creole\/wp-content\/uploads\/sites\/93\/2025\/07\/agregation-interne-sujet-de-la-troisieme-epreuve-ecrite-de-la-session-2025.pdf\">agr\u00e9gation-interne&#8212;sujet-de-la-troisi\u00e8me \u00e9preuve \u00e9crite-de-la-session-2025<\/a><a href=\"https:\/\/site.ac-martinique.fr\/creole\/wp-content\/uploads\/sites\/93\/2025\/07\/agregation-interne-sujet-de-la-troisieme-epreuve-ecrite-de-la-session-2025.pdf\" class=\"wp-block-file__button wp-element-button\" download aria-describedby=\"wp-block-file--media-c23b7f04-6852-4f82-b4d9-f898c58b75ca\">T\u00e9l\u00e9charger<\/a><\/div>\n\n\n\n<p><strong>Sujets des \u00e9preuves \u00e9crites 2024<\/strong><\/p>\n\n\n\n<div data-wp-interactive=\"core\/file\" class=\"wp-block-file\"><object data-wp-bind--hidden=\"!state.hasPdfPreview\" hidden class=\"wp-block-file__embed\" data=\"https:\/\/site.ac-martinique.fr\/creole\/wp-content\/uploads\/sites\/93\/2025\/07\/agregation-interne-sujet-de-la-premier-epreuve-ecrite-de-la-session-2024.pdf\" type=\"application\/pdf\" style=\"width:100%;height:600px\" aria-label=\"Contenu embarqu\u00e9 agr\u00e9gation-interne---sujet-de-la-premi\u00e8r \u00e9preuve \u00e9crite-de-la-session-2024.\"><\/object><a id=\"wp-block-file--media-28fe425e-2e74-4e01-a9f5-f273a0adfb8c\" href=\"https:\/\/site.ac-martinique.fr\/creole\/wp-content\/uploads\/sites\/93\/2025\/07\/agregation-interne-sujet-de-la-premier-epreuve-ecrite-de-la-session-2024.pdf\">agr\u00e9gation-interne&#8212;sujet-de-la-premi\u00e8r \u00e9preuve \u00e9crite-de-la-session-2024<\/a><a href=\"https:\/\/site.ac-martinique.fr\/creole\/wp-content\/uploads\/sites\/93\/2025\/07\/agregation-interne-sujet-de-la-premier-epreuve-ecrite-de-la-session-2024.pdf\" class=\"wp-block-file__button wp-element-button\" download aria-describedby=\"wp-block-file--media-28fe425e-2e74-4e01-a9f5-f273a0adfb8c\">T\u00e9l\u00e9charger<\/a><\/div>\n\n\n\n<div data-wp-interactive=\"core\/file\" class=\"wp-block-file\"><object data-wp-bind--hidden=\"!state.hasPdfPreview\" hidden class=\"wp-block-file__embed\" data=\"https:\/\/site.ac-martinique.fr\/creole\/wp-content\/uploads\/sites\/93\/2025\/07\/agregation-interne-sujet-de-la-deuxieme-epreuve-ecrite-de-la-session-2024.pdf\" type=\"application\/pdf\" style=\"width:100%;height:600px\" aria-label=\"Contenu embarqu\u00e9 agr\u00e9gation-interne---sujet-de-la-deuxi\u00e8me \u00e9preuve \u00e9crite-de-la-session-2024.\"><\/object><a id=\"wp-block-file--media-bfd7f9c3-82cf-4d08-b873-22a8c1be918d\" href=\"https:\/\/site.ac-martinique.fr\/creole\/wp-content\/uploads\/sites\/93\/2025\/07\/agregation-interne-sujet-de-la-deuxieme-epreuve-ecrite-de-la-session-2024.pdf\">agr\u00e9gation-interne&#8212;sujet-de-la-deuxi\u00e8me \u00e9preuve \u00e9crite-de-la-session-2024<\/a><a href=\"https:\/\/site.ac-martinique.fr\/creole\/wp-content\/uploads\/sites\/93\/2025\/07\/agregation-interne-sujet-de-la-deuxieme-epreuve-ecrite-de-la-session-2024.pdf\" class=\"wp-block-file__button wp-element-button\" download aria-describedby=\"wp-block-file--media-bfd7f9c3-82cf-4d08-b873-22a8c1be918d\">T\u00e9l\u00e9charger<\/a><\/div>\n\n\n\n<p><\/p>\n\n\n\n<div data-wp-interactive=\"core\/file\" class=\"wp-block-file\"><object data-wp-bind--hidden=\"!state.hasPdfPreview\" hidden class=\"wp-block-file__embed\" data=\"https:\/\/site.ac-martinique.fr\/creole\/wp-content\/uploads\/sites\/93\/2025\/07\/agregation-interne-sujet-de-la-troisieme-epreuve-ecrite-de-la-session-2024.pdf\" type=\"application\/pdf\" style=\"width:100%;height:600px\" aria-label=\"Contenu embarqu\u00e9 agr\u00e9gation-interne---sujet-de-la-troisi\u00e8me \u00e9preuve \u00e9crite-de-la-session-2024.\"><\/object><a id=\"wp-block-file--media-bcf98fb2-f17a-4173-9f15-691c872e2003\" href=\"https:\/\/site.ac-martinique.fr\/creole\/wp-content\/uploads\/sites\/93\/2025\/07\/agregation-interne-sujet-de-la-troisieme-epreuve-ecrite-de-la-session-2024.pdf\">agr\u00e9gation-interne&#8212;sujet-de-la-troisi\u00e8me \u00e9preuve \u00e9crite-de-la-session-2024<\/a><a href=\"https:\/\/site.ac-martinique.fr\/creole\/wp-content\/uploads\/sites\/93\/2025\/07\/agregation-interne-sujet-de-la-troisieme-epreuve-ecrite-de-la-session-2024.pdf\" class=\"wp-block-file__button wp-element-button\" download aria-describedby=\"wp-block-file--media-bcf98fb2-f17a-4173-9f15-691c872e2003\">T\u00e9l\u00e9charger<\/a><\/div>\n\n\n\n<p><\/p>\n\n\n\n<p><strong>Rapport du jury de la session 2024<\/strong><\/p>\n\n\n\n<div data-wp-interactive=\"core\/file\" class=\"wp-block-file\"><object data-wp-bind--hidden=\"!state.hasPdfPreview\" hidden class=\"wp-block-file__embed\" data=\"https:\/\/site.ac-martinique.fr\/creole\/wp-content\/uploads\/sites\/93\/2025\/07\/agregation-interne-rapport-du-jury-de-la-session-2024.pdf\" type=\"application\/pdf\" style=\"width:100%;height:600px\" aria-label=\"Contenu embarqu\u00e9 agr\u00e9gation-interne---rapport-du-jury-de-la-session-2024.\"><\/object><a id=\"wp-block-file--media-427d1275-340a-429c-b8e8-09ce75153471\" href=\"https:\/\/site.ac-martinique.fr\/creole\/wp-content\/uploads\/sites\/93\/2025\/07\/agregation-interne-rapport-du-jury-de-la-session-2024.pdf\">agr\u00e9gation-interne&#8212;rapport-du-jury-de-la-session-2024<\/a><a href=\"https:\/\/site.ac-martinique.fr\/creole\/wp-content\/uploads\/sites\/93\/2025\/07\/agregation-interne-rapport-du-jury-de-la-session-2024.pdf\" class=\"wp-block-file__button wp-element-button\" download aria-describedby=\"wp-block-file--media-427d1275-340a-429c-b8e8-09ce75153471\">T\u00e9l\u00e9charger<\/a><\/div>\n","protected":false},"excerpt":{"rendered":"<p>Cette page pr\u00e9sente les sujets des \u00e9preuves \u00e9crites et le rapport du jury pour la session 2024 ainsi que les sujets des \u00e9preuves \u00e9crites pour la session 2025. Sujets des \u00e9preuves \u00e9crites 2025 Sujets des \u00e9preuves \u00e9crites 2024 Rapport du jury de la session 2024<\/p>\n","protected":false},"author":241,"featured_media":0,"parent":0,"menu_order":0,"comment_status":"closed","ping_status":"closed","template":"","meta":{"footnotes":""},"class_list":["post-662","page","type-page","status-publish","hentry"],"_links":{"self":[{"href":"https:\/\/site.ac-martinique.fr\/creole\/index.php?rest_route=\/wp\/v2\/pages\/662","targetHints":{"allow":["GET"]}}],"collection":[{"href":"https:\/\/site.ac-martinique.fr\/creole\/index.php?rest_route=\/wp\/v2\/pages"}],"about":[{"href":"https:\/\/site.ac-martinique.fr\/creole\/index.php?rest_route=\/wp\/v2\/types\/page"}],"author":[{"embeddable":true,"href":"https:\/\/site.ac-martinique.fr\/creole\/index.php?rest_route=\/wp\/v2\/users\/241"}],"replies":[{"embeddable":true,"href":"https:\/\/site.ac-martinique.fr\/creole\/index.php?rest_route=%2Fwp%2Fv2%2Fcomments&post=662"}],"version-history":[{"count":2,"href":"https:\/\/site.ac-martinique.fr\/creole\/index.php?rest_route=\/wp\/v2\/pages\/662\/revisions"}],"predecessor-version":[{"id":686,"href":"https:\/\/site.ac-martinique.fr\/creole\/index.php?rest_route=\/wp\/v2\/pages\/662\/revisions\/686"}],"wp:attachment":[{"href":"https:\/\/site.ac-martinique.fr\/creole\/index.php?rest_route=%2Fwp%2Fv2%2Fmedia&parent=662"}],"curies":[{"name":"wp","href":"https:\/\/api.w.org\/{rel}","templated":true}]}}