{"id":710,"date":"2025-10-07T09:08:09","date_gmt":"2025-10-07T13:08:09","guid":{"rendered":"https:\/\/site.ac-martinique.fr\/creole\/?page_id=710"},"modified":"2025-10-07T09:10:54","modified_gmt":"2025-10-07T13:10:54","slug":"sujets-lvb","status":"publish","type":"page","link":"https:\/\/site.ac-martinique.fr\/creole\/?page_id=710","title":{"rendered":"Sujets Baccalaur\u00e9at LVB"},"content":{"rendered":"\n<p><strong>LVB-Cr\u00e9ole Martiniquais (Premi\u00e8re)<\/strong> Session 2025<\/p>\n\n\n\n<div data-wp-interactive=\"core\/file\" class=\"wp-block-file\"><object data-wp-bind--hidden=\"!state.hasPdfPreview\" hidden class=\"wp-block-file__embed\" data=\"https:\/\/site.ac-martinique.fr\/creole\/wp-content\/uploads\/sites\/93\/2025\/10\/LVB_Creole-Martiniquais_premiere_SUJET-2-Session-2025_v1-0.pdf\" type=\"application\/pdf\" style=\"width:100%;height:600px\" aria-label=\"Contenu embarqu\u00e9 LVB_Cr\u00e9ole Martiniquais_premi\u00e8re_SUJET 2-Session 2025_v1-0.\"><\/object><a id=\"wp-block-file--media-6fa4fb99-d3ed-403e-8b2a-1e58283fef80\" href=\"https:\/\/site.ac-martinique.fr\/creole\/wp-content\/uploads\/sites\/93\/2025\/10\/LVB_Creole-Martiniquais_premiere_SUJET-2-Session-2025_v1-0.pdf\">LVB_Cr\u00e9ole Martiniquais_premi\u00e8re_SUJET 2-Session 2025_v1-0<\/a><a href=\"https:\/\/site.ac-martinique.fr\/creole\/wp-content\/uploads\/sites\/93\/2025\/10\/LVB_Creole-Martiniquais_premiere_SUJET-2-Session-2025_v1-0.pdf\" class=\"wp-block-file__button wp-element-button\" download aria-describedby=\"wp-block-file--media-6fa4fb99-d3ed-403e-8b2a-1e58283fef80\">T\u00e9l\u00e9charger<\/a><\/div>\n\n\n\n<p><\/p>\n\n\n\n<p><strong>LVB-Cr\u00e9ole Martiniquais (programme Terminale)<\/strong> Session 2025<\/p>\n\n\n\n<div data-wp-interactive=\"core\/file\" class=\"wp-block-file\"><object data-wp-bind--hidden=\"!state.hasPdfPreview\" hidden class=\"wp-block-file__embed\" data=\"https:\/\/site.ac-martinique.fr\/creole\/wp-content\/uploads\/sites\/93\/2025\/10\/EvTer-creole-Mque-CO-CE-EE-axe6_v1-alabowdaj_v3-0.pdf\" type=\"application\/pdf\" style=\"width:100%;height:600px\" aria-label=\"Contenu embarqu\u00e9 EvTer-cr\u00e9ole-Mque-CO-CE-EE-axe6_v1-alabowdaj_v3-0.\"><\/object><a id=\"wp-block-file--media-f3edda0d-c254-4c60-a12a-2088096f5fe2\" href=\"https:\/\/site.ac-martinique.fr\/creole\/wp-content\/uploads\/sites\/93\/2025\/10\/EvTer-creole-Mque-CO-CE-EE-axe6_v1-alabowdaj_v3-0.pdf\">EvTer-cr\u00e9ole-Mque-CO-CE-EE-axe6_v1-alabowdaj_v3-0<\/a><a href=\"https:\/\/site.ac-martinique.fr\/creole\/wp-content\/uploads\/sites\/93\/2025\/10\/EvTer-creole-Mque-CO-CE-EE-axe6_v1-alabowdaj_v3-0.pdf\" class=\"wp-block-file__button wp-element-button\" download aria-describedby=\"wp-block-file--media-f3edda0d-c254-4c60-a12a-2088096f5fe2\">T\u00e9l\u00e9charger<\/a><\/div>\n\n\n\n<p>Document audio associ\u00e9 au sujet<\/p>\n\n\n\n<div class=\"wp-block-file\"><a id=\"wp-block-file--media-d66fa9ee-3fe1-4c43-9b89-d8e9e6634a96\" href=\"https:\/\/site.ac-martinique.fr\/creole\/wp-content\/uploads\/sites\/93\/2025\/10\/EvTer-creole-Mque-CO-CE-EE-axe6_v1-alabowdaj_v2-0.mp3\">EvTer-cr\u00e9ole-Mque-CO-CE-EE-axe6_v1-alabowdaj_v2-0<\/a><a href=\"https:\/\/site.ac-martinique.fr\/creole\/wp-content\/uploads\/sites\/93\/2025\/10\/EvTer-creole-Mque-CO-CE-EE-axe6_v1-alabowdaj_v2-0.mp3\" class=\"wp-block-file__button wp-element-button\" download aria-describedby=\"wp-block-file--media-d66fa9ee-3fe1-4c43-9b89-d8e9e6634a96\">T\u00e9l\u00e9charger<\/a><\/div>\n","protected":false},"excerpt":{"rendered":"<p>LVB-Cr\u00e9ole Martiniquais (Premi\u00e8re) Session 2025 LVB-Cr\u00e9ole Martiniquais (programme Terminale) Session 2025 Document audio associ\u00e9 au sujet<\/p>\n","protected":false},"author":241,"featured_media":0,"parent":0,"menu_order":0,"comment_status":"closed","ping_status":"closed","template":"","meta":{"footnotes":""},"class_list":["post-710","page","type-page","status-publish","hentry"],"_links":{"self":[{"href":"https:\/\/site.ac-martinique.fr\/creole\/index.php?rest_route=\/wp\/v2\/pages\/710","targetHints":{"allow":["GET"]}}],"collection":[{"href":"https:\/\/site.ac-martinique.fr\/creole\/index.php?rest_route=\/wp\/v2\/pages"}],"about":[{"href":"https:\/\/site.ac-martinique.fr\/creole\/index.php?rest_route=\/wp\/v2\/types\/page"}],"author":[{"embeddable":true,"href":"https:\/\/site.ac-martinique.fr\/creole\/index.php?rest_route=\/wp\/v2\/users\/241"}],"replies":[{"embeddable":true,"href":"https:\/\/site.ac-martinique.fr\/creole\/index.php?rest_route=%2Fwp%2Fv2%2Fcomments&post=710"}],"version-history":[{"count":3,"href":"https:\/\/site.ac-martinique.fr\/creole\/index.php?rest_route=\/wp\/v2\/pages\/710\/revisions"}],"predecessor-version":[{"id":717,"href":"https:\/\/site.ac-martinique.fr\/creole\/index.php?rest_route=\/wp\/v2\/pages\/710\/revisions\/717"}],"wp:attachment":[{"href":"https:\/\/site.ac-martinique.fr\/creole\/index.php?rest_route=%2Fwp%2Fv2%2Fmedia&parent=710"}],"curies":[{"name":"wp","href":"https:\/\/api.w.org\/{rel}","templated":true}]}}