{"id":719,"date":"2026-02-22T18:03:00","date_gmt":"2026-02-22T22:03:00","guid":{"rendered":"https:\/\/site.ac-martinique.fr\/creole\/?page_id=719"},"modified":"2026-02-25T20:23:35","modified_gmt":"2026-02-26T00:23:35","slug":"circulaire-habilitation-academique-en-langue-regionale-creole","status":"publish","type":"page","link":"https:\/\/site.ac-martinique.fr\/creole\/?page_id=719","title":{"rendered":"Circulaire &#8211; Habilitation acad\u00e9mique en langue r\u00e9gionale cr\u00e9ole"},"content":{"rendered":"\n<p>Circulaire n\u00b0IPR-CP-25-016 du 18 septembre 2025<br>relative \u00e0 l&rsquo;obtention d&rsquo;une habilitation acad\u00e9mique en langue r\u00e9gionale cr\u00e9ole &#8211; session 2026<\/p>\n\n\n\n<div data-wp-interactive=\"core\/file\" class=\"wp-block-file\"><object data-wp-bind--hidden=\"!state.hasPdfPreview\" hidden class=\"wp-block-file__embed\" data=\"https:\/\/site.ac-martinique.fr\/creole\/wp-content\/uploads\/sites\/93\/2026\/02\/CIRCULAIRE-Habilitation-a-enseigner-la-langue-vivante-regionale-creole-dans-une-discipline-autre-que-le-creole.pdf\" type=\"application\/pdf\" style=\"width:100%;height:600px\" aria-label=\"Contenu embarqu\u00e9 CIRCULAIRE - Habilitation \u00e0 enseigner la langue vivante r\u00e9gionale cr\u00e9ole dans une discipline autre que le cr\u00e9ole.\"><\/object><a id=\"wp-block-file--media-fc029d5f-5bc4-438c-8e5c-8205766ab31f\" href=\"https:\/\/site.ac-martinique.fr\/creole\/wp-content\/uploads\/sites\/93\/2026\/02\/CIRCULAIRE-Habilitation-a-enseigner-la-langue-vivante-regionale-creole-dans-une-discipline-autre-que-le-creole.pdf\">CIRCULAIRE &#8211; Habilitation \u00e0 enseigner la langue vivante r\u00e9gionale cr\u00e9ole dans une discipline autre que le cr\u00e9ole<\/a><a href=\"https:\/\/site.ac-martinique.fr\/creole\/wp-content\/uploads\/sites\/93\/2026\/02\/CIRCULAIRE-Habilitation-a-enseigner-la-langue-vivante-regionale-creole-dans-une-discipline-autre-que-le-creole.pdf\" class=\"wp-block-file__button wp-element-button\" download aria-describedby=\"wp-block-file--media-fc029d5f-5bc4-438c-8e5c-8205766ab31f\">T\u00e9l\u00e9charger<\/a><\/div>\n","protected":false},"excerpt":{"rendered":"<p>Circulaire n\u00b0IPR-CP-25-016 du 18 septembre 2025relative \u00e0 l&rsquo;obtention d&rsquo;une habilitation acad\u00e9mique en langue r\u00e9gionale cr\u00e9ole &#8211; session 2026<\/p>\n","protected":false},"author":241,"featured_media":0,"parent":0,"menu_order":0,"comment_status":"closed","ping_status":"closed","template":"","meta":{"footnotes":""},"class_list":["post-719","page","type-page","status-publish","hentry"],"_links":{"self":[{"href":"https:\/\/site.ac-martinique.fr\/creole\/index.php?rest_route=\/wp\/v2\/pages\/719","targetHints":{"allow":["GET"]}}],"collection":[{"href":"https:\/\/site.ac-martinique.fr\/creole\/index.php?rest_route=\/wp\/v2\/pages"}],"about":[{"href":"https:\/\/site.ac-martinique.fr\/creole\/index.php?rest_route=\/wp\/v2\/types\/page"}],"author":[{"embeddable":true,"href":"https:\/\/site.ac-martinique.fr\/creole\/index.php?rest_route=\/wp\/v2\/users\/241"}],"replies":[{"embeddable":true,"href":"https:\/\/site.ac-martinique.fr\/creole\/index.php?rest_route=%2Fwp%2Fv2%2Fcomments&post=719"}],"version-history":[{"count":1,"href":"https:\/\/site.ac-martinique.fr\/creole\/index.php?rest_route=\/wp\/v2\/pages\/719\/revisions"}],"predecessor-version":[{"id":721,"href":"https:\/\/site.ac-martinique.fr\/creole\/index.php?rest_route=\/wp\/v2\/pages\/719\/revisions\/721"}],"wp:attachment":[{"href":"https:\/\/site.ac-martinique.fr\/creole\/index.php?rest_route=%2Fwp%2Fv2%2Fmedia&parent=719"}],"curies":[{"name":"wp","href":"https:\/\/api.w.org\/{rel}","templated":true}]}}