{"id":725,"date":"2026-02-25T20:23:50","date_gmt":"2026-02-26T00:23:50","guid":{"rendered":"https:\/\/site.ac-martinique.fr\/creole\/?page_id=725"},"modified":"2026-02-25T20:23:50","modified_gmt":"2026-02-26T00:23:50","slug":"circulaire-sac-2026","status":"publish","type":"page","link":"https:\/\/site.ac-martinique.fr\/creole\/?page_id=725","title":{"rendered":"Circulaire SAC 2026"},"content":{"rendered":"\n<div data-wp-interactive=\"core\/file\" class=\"wp-block-file\"><object data-wp-bind--hidden=\"!state.hasPdfPreview\" hidden class=\"wp-block-file__embed\" data=\"https:\/\/site.ac-martinique.fr\/creole\/wp-content\/uploads\/sites\/93\/2026\/02\/CIRCULAIRE-ACADEMIQUE-SEMAINE-ACADEMIQUE-DU-CREOLE-DU-23-AU-28-MARS-2026-1.pdf\" type=\"application\/pdf\" style=\"width:100%;height:600px\" aria-label=\"Contenu embarqu\u00e9 CIRCULAIRE ACAD\u00c9MIQUE - SEMAINE ACAD\u00c9MIQUE DU CR\u00c9OLE DU 23 AU 28 MARS 2026.\"><\/object><a id=\"wp-block-file--media-15f8f18e-55c3-4ab2-8083-629590badeae\" href=\"https:\/\/site.ac-martinique.fr\/creole\/wp-content\/uploads\/sites\/93\/2026\/02\/CIRCULAIRE-ACADEMIQUE-SEMAINE-ACADEMIQUE-DU-CREOLE-DU-23-AU-28-MARS-2026-1.pdf\">CIRCULAIRE ACAD\u00c9MIQUE &#8211; SEMAINE ACAD\u00c9MIQUE DU CR\u00c9OLE DU 23 AU 28 MARS 2026<\/a><a href=\"https:\/\/site.ac-martinique.fr\/creole\/wp-content\/uploads\/sites\/93\/2026\/02\/CIRCULAIRE-ACADEMIQUE-SEMAINE-ACADEMIQUE-DU-CREOLE-DU-23-AU-28-MARS-2026-1.pdf\" class=\"wp-block-file__button wp-element-button\" download aria-describedby=\"wp-block-file--media-15f8f18e-55c3-4ab2-8083-629590badeae\">T\u00e9l\u00e9charger<\/a><\/div>\n","protected":false},"excerpt":{"rendered":"","protected":false},"author":241,"featured_media":0,"parent":0,"menu_order":0,"comment_status":"closed","ping_status":"closed","template":"","meta":{"footnotes":""},"class_list":["post-725","page","type-page","status-publish","hentry"],"_links":{"self":[{"href":"https:\/\/site.ac-martinique.fr\/creole\/index.php?rest_route=\/wp\/v2\/pages\/725","targetHints":{"allow":["GET"]}}],"collection":[{"href":"https:\/\/site.ac-martinique.fr\/creole\/index.php?rest_route=\/wp\/v2\/pages"}],"about":[{"href":"https:\/\/site.ac-martinique.fr\/creole\/index.php?rest_route=\/wp\/v2\/types\/page"}],"author":[{"embeddable":true,"href":"https:\/\/site.ac-martinique.fr\/creole\/index.php?rest_route=\/wp\/v2\/users\/241"}],"replies":[{"embeddable":true,"href":"https:\/\/site.ac-martinique.fr\/creole\/index.php?rest_route=%2Fwp%2Fv2%2Fcomments&post=725"}],"version-history":[{"count":4,"href":"https:\/\/site.ac-martinique.fr\/creole\/index.php?rest_route=\/wp\/v2\/pages\/725\/revisions"}],"predecessor-version":[{"id":731,"href":"https:\/\/site.ac-martinique.fr\/creole\/index.php?rest_route=\/wp\/v2\/pages\/725\/revisions\/731"}],"wp:attachment":[{"href":"https:\/\/site.ac-martinique.fr\/creole\/index.php?rest_route=%2Fwp%2Fv2%2Fmedia&parent=725"}],"curies":[{"name":"wp","href":"https:\/\/api.w.org\/{rel}","templated":true}]}}