{"id":1228,"date":"2022-04-07T15:09:09","date_gmt":"2022-04-07T14:09:09","guid":{"rendered":"https:\/\/site.ac-martinique.fr\/davl\/?page_id=1228"},"modified":"2022-05-05T19:08:03","modified_gmt":"2022-05-05T18:08:03","slug":"cvc","status":"publish","type":"page","link":"https:\/\/site.ac-martinique.fr\/davl\/?page_id=1228","title":{"rendered":"CVC"},"content":{"rendered":"\n<p>Le conseil des d\u00e9l\u00e9gu\u00e9s pour la vie coll\u00e9gienne (CVC), aussi appel\u00e9 conseil de la vie coll\u00e9gienne, fonctionne sur le mod\u00e8le du CVL.<\/p>\n\n\n\n<p><\/p>\n\n\n\n<p><\/p>\n\n\n\n<p><\/p>\n\n\n\n<p>DOCUMENTS CADRES<\/p>\n\n\n\n<ul class=\"wp-block-list\"><li>Circulaires<\/li><li>Sites ressources<\/li><\/ul>\n\n\n\n<p><strong>Les membres&nbsp;:<\/strong><\/p>\n\n\n\n<p>Pr\u00e9sid\u00e9 par le chef d&rsquo;\u00e9tablissement, le CVC est constitu\u00e9 d&rsquo;\u00e9lus \u00e9l\u00e8ves et de repr\u00e9sentants de l&rsquo;administration, du personnel et des parents d\u00e9sign\u00e9s par le conseil d&rsquo;administration (CA).<\/p>\n\n\n\n<p>Les coll\u00e9giens \u00e9lus du CVC peuvent \u00eatre d\u00e9sign\u00e9s ou \u00e9lus. Le R\u00e9f\u00e9rent vie coll\u00e9gienne peut proposer une liste d\u2019\u00e9l\u00e8ves engag\u00e9s ou organiser le vote des \u00e9l\u00e8ves. Cette derni\u00e8re solution favorise l\u2019apprentissage des r\u00e8gles et codes de l\u2019exercice de la d\u00e9mocratie et forme le citoyen de demain.<\/p>\n\n\n\n<p><strong>Son Fonctionnement&nbsp;:<\/strong><\/p>\n\n\n\n<p>Le conseil d&rsquo;administration du coll\u00e8ge fixe les r\u00e8gles de fonctionnement du conseil. Le CVC adopte lui-m\u00eame son r\u00e8glement int\u00e9rieur.<\/p>\n\n\n\n<p>Les s\u00e9ances du CVC se tiennent r\u00e9guli\u00e8rement, \u00e0 minima une foix par mois, pour pouvoir construire un plan d\u2019actions, le r\u00e9aliser et suivre les projets port\u00e9s par les repr\u00e9sentants des \u00e9l\u00e8ves.&nbsp;&nbsp;&nbsp;&nbsp;&nbsp;&nbsp;<\/p>\n\n\n\n<p><strong>Les missions du CVC&nbsp;: &nbsp;&nbsp;<\/strong><\/p>\n\n\n\n<p><strong>&nbsp;<\/strong>Le CVC a pour mission de rendre les coll\u00e9giens acteurs de leur scolarit\u00e9, de la vie de leur \u00e9tablissement et de leur environnement proche. Espace de dialogue et d\u2019\u00e9change, il permet de les impliquer et de les initier \u00e0 l&rsquo;engagement citoyen dans des actions \u00e0 grande ou petite \u00e9chelle selon leurs id\u00e9es et les moyens \u00e0 leur disposition. <strong>&nbsp;&nbsp;&nbsp;&nbsp;&nbsp;&nbsp;&nbsp;&nbsp;&nbsp;&nbsp;&nbsp;&nbsp;&nbsp;&nbsp;&nbsp;&nbsp;&nbsp;&nbsp;&nbsp;&nbsp;&nbsp;&nbsp;&nbsp;&nbsp;&nbsp;&nbsp;&nbsp;&nbsp;&nbsp;&nbsp;&nbsp;&nbsp;&nbsp;&nbsp;&nbsp;&nbsp;&nbsp;&nbsp;&nbsp;&nbsp;&nbsp;&nbsp;&nbsp;&nbsp;&nbsp;&nbsp;&nbsp;&nbsp;&nbsp;&nbsp;&nbsp;&nbsp;&nbsp;&nbsp;&nbsp;&nbsp;&nbsp;&nbsp;&nbsp;&nbsp;&nbsp;&nbsp;&nbsp;&nbsp;&nbsp;&nbsp;&nbsp;&nbsp;&nbsp;<\/strong><\/p>\n\n\n\n<ul class=\"wp-block-list\"><li><strong>Les champs d\u2019action des CVC<\/strong><\/li><li>La pr\u00e9vention du harc\u00e8lement&nbsp;: <strong><u>ambassadeurs de la lutte contre le harc\u00e8lement<\/u><\/strong><\/li><li>L\u2019\u00e9ducation au d\u00e9veloppement durable&nbsp;: les <strong><u>\u00e9co d\u00e9l\u00e9gu\u00e9s du CVC<\/u><\/strong> \u2026<\/li><li>La pr\u00e9vention sant\u00e9<\/li><li>&#8230;<\/li><li>Exemples d\u2019actions &nbsp;<\/li><\/ul>\n","protected":false},"excerpt":{"rendered":"<p>Le conseil des d\u00e9l\u00e9gu\u00e9s pour la vie coll\u00e9gienne (CVC), aussi appel\u00e9 conseil de la vie coll\u00e9gienne, fonctionne sur le mod\u00e8le du CVL. DOCUMENTS CADRES Circulaires Sites ressources Les membres&nbsp;: Pr\u00e9sid\u00e9 par le chef d&rsquo;\u00e9tablissement, le CVC est constitu\u00e9 d&rsquo;\u00e9lus \u00e9l\u00e8ves et de repr\u00e9sentants de l&rsquo;administration, du personnel et des parents d\u00e9sign\u00e9s par le conseil d&rsquo;administration (CA). Les coll\u00e9giens \u00e9lus du CVC peuvent \u00eatre d\u00e9sign\u00e9s ou \u00e9lus. Le R\u00e9f\u00e9rent vie coll\u00e9gienne peut proposer une liste d\u2019\u00e9l\u00e8ves engag\u00e9s ou organiser le vote des \u00e9l\u00e8ves. Cette derni\u00e8re solution favorise l\u2019apprentissage des r\u00e8gles et codes de l\u2019exercice de la d\u00e9mocratie et forme le citoyen de demain. Son Fonctionnement&nbsp;: Le conseil d&rsquo;administration du coll\u00e8ge fixe les r\u00e8gles de fonctionnement du conseil. Le CVC adopte lui-m\u00eame son r\u00e8glement int\u00e9rieur. Les s\u00e9ances du CVC se tiennent r\u00e9guli\u00e8rement, \u00e0 minima une foix par mois, pour pouvoir construire un plan d\u2019actions, le r\u00e9aliser et suivre les projets port\u00e9s par les repr\u00e9sentants des \u00e9l\u00e8ves.&nbsp;&nbsp;&nbsp;&nbsp;&nbsp;&nbsp; Les missions du CVC&nbsp;: &nbsp;&nbsp; &nbsp;Le CVC a pour mission de rendre les coll\u00e9giens acteurs de leur scolarit\u00e9, de la vie de leur \u00e9tablissement et de leur environnement proche. Espace de dialogue et d\u2019\u00e9change, il permet de les impliquer et de les initier \u00e0 l&rsquo;engagement citoyen dans des actions \u00e0 grande ou petite \u00e9chelle selon leurs id\u00e9es et les moyens \u00e0 leur disposition. &nbsp;&nbsp;&nbsp;&nbsp;&nbsp;&nbsp;&nbsp;&nbsp;&nbsp;&nbsp;&nbsp;&nbsp;&nbsp;&nbsp;&nbsp;&nbsp;&nbsp;&nbsp;&nbsp;&nbsp;&nbsp;&nbsp;&nbsp;&nbsp;&nbsp;&nbsp;&nbsp;&nbsp;&nbsp;&nbsp;&nbsp;&nbsp;&nbsp;&nbsp;&nbsp;&nbsp;&nbsp;&nbsp;&nbsp;&nbsp;&nbsp;&nbsp;&nbsp;&nbsp;&nbsp;&nbsp;&nbsp;&nbsp;&nbsp;&nbsp;&nbsp;&nbsp;&nbsp;&nbsp;&nbsp;&nbsp;&nbsp;&nbsp;&nbsp;&nbsp;&nbsp;&nbsp;&nbsp;&nbsp;&nbsp;&nbsp;&nbsp;&nbsp;&nbsp; Les champs d\u2019action des CVC La pr\u00e9vention du harc\u00e8lement&nbsp;: ambassadeurs de la lutte contre le harc\u00e8lement L\u2019\u00e9ducation au d\u00e9veloppement durable&nbsp;: les \u00e9co d\u00e9l\u00e9gu\u00e9s du CVC \u2026 La pr\u00e9vention sant\u00e9 &#8230; Exemples d\u2019actions &nbsp;<\/p>\n","protected":false},"author":325,"featured_media":0,"parent":0,"menu_order":0,"comment_status":"closed","ping_status":"closed","template":"","meta":{"footnotes":""},"class_list":["post-1228","page","type-page","status-publish","hentry"],"_links":{"self":[{"href":"https:\/\/site.ac-martinique.fr\/davl\/index.php?rest_route=\/wp\/v2\/pages\/1228","targetHints":{"allow":["GET"]}}],"collection":[{"href":"https:\/\/site.ac-martinique.fr\/davl\/index.php?rest_route=\/wp\/v2\/pages"}],"about":[{"href":"https:\/\/site.ac-martinique.fr\/davl\/index.php?rest_route=\/wp\/v2\/types\/page"}],"author":[{"embeddable":true,"href":"https:\/\/site.ac-martinique.fr\/davl\/index.php?rest_route=\/wp\/v2\/users\/325"}],"replies":[{"embeddable":true,"href":"https:\/\/site.ac-martinique.fr\/davl\/index.php?rest_route=%2Fwp%2Fv2%2Fcomments&post=1228"}],"version-history":[{"count":5,"href":"https:\/\/site.ac-martinique.fr\/davl\/index.php?rest_route=\/wp\/v2\/pages\/1228\/revisions"}],"predecessor-version":[{"id":1253,"href":"https:\/\/site.ac-martinique.fr\/davl\/index.php?rest_route=\/wp\/v2\/pages\/1228\/revisions\/1253"}],"wp:attachment":[{"href":"https:\/\/site.ac-martinique.fr\/davl\/index.php?rest_route=%2Fwp%2Fv2%2Fmedia&parent=1228"}],"curies":[{"name":"wp","href":"https:\/\/api.w.org\/{rel}","templated":true}]}}