{"id":1229,"date":"2022-04-07T15:09:09","date_gmt":"2022-04-07T14:09:09","guid":{"rendered":"https:\/\/site.ac-martinique.fr\/davl\/?page_id=1229"},"modified":"2022-05-31T18:15:11","modified_gmt":"2022-05-31T17:15:11","slug":"cvl","status":"publish","type":"page","link":"https:\/\/site.ac-martinique.fr\/davl\/?page_id=1229","title":{"rendered":"CVL"},"content":{"rendered":"\n<p>Le conseil des d\u00e9l\u00e9gu\u00e9s pour la vie lyc\u00e9enne (CVL), conseil de la vie lyc\u00e9enne ou conseil pour la vie lyc\u00e9enne, est un organe majeur dans l\u2019exercice de la d\u00e9mocratie lyc\u00e9enne en France.<\/p>\n\n\n\n<p>La cr\u00e9ation du conseil de la vie lyc\u00e9enne est issue de la consultation des lyc\u00e9ens initi\u00e9e au printemps 1998. Il avait&nbsp; pour but \u00ab d\u2019instaurer un dialogue plus efficace entre les lyc\u00e9ens et les autres membres de la communaut\u00e9 \u00e9ducative sur toutes les propositions relatives \u00e0 la vie et au travail scolaires \u00bb. Apr\u00e8s une phase d&rsquo;exp\u00e9rimentation sur le principe du volontariat, l&rsquo;instance est g\u00e9n\u00e9ralis\u00e9e \u00e0 l\u2019ensemble des lyc\u00e9es publics en juillet 2001.<\/p>\n\n\n\n<p>Par cette instance o\u00f9 les lyc\u00e9ens sont associ\u00e9s aux d\u00e9cisions de leur \u00e9tablissement scolaire. Le CVL est comp\u00e9tent pour d\u00e9battre des questions sur le travail scolaire et les conditions de vie des \u00e9l\u00e8ves dans les lyc\u00e9es. Le conseil d&rsquo;administration de l&rsquo;\u00e9tablissement scolaire le consulte quand il doit traiter d&rsquo;un de ces sujets.<\/p>\n\n\n\n<p class=\"has-text-align-center\"><strong>COMMENT SONT ELUS LES LYCEENS MEMBRES DU CVL\u00a0?<\/strong><\/p>\n\n\n\n<p>Les repr\u00e9sentants\u00a0sont \u00e9lus\u00a0au scrutin plurinominal \u00e0 un tour. En cas d&rsquo;\u00e9galit\u00e9 de voix, le candidat le plus jeune\u00a0est\u00a0d\u00e9clar\u00e9\u00a0\u00e9lu.<\/p>\n\n\n\n<p class=\"has-text-align-center\"><strong>FONCTIONNEMENT DES CVL :<\/strong><\/p>\n\n\n\n<p>Pr\u00e9sid\u00e9 par le chef d&rsquo;\u00e9tablissement, il est constitu\u00e9 \u00e0 parit\u00e9 d&rsquo;\u00e9lus \u00e9l\u00e8ves et de repr\u00e9sentants de l&rsquo;administration, du personnel et des parents d\u00e9sign\u00e9s par le conseil d&rsquo;administration (CA). N\u00e9anmoins, seuls les \u00e9l\u00e8ves prennent part aux votes.<\/p>\n\n\n\n<p class=\"has-text-align-center\"><strong>MISSIONS DU CVL<\/strong> <strong>:<\/strong><\/p>\n\n\n\n<p class=\"has-text-align-center\"><strong>CHAMPS D\u2019ACTION<\/strong> <strong>:<\/strong><\/p>\n\n\n\n<p class=\"has-text-align-center\"><strong>EXEMPLES<\/strong> <strong>:<\/strong><\/p>\n","protected":false},"excerpt":{"rendered":"<p>Le conseil des d\u00e9l\u00e9gu\u00e9s pour la vie lyc\u00e9enne (CVL), conseil de la vie lyc\u00e9enne ou conseil pour la vie lyc\u00e9enne, est un organe majeur dans l\u2019exercice de la d\u00e9mocratie lyc\u00e9enne en France. La cr\u00e9ation du conseil de la vie lyc\u00e9enne est issue de la consultation des lyc\u00e9ens initi\u00e9e au printemps 1998. Il avait&nbsp; pour but \u00ab d\u2019instaurer un dialogue plus efficace entre les lyc\u00e9ens et les autres membres de la communaut\u00e9 \u00e9ducative sur toutes les propositions relatives \u00e0 la vie et au travail scolaires \u00bb. Apr\u00e8s une phase d&rsquo;exp\u00e9rimentation sur le principe du volontariat, l&rsquo;instance est g\u00e9n\u00e9ralis\u00e9e \u00e0 l\u2019ensemble des lyc\u00e9es publics en juillet 2001. Par cette instance o\u00f9 les lyc\u00e9ens sont associ\u00e9s aux d\u00e9cisions de leur \u00e9tablissement scolaire. Le CVL est comp\u00e9tent pour d\u00e9battre des questions sur le travail scolaire et les conditions de vie des \u00e9l\u00e8ves dans les lyc\u00e9es. Le conseil d&rsquo;administration de l&rsquo;\u00e9tablissement scolaire le consulte quand il doit traiter d&rsquo;un de ces sujets. COMMENT SONT ELUS LES LYCEENS MEMBRES DU CVL\u00a0? Les repr\u00e9sentants\u00a0sont \u00e9lus\u00a0au scrutin plurinominal \u00e0 un tour. En cas d&rsquo;\u00e9galit\u00e9 de voix, le candidat le plus jeune\u00a0est\u00a0d\u00e9clar\u00e9\u00a0\u00e9lu. FONCTIONNEMENT DES CVL : Pr\u00e9sid\u00e9 par le chef d&rsquo;\u00e9tablissement, il est constitu\u00e9 \u00e0 parit\u00e9 d&rsquo;\u00e9lus \u00e9l\u00e8ves et de repr\u00e9sentants de l&rsquo;administration, du personnel et des parents d\u00e9sign\u00e9s par le conseil d&rsquo;administration (CA). N\u00e9anmoins, seuls les \u00e9l\u00e8ves prennent part aux votes. MISSIONS DU CVL : CHAMPS D\u2019ACTION : EXEMPLES :<\/p>\n","protected":false},"author":325,"featured_media":0,"parent":0,"menu_order":0,"comment_status":"closed","ping_status":"closed","template":"","meta":{"footnotes":""},"class_list":["post-1229","page","type-page","status-publish","hentry"],"_links":{"self":[{"href":"https:\/\/site.ac-martinique.fr\/davl\/index.php?rest_route=\/wp\/v2\/pages\/1229","targetHints":{"allow":["GET"]}}],"collection":[{"href":"https:\/\/site.ac-martinique.fr\/davl\/index.php?rest_route=\/wp\/v2\/pages"}],"about":[{"href":"https:\/\/site.ac-martinique.fr\/davl\/index.php?rest_route=\/wp\/v2\/types\/page"}],"author":[{"embeddable":true,"href":"https:\/\/site.ac-martinique.fr\/davl\/index.php?rest_route=\/wp\/v2\/users\/325"}],"replies":[{"embeddable":true,"href":"https:\/\/site.ac-martinique.fr\/davl\/index.php?rest_route=%2Fwp%2Fv2%2Fcomments&post=1229"}],"version-history":[{"count":4,"href":"https:\/\/site.ac-martinique.fr\/davl\/index.php?rest_route=\/wp\/v2\/pages\/1229\/revisions"}],"predecessor-version":[{"id":1258,"href":"https:\/\/site.ac-martinique.fr\/davl\/index.php?rest_route=\/wp\/v2\/pages\/1229\/revisions\/1258"}],"wp:attachment":[{"href":"https:\/\/site.ac-martinique.fr\/davl\/index.php?rest_route=%2Fwp%2Fv2%2Fmedia&parent=1229"}],"curies":[{"name":"wp","href":"https:\/\/api.w.org\/{rel}","templated":true}]}}