{"id":2,"date":"2013-11-18T17:06:03","date_gmt":"2013-11-18T16:06:03","guid":{"rendered":"\/defislecture\/?page_id=2"},"modified":"2019-12-12T19:33:38","modified_gmt":"2019-12-12T18:33:38","slug":"2-2","status":"publish","type":"page","link":"https:\/\/site.ac-martinique.fr\/defislecture\/","title":{"rendered":"D\u00e9fi-lecture 2019-2020, on y va !!!"},"content":{"rendered":"<p style=\"margin: 0cm;margin-bottom: .0001pt\"><!-- [if gte mso 9]&gt;--><\/p>\n<p style=\"text-align: center\"><a href=\"\/defislecture\/wp-content\/uploads\/sites\/74\/2013\/12\/images-4.jpg\"><img loading=\"lazy\" decoding=\"async\" class=\"size-medium wp-image-59\" src=\"\/defislecture\/wp-content\/uploads\/sites\/74\/2013\/12\/images-4-300x67.jpg\" alt=\"images (4)\" width=\"300\" height=\"67\" srcset=\"https:\/\/site.ac-martinique.fr\/defislecture\/wp-content\/uploads\/sites\/74\/2013\/12\/images-4-300x67.jpg 300w, https:\/\/site.ac-martinique.fr\/defislecture\/wp-content\/uploads\/sites\/74\/2013\/12\/images-4.jpg 474w\" sizes=\"auto, (max-width: 300px) 100vw, 300px\" \/><\/a><\/p>\n<p style=\"text-align: left\"><span style=\"line-height: 1.5;font-family: Arial\">Le <\/span>Comit\u00e9 Acad\u00e9mique<strong style=\"line-height: 1.5;font-family: Arial\"> \u00ab\u00a0D\u00e9fis-lecture\u00a0\u00bb Martinique<\/strong><span style=\"line-height: 1.5;font-family: Arial\"> met en place\u00a0<\/span><span style=\"font-family: Arial\">le d\u00e9fi-lecture niveau <b>6\u00e8me .<\/b><\/span><\/p>\n<blockquote>\n<p style=\"text-align: left\"><strong>Liste officielle des coll\u00e8ges participants :<\/strong><\/p>\n<\/blockquote>\n<ul>\n<li>Coll\u00e8ge du Diamant<\/li>\n<li>Coll\u00e8ge G\u00e9rard Caf\u00e9 (Marin)<\/li>\n<li>Coll\u00e8ge\u00a0Paul Symphor (Robert)<\/li>\n<li>Coll\u00e8ge Tartenson (Fort-de-France)<\/li>\n<li>Coll\u00e8ge Trianon\u00a0 (Fran\u00e7ois)<\/li>\n<li>Coll\u00e8ge des Trois-\u00celets<\/li>\n<li>Coll\u00e8ge Place d&rsquo;Armes 2 (Le Lamentin)<\/li>\n<li>Coll\u00e8ge de Sainte Luce<\/li>\n<li>Coll\u00e8ge du Vauclin<\/li>\n<\/ul>\n<p style=\"margin: 0cm 0cm 0.0001pt\" align=\"center\"><span style=\"font-family: Arial\">\u00a0<\/span><strong><span style=\"font-family: Arial;color: navy\">Coordonnatrice des d\u00e9fis-lecture acad\u00e9miques :<\/span><\/strong><\/p>\n<p style=\"text-align: center\">\u00a0<span style=\"font-family: Arial\"><strong><span style=\"color: navy\">Mme Olga Ramanich Saint-Aim\u00e9, coll\u00e8ge de Sainte Luce<br \/>\n<\/span><\/strong><\/span><\/p>\n<p style=\"margin: 0cm 0cm 0.0001pt\" align=\"center\"><span style=\"font-family: Arial\">\u00a0<span style=\"color: blue\">contact : clg.clgsteluce.cdi@wanadoo.fr<\/span><\/span><\/p>\n","protected":false},"excerpt":{"rendered":"<p>Le Comit\u00e9 Acad\u00e9mique \u00ab\u00a0D\u00e9fis-lecture\u00a0\u00bb Martinique met en place\u00a0le d\u00e9fi-lecture niveau 6\u00e8me . Liste officielle des coll\u00e8ges participants : Coll\u00e8ge du Diamant Coll\u00e8ge G\u00e9rard Caf\u00e9 (Marin) Coll\u00e8ge\u00a0Paul Symphor (Robert) Coll\u00e8ge Tartenson (Fort-de-France) Coll\u00e8ge Trianon\u00a0 (Fran\u00e7ois) Coll\u00e8ge des Trois-\u00celets Coll\u00e8ge Place d&rsquo;Armes 2 (Le Lamentin) Coll\u00e8ge de Sainte Luce Coll\u00e8ge du Vauclin \u00a0Coordonnatrice des d\u00e9fis-lecture acad\u00e9miques : &hellip; <a href=\"https:\/\/site.ac-martinique.fr\/defislecture\/\" class=\"more-link\">Continuer la lecture de <span class=\"screen-reader-text\">D\u00e9fi-lecture 2019-2020, on y va !!!<\/span> <span class=\"meta-nav\">&rarr;<\/span><\/a><\/p>\n","protected":false},"author":183,"featured_media":0,"parent":0,"menu_order":0,"comment_status":"open","ping_status":"closed","template":"","meta":{"footnotes":""},"class_list":["post-2","page","type-page","status-publish","hentry"],"_links":{"self":[{"href":"https:\/\/site.ac-martinique.fr\/defislecture\/index.php?rest_route=\/wp\/v2\/pages\/2","targetHints":{"allow":["GET"]}}],"collection":[{"href":"https:\/\/site.ac-martinique.fr\/defislecture\/index.php?rest_route=\/wp\/v2\/pages"}],"about":[{"href":"https:\/\/site.ac-martinique.fr\/defislecture\/index.php?rest_route=\/wp\/v2\/types\/page"}],"author":[{"embeddable":true,"href":"https:\/\/site.ac-martinique.fr\/defislecture\/index.php?rest_route=\/wp\/v2\/users\/183"}],"replies":[{"embeddable":true,"href":"https:\/\/site.ac-martinique.fr\/defislecture\/index.php?rest_route=%2Fwp%2Fv2%2Fcomments&post=2"}],"version-history":[{"count":35,"href":"https:\/\/site.ac-martinique.fr\/defislecture\/index.php?rest_route=\/wp\/v2\/pages\/2\/revisions"}],"predecessor-version":[{"id":491,"href":"https:\/\/site.ac-martinique.fr\/defislecture\/index.php?rest_route=\/wp\/v2\/pages\/2\/revisions\/491"}],"wp:attachment":[{"href":"https:\/\/site.ac-martinique.fr\/defislecture\/index.php?rest_route=%2Fwp%2Fv2%2Fmedia&parent=2"}],"curies":[{"name":"wp","href":"https:\/\/api.w.org\/{rel}","templated":true}]}}