{"id":40,"date":"2013-12-02T12:04:41","date_gmt":"2013-12-02T11:04:41","guid":{"rendered":"\/defislecture\/?page_id=40"},"modified":"2019-12-12T20:22:36","modified_gmt":"2019-12-12T19:22:36","slug":"defi-lecture-niveau-6eme","status":"publish","type":"page","link":"https:\/\/site.ac-martinique.fr\/defislecture\/?page_id=40","title":{"rendered":"D\u00e9fi-lecture niveau 6\u00e8me"},"content":{"rendered":"<h4 style=\"text-align: center\"><strong>Coordonnatrice du d\u00e9fi-lecture acad\u00e9mique niveau 6\u00e8me<\/strong>\u00a0:<\/h4>\n<h4 style=\"text-align: center\"><strong><span style=\"color: #ff0000\">Mme\u00a0Olga Ramanich Saint-Aim\u00e9<br \/>\n<\/span><\/strong><\/h4>\n<h4 style=\"text-align: center\">Coll\u00e8ge Sainte Luce<\/h4>\n<h4 style=\"text-align: center\">Contact : <span style=\"color: #339966\">clg.steluce.cdi@wanadoo.fr<\/span><\/h4>\n<p style=\"text-align: center\"><a href=\"\/defislecture\/wp-content\/uploads\/sites\/74\/2013\/11\/affiche.pdf\">Cli<\/a><a href=\"\/defislecture\/wp-content\/uploads\/sites\/74\/2019\/12\/affiche-2019-3.pdf\">quer ici pour t\u00e9l\u00e9charger l&rsquo;affiche du d\u00e9fi acad\u00e9mique niveau 6\u00e8me<\/a><\/p>\n<p style=\"text-align: center\"><strong><span style=\"font-size: 18.0pt;color: red\">LISTE DES OUVRAGES<\/span><span style=\"font-size: 18.0pt;color: red\"> PROPOSES AU<\/span><\/strong><\/p>\n<h4 style=\"text-align: center\"><strong>\u00a0<span style=\"font-size: 18.0pt;color: red\">D\u00c9FI-LECTURE 6\u00e8me<\/span><\/strong><\/h4>\n<h4 style=\"text-align: center\"><span style=\"color: #ff0000\"><strong><span style=\"font-size: 18pt;font-family: 'Times New Roman'\">\u00a0<\/span><span style=\"font-size: 18pt;font-family: 'Times New Roman'\">Ann\u00e9e scolaire 2019-2020<\/span><\/strong><\/span><\/h4>\n<p>&nbsp;<\/p>\n<p><a href=\"\/defislecture\/?attachment_id=498\" rel=\"attachment wp-att-480\"><img loading=\"lazy\" decoding=\"async\" class=\"wp-image-498 size-full aligncenter\" src=\"\/defislecture\/wp-content\/uploads\/sites\/74\/2019\/12\/la-rue-Cases-N\u00e8gres.jpg\" alt=\"\" width=\"187\" height=\"270\" \/><\/a><\/p>\n<p style=\"text-align: center\">M. BAGOE\u00a0; S. DESTIN. <strong>La rue Cases-N\u00e8gres.<\/strong>Pr\u00e9sence Africaine\u00a0, 2013.\u00a087 p.<\/p>\n<p style=\"text-align: center\"><a href=\"\/defislecture\/wp-content\/uploads\/sites\/74\/2019\/12\/rue-case-n\u00e8gre.pdf\">Questionnaire accompagnement \u00e9l\u00e8ve \u00ab\u00a0Rue Cases-N\u00e8gres\u00a0\u00bb<\/a><\/p>\n<p style=\"text-align: justify\"><b>R\u00e9sum\u00e9\u00a0:\u00a0<\/b><\/p>\n<p style=\"text-align: justify\">\u00c0 la rue Cases-N\u00e8gres, \u00e0 Petit-Morne, bourg de Rivi\u00e8re Sal\u00e9e, Jos\u00e9 et ses amis vivent dans l insouciance tandis que leurs parents, de pauvres gens, triment dans les plantations de canne \u00e0 sucre pour gagner leur vie&#8230;<\/p>\n<p><a href=\"\/defislecture\/?attachment_id=481\"><img loading=\"lazy\" decoding=\"async\" class=\"wp-image-481 size-medium aligncenter\" src=\"\/defislecture\/wp-content\/uploads\/sites\/74\/2013\/12\/wang-f\u00f4-211x300.jpg\" alt=\"\" width=\"211\" height=\"300\" srcset=\"https:\/\/site.ac-martinique.fr\/defislecture\/wp-content\/uploads\/sites\/74\/2013\/12\/wang-f\u00f4-211x300.jpg 211w, https:\/\/site.ac-martinique.fr\/defislecture\/wp-content\/uploads\/sites\/74\/2013\/12\/wang-f\u00f4.jpg 563w\" sizes=\"auto, (max-width: 211px) 100vw, 211px\" \/><\/a><a href=\"\/defislecture\/wp-content\/uploads\/sites\/74\/2014\/11\/esclaves.jpg\"><br \/>\n<\/a><\/p>\n<p>YOURCENAR, Marguerite. <strong>Comment Wang f\u00f4 fut sauv\u00e9.<\/strong> Gallimard Jeunesse, 2002. 48 p.<\/p>\n<p style=\"text-align: center\"><a href=\"\/defislecture\/wp-content\/uploads\/sites\/74\/2019\/12\/WF\u00f4-2019.pdf\">Questionnaire accompagnement \u00e9l\u00e8ve \u00ab\u00a0comment Wang F\u00f4 fut sauv\u00e9\u00a0\u00bb<\/a><\/p>\n<p style=\"text-align: justify\"><strong>R\u00e9sum\u00e9<\/strong>\u00a0:<\/p>\n<p>Voici l&rsquo;histoire d&rsquo;un vieux peintre chinois du nom de Wang-F\u00f4. Il peignait si bien que ses tableaux \u00e9taient magiques. Malgr\u00e9 cela, Wang-F\u00f4 \u00e9tait tr\u00e8s pauvre, car il donnait ses peintures en cadeau ou les \u00e9changeait contre un bol de riz. Un jour, cependant, l&#8217;empereur le convoqua en son palais, pour le menacer, lui, le vieux ma\u00eetre qu&rsquo;il admirait tant, d&rsquo;un terrible ch\u00e2timent&#8230;<\/p>\n<p style=\"text-align: center\"><a href=\"\/defislecture\/wp-content\/uploads\/sites\/74\/2013\/12\/lou1.jpg\"><img loading=\"lazy\" decoding=\"async\" class=\"wp-image-449 size-medium aligncenter\" src=\"\/defislecture\/wp-content\/uploads\/sites\/74\/2013\/12\/lou1-220x300.jpg\" alt=\"\" width=\"220\" height=\"300\" srcset=\"https:\/\/site.ac-martinique.fr\/defislecture\/wp-content\/uploads\/sites\/74\/2013\/12\/lou1-220x300.jpg 220w, https:\/\/site.ac-martinique.fr\/defislecture\/wp-content\/uploads\/sites\/74\/2013\/12\/lou1.jpg 270w\" sizes=\"auto, (max-width: 220px) 100vw, 220px\" \/><\/a><\/p>\n<p style=\"text-align: center\">Neel, Julien. <strong>Lou\u00a0! Journal Infime.<\/strong> Gl\u00e9nat BD, 2004. 48 p.<\/p>\n<p style=\"text-align: center\"><a href=\"\/defislecture\/wp-content\/uploads\/sites\/74\/2019\/12\/lou-aide-19-20_.pdf\">Questionnaire accompagnement \u00e9l\u00e8ve \u00ab\u00a0Lou\u00a0\u00bb<\/a><\/p>\n<p style=\"text-align: justify\"><strong>R\u00e9sum\u00e9<\/strong>\u00a0:\u00a0Lou est une petite fille qui ne conna\u00eet pas son papa, qui vit seule avec sa maman et le petit chat qu&rsquo;elles ont adopt\u00e9. Toutes les deux ont une grande complicit\u00e9, elles jouent \u00e0 la console, d\u00eenent dans des pizzerias&#8230; Lou est amoureuse de son voisin d&rsquo;en face mais, bien s\u00fbr, n&rsquo;ose pas lui avouer&#8230; C&rsquo;est une petite fille tr\u00e8s \u00e0 la mode avec des dons de styliste. Sa meilleure copine s&rsquo;appelle Mina, et ensemble elles partagent beaucoup de choses. Lou se dit aussi que Richard, qui vient d&#8217;emm\u00e9nager sur son palier, pourrait tr\u00e8s bien plaire \u00e0 sa m\u00e8re. D&rsquo;ailleurs, elle va se d\u00e9brouiller pour les faire se rencontrer.<\/p>\n<p style=\"text-align: center\"><a href=\"\/defislecture\/?attachment_id=499\"><img loading=\"lazy\" decoding=\"async\" class=\"wp-image-499 size-medium aligncenter\" src=\"\/defislecture\/wp-content\/uploads\/sites\/74\/2019\/12\/lodyss\u00e9e-198x300.jpg\" alt=\"\" width=\"198\" height=\"300\" srcset=\"https:\/\/site.ac-martinique.fr\/defislecture\/wp-content\/uploads\/sites\/74\/2019\/12\/lodyss\u00e9e-198x300.jpg 198w, https:\/\/site.ac-martinique.fr\/defislecture\/wp-content\/uploads\/sites\/74\/2019\/12\/lodyss\u00e9e-675x1024.jpg 675w, https:\/\/site.ac-martinique.fr\/defislecture\/wp-content\/uploads\/sites\/74\/2019\/12\/lodyss\u00e9e.jpg 742w\" sizes=\"auto, (max-width: 198px) 100vw, 198px\" \/><\/a><a href=\"\/defislecture\/wp-content\/uploads\/sites\/74\/2014\/11\/35-kg.jpg\"><br \/>\n<\/a><\/p>\n<p style=\"text-align: center\">HOMERE<strong>. L&rsquo;Odyss\u00e9e.<\/strong> \u00c9cole des loisirs,1988.\u00a0165 p.<\/p>\n<p style=\"text-align: center\"><a href=\"\/defislecture\/wp-content\/uploads\/sites\/74\/2019\/12\/lodyss\u00e9e-2019.pdf\">Questionnaire accompagnement \u00e9l\u00e8ve \u00ab\u00a0L&rsquo;Odyss\u00e9e\u00a0\u00bb<\/a><\/p>\n<p><strong>R\u00e9sum\u00e9\u00a0<\/strong>:Dans la petite \u00eele d&rsquo;Ithaque, P\u00e9n\u00e9lope et son fils T\u00e9l\u00e9maque attendent Ulysse, leur \u00e9poux et p\u00e8re. Voil\u00e0 vingt ans qu&rsquo;il est parti pour Troie et qu&rsquo;ils sont sans nouvelles. De l&rsquo;autre c\u00f4t\u00e9 des mers, Ulysse a pris le chemin du retour depuis longtemps d\u00e9j\u00e0, mais les temp\u00eates, les monstres, les g\u00e9ants, les dieux parfois, l&rsquo;arr\u00eatent ou le d\u00e9tournent de sa route&#8230; Premier grand voyageur, Ulysse d\u00e9couvre l&rsquo;Inconnu, o\u00f9 naissent les r\u00eaves et les peurs des hommes depuis la nuit des temps. L&rsquo;Odyss\u00e9e nous dit cette aventure au terme de laquelle le h\u00e9ros retrouve enfin, aux c\u00f4t\u00e9s de P\u00e9n\u00e9lope, \u00ab la joie du lit ancien \u00bb.<\/p>\n<p style=\"text-align: center\"><a href=\"\/defislecture\/wp-content\/uploads\/sites\/74\/2013\/12\/Matilda.jpg\"><img loading=\"lazy\" decoding=\"async\" class=\"wp-image-451 size-medium aligncenter\" src=\"\/defislecture\/wp-content\/uploads\/sites\/74\/2013\/12\/Matilda-208x300.jpg\" alt=\"\" width=\"208\" height=\"300\" srcset=\"https:\/\/site.ac-martinique.fr\/defislecture\/wp-content\/uploads\/sites\/74\/2013\/12\/Matilda-208x300.jpg 208w, https:\/\/site.ac-martinique.fr\/defislecture\/wp-content\/uploads\/sites\/74\/2013\/12\/Matilda.jpg 255w\" sizes=\"auto, (max-width: 208px) 100vw, 208px\" \/><\/a><a href=\"\/defislecture\/wp-content\/uploads\/sites\/74\/2014\/11\/canard.jpg\"><br \/>\n<\/a><\/p>\n<p style=\"text-align: center\">Dahl, Roald. <strong>Mathilda.<\/strong> Galimard Jeunesse, 2007. 250 p.<\/p>\n<p style=\"text-align: center\"><a href=\"\/defislecture\/wp-content\/uploads\/sites\/74\/2019\/12\/matilda-aide-2019_20.pdf\">Questionnaire accompagnement \u00e9l\u00e8ve \u00ab\u00a0Matilda\u00a0\u00bb<\/a><\/p>\n<p style=\"text-align: justify\"><strong>R\u00e9sum\u00e9<\/strong>\u00a0: Avant m\u00eame d&rsquo;avoir cinq ans, Matilda sait lire et \u00e9crire, conna\u00eet tout Dickens, tout Hemingway, a d\u00e9vor\u00e9 Kipling et Steinbeck. Pourtant son exercice est loin d&rsquo;\u00eatre facile entre une m\u00e8re indiff\u00e9rente, abrutie par la t\u00e9l\u00e9vision et un p\u00e8re d&rsquo;une franche malhonn\u00eatet\u00e9. Sans oublier Mlle Legourdin, la directrice de l&rsquo;\u00e9cole, personnage redoutable qui voue \u00e0 tous les enfants une haine implacable. Sous la plume tendre et acerbe de Roald Dahl, les \u00e9v\u00e9nements vont se pr\u00e9cipiter, \u00e9tranges, terribles, hilarants&#8230;<\/p>\n<p style=\"text-align: center\"><a href=\"\/defislecture\/?attachment_id=447\"><img loading=\"lazy\" decoding=\"async\" class=\"wp-image-447 size-medium aligncenter\" src=\"\/defislecture\/wp-content\/uploads\/sites\/74\/2013\/12\/La-rivi\u00e8re-\u00e0-l\u2019envers-\u2013-1.-183x300.jpg\" alt=\"\" width=\"183\" height=\"300\" srcset=\"https:\/\/site.ac-martinique.fr\/defislecture\/wp-content\/uploads\/sites\/74\/2013\/12\/La-rivi\u00e8re-\u00e0-l\u2019envers-\u2013-1.-183x300.jpg 183w, https:\/\/site.ac-martinique.fr\/defislecture\/wp-content\/uploads\/sites\/74\/2013\/12\/La-rivi\u00e8re-\u00e0-l\u2019envers-\u2013-1..jpg 488w\" sizes=\"auto, (max-width: 183px) 100vw, 183px\" \/><\/a><\/p>\n<p style=\"text-align: center\">MOURLEVAT, Jean-Claude. <strong>La Rivi\u00e8re \u00e0 l&rsquo;envers 1. Tomek. <\/strong>Pocket Jeunesse, 2000. 190 p.<\/p>\n<p style=\"text-align: center\"><a href=\"\/defislecture\/wp-content\/uploads\/sites\/74\/2019\/12\/riviere_acc.pdf\">Questionnaire accompagnement \u00e9l\u00e8ve \u00ab\u00a0La rivi\u00e8re \u00e0 l&rsquo;envers 1. Tomek\u00a0\u00bb<\/a><\/p>\n<p><strong>R\u00e9sum\u00e9<\/strong>\u00a0:En Guadeloupe, Cynthia entre en sixi\u00e8me. El\u00e8ve moyenne, n\u00e9glig\u00e9e par sa m\u00e8re qui attend un nouveau b\u00e9b\u00e9, elle se r\u00e9fugie souvent chez P\u00e8re Francis, le vieux paysan qui vit reclus sur ses terres derri\u00e8re leur maison. Un jour, Mister Jones, le professeur d&rsquo;anglais, propose d&#8217;embarquer toute la classe pour un s\u00e9jour \u00e0 l&rsquo;\u00eele voisine de Monts\u00e9rrat. P\u00e8re Francis est triste \u00e0 l&rsquo;annonce de la nouvelle : il a toujours r\u00eav\u00e9 de s&rsquo;y rendre un jour<\/p>\n<p align=\"center\"><!-- [if gte vml 1]&gt;--><\/p>\n","protected":false},"excerpt":{"rendered":"<p>Coordonnatrice du d\u00e9fi-lecture acad\u00e9mique niveau 6\u00e8me\u00a0: Mme\u00a0Olga Ramanich Saint-Aim\u00e9 Coll\u00e8ge Sainte Luce Contact : clg.steluce.cdi@wanadoo.fr Cliquer ici pour t\u00e9l\u00e9charger l&rsquo;affiche du d\u00e9fi acad\u00e9mique niveau 6\u00e8me LISTE DES OUVRAGES PROPOSES AU \u00a0D\u00c9FI-LECTURE 6\u00e8me \u00a0Ann\u00e9e scolaire 2019-2020 &nbsp; M. BAGOE\u00a0; S. DESTIN. La rue Cases-N\u00e8gres.Pr\u00e9sence Africaine\u00a0, 2013.\u00a087 p. Questionnaire accompagnement \u00e9l\u00e8ve \u00ab\u00a0Rue Cases-N\u00e8gres\u00a0\u00bb R\u00e9sum\u00e9\u00a0:\u00a0 \u00c0 la rue &hellip; <a href=\"https:\/\/site.ac-martinique.fr\/defislecture\/?page_id=40\" class=\"more-link\">Continuer la lecture de <span class=\"screen-reader-text\">D\u00e9fi-lecture niveau 6\u00e8me<\/span> <span class=\"meta-nav\">&rarr;<\/span><\/a><\/p>\n","protected":false},"author":183,"featured_media":0,"parent":0,"menu_order":2,"comment_status":"closed","ping_status":"closed","template":"","meta":{"footnotes":""},"class_list":["post-40","page","type-page","status-publish","hentry"],"_links":{"self":[{"href":"https:\/\/site.ac-martinique.fr\/defislecture\/index.php?rest_route=\/wp\/v2\/pages\/40","targetHints":{"allow":["GET"]}}],"collection":[{"href":"https:\/\/site.ac-martinique.fr\/defislecture\/index.php?rest_route=\/wp\/v2\/pages"}],"about":[{"href":"https:\/\/site.ac-martinique.fr\/defislecture\/index.php?rest_route=\/wp\/v2\/types\/page"}],"author":[{"embeddable":true,"href":"https:\/\/site.ac-martinique.fr\/defislecture\/index.php?rest_route=\/wp\/v2\/users\/183"}],"replies":[{"embeddable":true,"href":"https:\/\/site.ac-martinique.fr\/defislecture\/index.php?rest_route=%2Fwp%2Fv2%2Fcomments&post=40"}],"version-history":[{"count":49,"href":"https:\/\/site.ac-martinique.fr\/defislecture\/index.php?rest_route=\/wp\/v2\/pages\/40\/revisions"}],"predecessor-version":[{"id":508,"href":"https:\/\/site.ac-martinique.fr\/defislecture\/index.php?rest_route=\/wp\/v2\/pages\/40\/revisions\/508"}],"wp:attachment":[{"href":"https:\/\/site.ac-martinique.fr\/defislecture\/index.php?rest_route=%2Fwp%2Fv2%2Fmedia&parent=40"}],"curies":[{"name":"wp","href":"https:\/\/api.w.org\/{rel}","templated":true}]}}