{"id":2563,"date":"2018-09-23T21:19:32","date_gmt":"2018-09-24T01:19:32","guid":{"rendered":"\/documentation\/?page_id=2563"},"modified":"2018-09-23T21:26:42","modified_gmt":"2018-09-24T01:26:42","slug":"twitter-2","status":"publish","type":"page","link":"https:\/\/site.ac-martinique.fr\/documentation\/?page_id=2563","title":{"rendered":"Twitter"},"content":{"rendered":"<p><a href=\"\/documentation\/wp-content\/uploads\/sites\/10\/2017\/06\/informer_twitter_689002.jpg\"><img loading=\"lazy\" decoding=\"async\" class=\"aligncenter size-full wp-image-2558\" src=\"\/documentation\/wp-content\/uploads\/sites\/10\/2017\/06\/informer_twitter_689002.jpg\" alt=\"\" width=\"34\" height=\"34\" \/><\/a><\/p>\n<p>Nous vous invitons \u00e0 consulter le compte <a href=\"https:\/\/twitter.com\/Profsdoc972?s=03\">Twitter des professeurs documentalistes<\/a> pour conna\u00eetre l&rsquo;actualit\u00e9 de la profession. Bonne consultation.<\/p>\n<p>Mise \u00e0 jour: Septembre 2018<\/p>\n<p>&nbsp;<\/p>\n<p>&nbsp;<\/p>\n","protected":false},"excerpt":{"rendered":"<p>Nous vous invitons \u00e0 consulter le compte Twitter des professeurs documentalistes pour conna\u00eetre l&rsquo;actualit\u00e9 de la profession. Bonne consultation. Mise \u00e0 jour: Septembre 2018 &nbsp; &nbsp;<\/p>\n","protected":false},"author":63,"featured_media":0,"parent":0,"menu_order":0,"comment_status":"closed","ping_status":"closed","template":"","meta":{"footnotes":""},"class_list":["post-2563","page","type-page","status-publish","hentry"],"_links":{"self":[{"href":"https:\/\/site.ac-martinique.fr\/documentation\/index.php?rest_route=\/wp\/v2\/pages\/2563","targetHints":{"allow":["GET"]}}],"collection":[{"href":"https:\/\/site.ac-martinique.fr\/documentation\/index.php?rest_route=\/wp\/v2\/pages"}],"about":[{"href":"https:\/\/site.ac-martinique.fr\/documentation\/index.php?rest_route=\/wp\/v2\/types\/page"}],"author":[{"embeddable":true,"href":"https:\/\/site.ac-martinique.fr\/documentation\/index.php?rest_route=\/wp\/v2\/users\/63"}],"replies":[{"embeddable":true,"href":"https:\/\/site.ac-martinique.fr\/documentation\/index.php?rest_route=%2Fwp%2Fv2%2Fcomments&post=2563"}],"version-history":[{"count":4,"href":"https:\/\/site.ac-martinique.fr\/documentation\/index.php?rest_route=\/wp\/v2\/pages\/2563\/revisions"}],"predecessor-version":[{"id":2578,"href":"https:\/\/site.ac-martinique.fr\/documentation\/index.php?rest_route=\/wp\/v2\/pages\/2563\/revisions\/2578"}],"wp:attachment":[{"href":"https:\/\/site.ac-martinique.fr\/documentation\/index.php?rest_route=%2Fwp%2Fv2%2Fmedia&parent=2563"}],"curies":[{"name":"wp","href":"https:\/\/api.w.org\/{rel}","templated":true}]}}