{"id":2798,"date":"2020-03-22T13:12:54","date_gmt":"2020-03-22T17:12:54","guid":{"rendered":"\/documentation\/?page_id=2798"},"modified":"2022-11-28T11:05:06","modified_gmt":"2022-11-28T15:05:06","slug":"le-metier-de-professeur-documentaliste","status":"publish","type":"page","link":"https:\/\/site.ac-martinique.fr\/documentation\/?page_id=2798","title":{"rendered":"M\u00e9tier et Formation"},"content":{"rendered":"\n<div class=\"entete_contenu_max container col-lg-12 col-md-12\">\n<div class=\"row\">\n<div class=\"layout-gauche col-lg-8 col-md-8\">\n<div class=\"titre_contenu_max_container\">\n<figure><a href=\"\/documentation\/wp-content\/uploads\/sites\/10\/2020\/03\/20200325_173704_0000.png\"><img loading=\"lazy\" decoding=\"async\" class=\"wp-image-2811 aligncenter\" src=\"\/documentation\/wp-content\/uploads\/sites\/10\/2020\/03\/20200325_173704_0000-300x300.png\" alt=\"\" width=\"180\" height=\"180\" srcset=\"https:\/\/site.ac-martinique.fr\/documentation\/wp-content\/uploads\/sites\/10\/2020\/03\/20200325_173704_0000-300x300.png 300w, https:\/\/site.ac-martinique.fr\/documentation\/wp-content\/uploads\/sites\/10\/2020\/03\/20200325_173704_0000-150x150.png 150w, https:\/\/site.ac-martinique.fr\/documentation\/wp-content\/uploads\/sites\/10\/2020\/03\/20200325_173704_0000.png 500w\" sizes=\"auto, (max-width: 180px) 100vw, 180px\" \/><\/a><\/figure><div class=\"titre_contenu_max\">\n<h1>&nbsp;<\/h1>\n<h1><\/h1>\n<h1>Retrouvez dans cette rubrique une pr\u00e9sentation du m\u00e9tier de professeur documentaliste au regard des textes officiels mais aussi gr\u00e2ce aux t\u00e9moignages des responsables des CDI&nbsp; de l&rsquo;Acad\u00e9mie.<\/h1>\n<p>Le professeur documentaliste est un enseignant pas comme les autres. Par sa double expertise , il est en charge de la gestion du centre de ressources documentaires et et son expertise dans l&rsquo;\u00e9ducation aux m\u00e9dias et \u00e0 l&rsquo;information .<\/p>\n<p><strong>D\u00e9couvrir le m\u00e9tier de professeur documentaliste&nbsp;<\/strong><\/p>\n<p><a href=\"https:\/\/www.devenirenseignant.gouv.fr\/cid99259\/etre-professeur-documentaliste.html\" target=\"_blank\" rel=\"noopener noreferrer\">ETRE PROFESSEUR DOCUMENTALISTE<\/a>&nbsp; ( Devenir enseignant)<\/p>\n<p><a href=\"https:\/\/www.reseau-canope.fr\/savoirscdi\/metier\/devenir-professeur-documentaliste.html\" target=\"_blank\" rel=\"noopener noreferrer\">Le m\u00e9tier d&rsquo;enseignant documentaliste : y acc\u00e9der, r\u00e9fl\u00e9chir \u00e0 son \u00e9volution, des m\u00e9tiers connexes.<\/a>&nbsp;( Savoirscdi)<\/p>\n<\/div>\n<p><a href=\"https:\/\/www.reseau-canope.fr\/notice\/le-professeur-documentaliste.html\" target=\"_blank\" rel=\"noopener noreferrer\">Le professeur documentaliste&nbsp;<\/a>:&nbsp;un&nbsp;ouvrage r\u00e9cent \u00e0 consulter qui met en avant les gestes professionnels r\u00e9alis\u00e9s par le professeur-documentaliste dans l\u2019exercice quotidien de son m\u00e9tier<\/p>\n<\/div>\n<\/div>\n<\/div>\n<\/div>\n\n\n\n<div class=\"contenu_max_colonne_gauche col-lg-8 col-md-8\">\n<div class=\"contenu_max_mise_a_jour\"><strong>Sources :&nbsp;<\/strong><\/div>\n<div class=\"contenu_max_mise_a_jour\">https:\/\/www.devenirenseignant.gouv.fr\/cid99259\/etre-professeur-documentaliste.html<\/div>\n<div class=\"contenu_max_mise_a_jour\">https:\/\/www.reseau-canope.fr\/notice\/le-professeur-documentaliste.html<\/div>\n<div class=\"contenu_max_mise_a_jour\">&nbsp;<\/div>\n<div class=\"contenu_max_mise_a_jour\" style=\"text-align: center\">\n<p>&nbsp;<\/p>\n\nPour consulter la collection Pearltrees , cliquez-ici\n\n<iframe loading=\"lazy\" src=\"https:\/\/www.pearltrees.com\/documentationmartinique\/professeur-documentaliste\/id55456703?embed=2&#038;d=20221128104\" width=\"853\" height=\"604\" style=\"border:0px;\" allowtransparency=\"true\"><\/iframe><span style=\"display:block; padding-top:2px; color:#818181; font-size:13px;\"><a href=\"https:\/\/www.pearltrees.com\/documentationmartinique\/professeur-documentaliste\/id55456703\" style=\" color:#818181; font-size:13px;\" target=\"_blank\" rel=\"noopener\">Le m&eacute;tier de professeur documentaliste<\/a>, par <a href=\"https:\/\/www.pearltrees.com\/documentationmartinique\" style=\" color:#818181; font-size:13px;\" target=\"_blank\" rel=\"noopener\">documentationmartinique<\/a><\/span>\n\n\n\n<p class=\"has-text-align-center\"><strong>Mise \u00e0 jour septembre 2022<\/strong><\/p>\n","protected":false},"excerpt":{"rendered":"<p>&nbsp; Retrouvez dans cette rubrique une pr\u00e9sentation du m\u00e9tier de professeur documentaliste au regard des textes officiels mais aussi gr\u00e2ce aux t\u00e9moignages des responsables des CDI&nbsp; de l&rsquo;Acad\u00e9mie. Le professeur documentaliste est un enseignant pas comme les autres. Par sa &hellip; <a href=\"https:\/\/site.ac-martinique.fr\/documentation\/?page_id=2798\">Continuer la lecture <span class=\"meta-nav\">&rarr;<\/span><\/a><\/p>\n","protected":false},"author":63,"featured_media":0,"parent":0,"menu_order":0,"comment_status":"closed","ping_status":"closed","template":"","meta":{"footnotes":""},"class_list":["post-2798","page","type-page","status-publish","hentry"],"_links":{"self":[{"href":"https:\/\/site.ac-martinique.fr\/documentation\/index.php?rest_route=\/wp\/v2\/pages\/2798","targetHints":{"allow":["GET"]}}],"collection":[{"href":"https:\/\/site.ac-martinique.fr\/documentation\/index.php?rest_route=\/wp\/v2\/pages"}],"about":[{"href":"https:\/\/site.ac-martinique.fr\/documentation\/index.php?rest_route=\/wp\/v2\/types\/page"}],"author":[{"embeddable":true,"href":"https:\/\/site.ac-martinique.fr\/documentation\/index.php?rest_route=\/wp\/v2\/users\/63"}],"replies":[{"embeddable":true,"href":"https:\/\/site.ac-martinique.fr\/documentation\/index.php?rest_route=%2Fwp%2Fv2%2Fcomments&post=2798"}],"version-history":[{"count":14,"href":"https:\/\/site.ac-martinique.fr\/documentation\/index.php?rest_route=\/wp\/v2\/pages\/2798\/revisions"}],"predecessor-version":[{"id":3861,"href":"https:\/\/site.ac-martinique.fr\/documentation\/index.php?rest_route=\/wp\/v2\/pages\/2798\/revisions\/3861"}],"wp:attachment":[{"href":"https:\/\/site.ac-martinique.fr\/documentation\/index.php?rest_route=%2Fwp%2Fv2%2Fmedia&parent=2798"}],"curies":[{"name":"wp","href":"https:\/\/api.w.org\/{rel}","templated":true}]}}