{"id":3301,"date":"2021-05-03T11:43:01","date_gmt":"2021-05-03T15:43:01","guid":{"rendered":"https:\/\/site.ac-martinique.fr\/documentation\/?page_id=3301"},"modified":"2021-05-03T11:47:33","modified_gmt":"2021-05-03T15:47:33","slug":"les-defis-du-cdi-a-lheure-de-la-covid-19","status":"publish","type":"page","link":"https:\/\/site.ac-martinique.fr\/documentation\/?page_id=3301","title":{"rendered":"Les d\u00e9fis du CDI \u00e0 l&rsquo;heure de la covid 19"},"content":{"rendered":"\n<p>La crise sanitaire actuelle invite \u00e0 r\u00e9fl\u00e9chir sur les d\u00e9fis auxquels doivent faire face les CDI : <\/p>\n\n\n\n<p>Comment accueillir les publics en p\u00e9riode post-covid ? Comment assurer ses missions p\u00e9dagogiques, \u00e9ducatives et culturelles? Quels sont les freins et \u00e9l\u00e9ments facilitateurs d&rsquo;une continuit\u00e9 p\u00e9dagogique? Comment se r\u00e9inventer en temps de crise ? <\/p>\n\n\n\n<p>Deux rubriques \u00e0 consulter pour maintenir la proximit\u00e9 avec les usagers et mettre en place un CDI hybride.<\/p>\n\n\n\n<p><\/p>\n\n\n\n<p><\/p>\n\n\n\n<p><\/p>\n","protected":false},"excerpt":{"rendered":"<p>La crise sanitaire actuelle invite \u00e0 r\u00e9fl\u00e9chir sur les d\u00e9fis auxquels doivent faire face les CDI : Comment accueillir les publics en p\u00e9riode post-covid ? Comment assurer ses missions p\u00e9dagogiques, \u00e9ducatives et culturelles? Quels sont les freins et \u00e9l\u00e9ments facilitateurs &hellip; <a href=\"https:\/\/site.ac-martinique.fr\/documentation\/?page_id=3301\">Continuer la lecture <span class=\"meta-nav\">&rarr;<\/span><\/a><\/p>\n","protected":false},"author":63,"featured_media":0,"parent":0,"menu_order":0,"comment_status":"closed","ping_status":"closed","template":"","meta":{"footnotes":""},"class_list":["post-3301","page","type-page","status-publish","hentry"],"_links":{"self":[{"href":"https:\/\/site.ac-martinique.fr\/documentation\/index.php?rest_route=\/wp\/v2\/pages\/3301","targetHints":{"allow":["GET"]}}],"collection":[{"href":"https:\/\/site.ac-martinique.fr\/documentation\/index.php?rest_route=\/wp\/v2\/pages"}],"about":[{"href":"https:\/\/site.ac-martinique.fr\/documentation\/index.php?rest_route=\/wp\/v2\/types\/page"}],"author":[{"embeddable":true,"href":"https:\/\/site.ac-martinique.fr\/documentation\/index.php?rest_route=\/wp\/v2\/users\/63"}],"replies":[{"embeddable":true,"href":"https:\/\/site.ac-martinique.fr\/documentation\/index.php?rest_route=%2Fwp%2Fv2%2Fcomments&post=3301"}],"version-history":[{"count":2,"href":"https:\/\/site.ac-martinique.fr\/documentation\/index.php?rest_route=\/wp\/v2\/pages\/3301\/revisions"}],"predecessor-version":[{"id":3305,"href":"https:\/\/site.ac-martinique.fr\/documentation\/index.php?rest_route=\/wp\/v2\/pages\/3301\/revisions\/3305"}],"wp:attachment":[{"href":"https:\/\/site.ac-martinique.fr\/documentation\/index.php?rest_route=%2Fwp%2Fv2%2Fmedia&parent=3301"}],"curies":[{"name":"wp","href":"https:\/\/api.w.org\/{rel}","templated":true}]}}