{"id":3532,"date":"2022-01-07T13:33:46","date_gmt":"2022-01-07T17:33:46","guid":{"rendered":"https:\/\/site.ac-martinique.fr\/documentation\/?page_id=3532"},"modified":"2022-11-28T10:47:55","modified_gmt":"2022-11-28T14:47:55","slug":"seminaire-chlordecone","status":"publish","type":"page","link":"https:\/\/site.ac-martinique.fr\/documentation\/?page_id=3532","title":{"rendered":"Plan chlord\u00e9cone IV"},"content":{"rendered":"\n<p class=\"has-text-align-left\">Dans le cadre du plan chlord\u00e9cone IV, priorit\u00e9 pr\u00e9sidentielle, l&rsquo;acad\u00e9mie de Martinique s&rsquo;est engag\u00e9e \u00e0 former ses personnels afin de les sensibiliser et sensibiliser les \u00e9l\u00e8ves dont ils ont la charge, \u00e0 la th\u00e9matique de la chlord\u00e9cone. <\/p>\n\n\n\n<p class=\"has-text-align-left\">Les ressources  des \u00e9ditions 2021 et 2022 sont disponibles \u00e0 la consultation : vous trouverez ci-dessous l&rsquo;ensemble des conf\u00e9rences pour la mise \u00e0 niveau scientifique et des suggestions de mise en activit\u00e9 des \u00e9l\u00e8ves sur ce th\u00e8me en lien avec les contenus disciplinaires.<\/p>\n\n\n\n<p><strong>Ressources de la 1\u00e8re \u00e9dition<\/strong><\/p>\n\n\n\n<figure class=\"wp-block-image size-full is-resized is-style-rounded\"><a href=\"https:\/\/site.ac-martinique.fr\/documentation\/wp-content\/uploads\/sites\/10\/2022\/01\/svt1.png\"><img loading=\"lazy\" decoding=\"async\" src=\"https:\/\/site.ac-martinique.fr\/documentation\/wp-content\/uploads\/sites\/10\/2022\/01\/svt1.png\" alt=\"\" class=\"wp-image-3535\" width=\"582\" height=\"151\" srcset=\"https:\/\/site.ac-martinique.fr\/documentation\/wp-content\/uploads\/sites\/10\/2022\/01\/svt1.png 688w, https:\/\/site.ac-martinique.fr\/documentation\/wp-content\/uploads\/sites\/10\/2022\/01\/svt1-300x78.png 300w, https:\/\/site.ac-martinique.fr\/documentation\/wp-content\/uploads\/sites\/10\/2022\/01\/svt1-500x130.png 500w\" sizes=\"auto, (max-width: 582px) 100vw, 582px\" \/><\/a><figcaption class=\"wp-element-caption\"><strong>Source : GRFI Chlord\u00e9cone Martinique<\/strong><\/figcaption><\/figure>\n\n\n<style>\n       .errordiv { padding:10px; margin:10px; border: 1px solid #555555;color: #000000;background-color: #f8f8f8; width:500px; }#advanced_iframe {visibility:visible;opacity:1;vertical-align:top;}.ai-info-bottom-iframe { position: fixed; z-index: 10000; bottom:0; left: 0; margin: 0px; text-align: center; width: 100%; background-color: #ff9999; padding-left: 5px;padding-bottom: 5px; border-top: 1px solid #aaa } a.ai-bold {font-weight: bold;}#ai-layer-div-advanced_iframe p {height:100%;margin:0;padding:0}<\/style><script type=\"text\/javascript\">var ai_iframe_width_advanced_iframe = 0;var ai_iframe_height_advanced_iframe = 0;function aiReceiveMessageadvanced_iframe(event) {  aiProcessMessage(event,\"advanced_iframe\", \"true\",\"\",\"false\",\"false\");}if (window.addEventListener) {  window.addEventListener(\"message\", aiReceiveMessageadvanced_iframe);} else if (el.attachEvent)  {  el.attachEvent(\"message\", aiReceiveMessageadvanced_iframe);}var aiOnloadScrollTop=\"true\";var aiShowDebug=false;\n\t\tif (typeof aiReadyCallbacks === 'undefined') {\n\t\t\tvar aiReadyCallbacks = [];\n\t\t} else if (!(aiReadyCallbacks instanceof Array)) {\n\t\t\tvar aiReadyCallbacks = [];\n\t\t}    function aiShowIframeId(id_iframe) { jQuery(\"#\"+id_iframe).css(\"visibility\", \"visible\");    }    function aiResizeIframeHeight(height) { aiResizeIframeHeight(height,advanced_iframe); }    function aiResizeIframeHeightId(height,width,id) {aiResizeIframeHeightById(id,height);}<\/script><iframe id=\"advanced_iframe\"  name=\"advanced_iframe\"  src=\"https:\/\/www.pearltrees.com\/t\/actions-educatives-chlordecone\/id38312848\"  width=\"100%\"  height=\"600\"  frameborder=\"0\"  border=\"0\"  allowtransparency=\"true\"  loading=\"lazy\"  style=\";border-width: 0px;;border: none;;width:100%;;height:600px;\" ><\/iframe><script type=\"text\/javascript\">var ifrm_advanced_iframe = document.getElementById(\"advanced_iframe\");var hiddenTabsDoneadvanced_iframe = false;\nfunction resizeCallbackadvanced_iframe() {}<\/script><script type=\"text\/javascript\"><\/script><p style=\"display:block !important; visibility:visible !important;margin: -18px 14px 0 0;padding-left: 3px;padding-top:3px;background: white; overflow: hidden; position: relative; line-height:15px;width: fit-content;\"><small style=\"display:block !important;visibility:visible !important\">powered by Advanced iFrame<\/small><\/p>\n\n\n<p><strong>Ressources de la 2nde \u00e9dition<\/strong><\/p>\n\n\n\n<figure class=\"wp-block-image size-full is-resized is-style-rounded\"><a href=\"https:\/\/site.ac-martinique.fr\/documentation\/wp-content\/uploads\/sites\/10\/2022\/01\/svt22.png\" rel=\"https:\/\/www.pearltrees.com\/t\/seminaire-chlordecone-edition\/id47784022\"><img loading=\"lazy\" decoding=\"async\" src=\"https:\/\/site.ac-martinique.fr\/documentation\/wp-content\/uploads\/sites\/10\/2022\/01\/svt22.png\" alt=\"\" class=\"wp-image-3536\" width=\"549\" height=\"204\" srcset=\"https:\/\/site.ac-martinique.fr\/documentation\/wp-content\/uploads\/sites\/10\/2022\/01\/svt22.png 581w, https:\/\/site.ac-martinique.fr\/documentation\/wp-content\/uploads\/sites\/10\/2022\/01\/svt22-300x112.png 300w, https:\/\/site.ac-martinique.fr\/documentation\/wp-content\/uploads\/sites\/10\/2022\/01\/svt22-500x186.png 500w\" sizes=\"auto, (max-width: 549px) 100vw, 549px\" \/><\/a><figcaption class=\"wp-element-caption\"> <strong>Source : GRFI Chlord\u00e9cone Martinique<\/strong><\/figcaption><\/figure>\n\n\n<style>\n       .errordiv { padding:10px; margin:10px; border: 1px solid #555555;color: #000000;background-color: #f8f8f8; width:500px; }#advanced_iframe_2 {visibility:visible;opacity:1;vertical-align:top;}.ai-info-bottom-iframe { position: fixed; z-index: 10000; bottom:0; left: 0; margin: 0px; text-align: center; width: 100%; background-color: #ff9999; padding-left: 5px;padding-bottom: 5px; border-top: 1px solid #aaa } a.ai-bold {font-weight: bold;}#ai-layer-div-advanced_iframe_2 p {height:100%;margin:0;padding:0}<\/style><script type=\"text\/javascript\">var ai_iframe_width_advanced_iframe_2 = 0;var ai_iframe_height_advanced_iframe_2 = 0;function aiReceiveMessageadvanced_iframe_2(event) {  aiProcessMessage(event,\"advanced_iframe_2\", \"true\",\"\",\"false\",\"false\");}if (window.addEventListener) {  window.addEventListener(\"message\", aiReceiveMessageadvanced_iframe_2);} else if (el.attachEvent)  {  el.attachEvent(\"message\", aiReceiveMessageadvanced_iframe_2);}var aiOnloadScrollTop=\"true\";var aiShowDebug=false;\n\t\tif (typeof aiReadyCallbacks === 'undefined') {\n\t\t\tvar aiReadyCallbacks = [];\n\t\t} else if (!(aiReadyCallbacks instanceof Array)) {\n\t\t\tvar aiReadyCallbacks = [];\n\t\t}    function aiShowIframeId(id_iframe) { jQuery(\"#\"+id_iframe).css(\"visibility\", \"visible\");    }    function aiResizeIframeHeight(height) { aiResizeIframeHeight(height,advanced_iframe_2); }    function aiResizeIframeHeightId(height,width,id) {aiResizeIframeHeightById(id,height);}<\/script><iframe id=\"advanced_iframe_2\"  name=\"advanced_iframe_2\"  src=\"https:\/\/www.pearltrees.com\/t\/seminaire-chlordecone-edition\/id47784022\"  width=\"100%\"  height=\"600\"  frameborder=\"0\"  border=\"0\"  allowtransparency=\"true\"  loading=\"lazy\"  style=\";border-width: 0px;;border: none;;width:100%;;height:600px;\" ><\/iframe><script type=\"text\/javascript\">var ifrm_advanced_iframe_2 = document.getElementById(\"advanced_iframe_2\");var hiddenTabsDoneadvanced_iframe_2 = false;\nfunction resizeCallbackadvanced_iframe_2() {}<\/script><script type=\"text\/javascript\"><\/script><p style=\"display:block !important; visibility:visible !important;margin: -18px 14px 0 0;padding-left: 3px;padding-top:3px;background: white; overflow: hidden; position: relative; line-height:15px;width: fit-content;\"><small style=\"display:block !important;visibility:visible !important\">powered by Advanced iFrame<\/small><\/p>","protected":false},"excerpt":{"rendered":"<p>Dans le cadre du plan chlord\u00e9cone IV, priorit\u00e9 pr\u00e9sidentielle, l&rsquo;acad\u00e9mie de Martinique s&rsquo;est engag\u00e9e \u00e0 former ses personnels afin de les sensibiliser et sensibiliser les \u00e9l\u00e8ves dont ils ont la charge, \u00e0 la th\u00e9matique de la chlord\u00e9cone. Les ressources des &hellip; <a href=\"https:\/\/site.ac-martinique.fr\/documentation\/?page_id=3532\">Continuer la lecture <span class=\"meta-nav\">&rarr;<\/span><\/a><\/p>\n","protected":false},"author":63,"featured_media":0,"parent":0,"menu_order":0,"comment_status":"closed","ping_status":"closed","template":"","meta":{"footnotes":""},"class_list":["post-3532","page","type-page","status-publish","hentry"],"_links":{"self":[{"href":"https:\/\/site.ac-martinique.fr\/documentation\/index.php?rest_route=\/wp\/v2\/pages\/3532","targetHints":{"allow":["GET"]}}],"collection":[{"href":"https:\/\/site.ac-martinique.fr\/documentation\/index.php?rest_route=\/wp\/v2\/pages"}],"about":[{"href":"https:\/\/site.ac-martinique.fr\/documentation\/index.php?rest_route=\/wp\/v2\/types\/page"}],"author":[{"embeddable":true,"href":"https:\/\/site.ac-martinique.fr\/documentation\/index.php?rest_route=\/wp\/v2\/users\/63"}],"replies":[{"embeddable":true,"href":"https:\/\/site.ac-martinique.fr\/documentation\/index.php?rest_route=%2Fwp%2Fv2%2Fcomments&post=3532"}],"version-history":[{"count":16,"href":"https:\/\/site.ac-martinique.fr\/documentation\/index.php?rest_route=\/wp\/v2\/pages\/3532\/revisions"}],"predecessor-version":[{"id":3854,"href":"https:\/\/site.ac-martinique.fr\/documentation\/index.php?rest_route=\/wp\/v2\/pages\/3532\/revisions\/3854"}],"wp:attachment":[{"href":"https:\/\/site.ac-martinique.fr\/documentation\/index.php?rest_route=%2Fwp%2Fv2%2Fmedia&parent=3532"}],"curies":[{"name":"wp","href":"https:\/\/api.w.org\/{rel}","templated":true}]}}