{"id":42,"date":"2021-07-12T13:01:52","date_gmt":"2021-07-12T17:01:52","guid":{"rendered":"https:\/\/site.ac-martinique.fr\/drane\/?page_id=42"},"modified":"2025-09-29T17:55:25","modified_gmt":"2025-09-29T21:55:25","slug":"reseau-drane","status":"publish","type":"page","link":"https:\/\/site.ac-martinique.fr\/drane\/?page_id=42","title":{"rendered":"R\u00e9seau DRANE"},"content":{"rendered":"\n<p>En janvier 2023, le minist\u00e8re de l&rsquo;Education nationale et de la Jeunesse a publi\u00e9 une nouvelle strat\u00e9gie num\u00e9rique pour l&rsquo;\u00e9ducation pour la p\u00e9riode 2023-2027 reposant sur une s\u00e9rie de mesures pour renforcer les comp\u00e9tences num\u00e9riques des \u00e9l\u00e8ves et acc\u00e9l\u00e9rer l\u2019usage des outils num\u00e9riques pour la r\u00e9ussite des \u00e9l\u00e8ves.<\/p>\n\n\n\n<p>La strat\u00e9gie du num\u00e9rique pour l\u2019\u00e9ducation pour la p\u00e9riode 2023-2027 vise \u00e0 relever plusieurs d\u00e9fis :<\/p>\n\n\n\n<ol class=\"wp-block-list\">\n<li><strong>Renforcer la coop\u00e9ration nationale et locale entre les acteurs de l\u2019\u00e9ducation<\/strong>,<\/li>\n\n\n\n<li><strong>D\u00e9velopper les comp\u00e9tences num\u00e9riques des \u00e9l\u00e8ves<\/strong>,<\/li>\n\n\n\n<li><strong>Fournir aux professeurs une offre claire m\u00ealant outils et ressources num\u00e9riques<\/strong>,<\/li>\n\n\n\n<li><strong>D\u00e9velopper la robustesse, la s\u00e9curit\u00e9, l\u2019accessibilit\u00e9, la qualit\u00e9 et l\u2019\u00e9coresponsabilit\u00e9 des outils informatiques<\/strong>.<\/li>\n<\/ol>\n\n\n<div class=\"wp-block-image\">\n<figure class=\"aligncenter size-full\"><img loading=\"lazy\" decoding=\"async\" width=\"250\" height=\"250\" src=\"https:\/\/site.ac-martinique.fr\/drane\/wp-content\/uploads\/sites\/100\/2023\/09\/strategie.jpg\" alt=\"\" class=\"wp-image-3982\" srcset=\"https:\/\/site.ac-martinique.fr\/drane\/wp-content\/uploads\/sites\/100\/2023\/09\/strategie.jpg 250w, https:\/\/site.ac-martinique.fr\/drane\/wp-content\/uploads\/sites\/100\/2023\/09\/strategie-150x150.jpg 150w\" sizes=\"auto, (max-width: 250px) 100vw, 250px\" \/><\/figure>\n<\/div>\n\n\n<p class=\"has-text-align-center\"><a href=\"https:\/\/www.education.gouv.fr\/media\/120415\/download\" target=\"_blank\" rel=\"noreferrer noopener\">T\u00e9l\u00e9charger le document<\/a><\/p>\n\n\n\n<p>Plus d&rsquo;informations : <a href=\"https:\/\/www.education.gouv.fr\/strategie-du-numerique-pour-l-education-2023-2027-344263\" target=\"_blank\" rel=\"noreferrer noopener\">https:\/\/www.education.gouv.fr\/strategie-du-numerique-pour-l-education-2023-2027-344263<\/a><\/p>\n\n\n\n<p>Courant 2025, un premier bilan de la strat\u00e9gie a \u00e9t\u00e9 publi\u00e9 : <a href=\"https:\/\/strategie-numerique.incubateur.education.gouv.fr\/\">https:\/\/strategie-numerique.incubateur.education.gouv.fr\/<\/a> pr\u00e9sentant les r\u00e9alisations et les \u00e9tapes \u00e0 venir.<\/p>\n\n\n\n<p><\/p>\n\n\n\n<p>La&nbsp;<strong>D\u00e9l\u00e9gation de R\u00e9gion Acad\u00e9mique au Num\u00e9rique \u00c9ducatif<\/strong>&nbsp;(DRANE) est charg\u00e9e de proposer une feuille de route acad\u00e9mique d\u00e9clinant les orientations locales et nationales de d\u00e9veloppement et de formation aux usages du&nbsp;num\u00e9rique, d&rsquo;animer la mise en \u0153uvre de cette feuille de route num\u00e9rique et d&rsquo;en \u00e9valuer les r\u00e9sultats.<\/p>\n\n\n\n<p>La DRANE conduit son action avec l&rsquo;ensemble des autres responsables acad\u00e9miques, les partenaires de&nbsp;l&rsquo;\u00e9ducation et les collectivit\u00e9s territoriales.<\/p>\n\n\n\n<p>Ses missions sont l&rsquo;accompagnement des \u00e9coles et \u00e9tablissements scolaires dans tous leurs projets int\u00e9grant le&nbsp;num\u00e9rique, la proposition d&rsquo;animations et formations en fonction de ces projets et l&rsquo;accompagnement des r\u00e9f\u00e9rents num\u00e9riques.&nbsp;<\/p>\n\n\n\n<p>Dans le premier degr\u00e9, elle accompagne des usages num\u00e9riques au sein des \u00e9coles en partenariat avecla mission num\u00e9rique premier degr\u00e9 et les communes dans la mise en \u0153uvre de leurs projets num\u00e9riques.<\/p>\n\n\n\n<p>La feuille de route acad\u00e9mique porte le num\u00e9rique au service des d\u00e9fis socio-\u00e9ducatifs du territoire et<br>participe aux trois grandes ambitions suivantes :<\/p>\n\n\n\n<ul class=\"wp-block-list\">\n<li>Elever le niveau g\u00e9n\u00e9ral des \u00e9l\u00e8ves en prenant en compte leurs besoins particuliers et<br>tout en r\u00e9duisant les in\u00e9galit\u00e9s (scolaires, sociales, territoriales\u2026).<\/li>\n\n\n\n<li>Elever le niveau de ma\u00eetrise des comp\u00e9tences num\u00e9riques des \u00e9l\u00e8ves, des personnels,<br>et des familles en lien avec les attentes et les missions de l\u2019Ecole.<\/li>\n\n\n\n<li>Mettre \u00e0 disposition des acteurs, un environnement capacitant (\u00e9quipements, outils et<br>ressources physiques et virtuels) afin de bien vivre les usages du num\u00e9rique et<br>permettre leur d\u00e9veloppement.<br><\/li>\n<\/ul>\n\n\n\n<p>Vous pouvez nous contacter \u00e0 l&rsquo;adresse <strong><a href=\"mailto:ce.drane@ac-martinique.fr\" data-type=\"mailto\" data-id=\"mailto:ce.drane@ac-martinique.fr\">ce.drane@ac-martinique.fr<\/a><\/strong><\/p>\n\n\n\n<h4 class=\"wp-block-heading has-vivid-cyan-blue-color has-text-color\">Organigamme 2025-2026 de la DRANE et de son r\u00e9seau<\/h4>\n\n\n\n<figure class=\"wp-block-image size-large\"><a href=\"https:\/\/site.ac-martinique.fr\/drane\/?attachment_id=6212\" target=\"_blank\" rel=\"noreferrer noopener\"><img loading=\"lazy\" decoding=\"async\" width=\"1024\" height=\"802\" src=\"https:\/\/site.ac-martinique.fr\/drane\/wp-content\/uploads\/sites\/100\/2025\/09\/organigramme-25-26-public.drawio-1024x802.png\" alt=\"\" class=\"wp-image-6212\" srcset=\"https:\/\/site.ac-martinique.fr\/drane\/wp-content\/uploads\/sites\/100\/2025\/09\/organigramme-25-26-public.drawio-1024x802.png 1024w, https:\/\/site.ac-martinique.fr\/drane\/wp-content\/uploads\/sites\/100\/2025\/09\/organigramme-25-26-public.drawio-300x235.png 300w, https:\/\/site.ac-martinique.fr\/drane\/wp-content\/uploads\/sites\/100\/2025\/09\/organigramme-25-26-public.drawio-768x602.png 768w, https:\/\/site.ac-martinique.fr\/drane\/wp-content\/uploads\/sites\/100\/2025\/09\/organigramme-25-26-public.drawio-1536x1203.png 1536w, https:\/\/site.ac-martinique.fr\/drane\/wp-content\/uploads\/sites\/100\/2025\/09\/organigramme-25-26-public.drawio-150x117.png 150w, https:\/\/site.ac-martinique.fr\/drane\/wp-content\/uploads\/sites\/100\/2025\/09\/organigramme-25-26-public.drawio-192x150.png 192w, https:\/\/site.ac-martinique.fr\/drane\/wp-content\/uploads\/sites\/100\/2025\/09\/organigramme-25-26-public.drawio.png 1693w\" sizes=\"auto, (max-width: 1024px) 100vw, 1024px\" \/><\/a><\/figure>\n\n\n\n<p class=\"has-vivid-cyan-blue-color has-text-color\"><strong>La DANE (bureau 159 &#8211; Rectorat de Terreville) se compose de<\/strong> :<\/p>\n\n\n\n<p>S\u00e9bastien BIRBANDT, D\u00e9l\u00e9gu\u00e9 de R\u00e9gion Acad\u00e9mique Au Num\u00e9rique&nbsp;Educatif &#8211; <a rel=\"noreferrer noopener\" href=\"mailto:sebastien.birbandt@ac-martinique.fr\" target=\"_blank\">Sebastien.Birbandt@ac-martinique.fr<\/a> (bureau 160).<br><\/p>\n\n\n\n<p>Michaelle MAVINGA, charg\u00e9e de mission (r\u00e9f\u00e9rente DRANE Pix+EDU et cybers\u00e9curit\u00e9) &#8211; <a href=\"mailto:Laurie.Mavinga@ac-martinique.fr\">michaelle.Mavinga@ac-martinique.fr<\/a> (bureau 159).<\/p>\n\n\n\n<p><\/p>\n\n\n\n<p>Alexandre BAVARIN, charg\u00e9 de mission (formation, Ambassadeur acad\u00e9mique Pix, r\u00e9f\u00e9rent acad\u00e9mique pour les Ressources Num\u00e9riques, organisation d&rsquo;\u00e9v\u00e9nements et communication externe) &#8211; <a rel=\"noreferrer noopener\" href=\"mailto:alexandre.bavarin@ac-martinique.fr\" target=\"_blank\">Alexandre.Bavarin@ac-martinique.fr<\/a> (bureau 159).<br><\/p>\n\n\n\n<p>Thierry ODDOU, charg\u00e9 de mission (secr\u00e9tariat, affaires g\u00e9n\u00e9rales et financi\u00e8res, administration de l&rsquo;ENT Colibri, du GAR et de la plateforme Voxco (Rectorat), r\u00e9f\u00e9rent TED-i) &#8211; <a href=\"mailto:thierry.oddou@ac-martinique.fr\" target=\"_blank\" rel=\"noreferrer noopener\">Thierry.Oddou@ac-martinique.fr<\/a> (bureau 159).<br><\/p>\n\n\n\n<p>Christophe SMIERZCHALSKI, charg\u00e9 de mission (chef de projet IA, chef de projet Bien \u00e0 l&rsquo;\u00e9cole, formation, administration des h\u00e9bergements de sites web et de la plateforme Voxco (hors Rectorat), suivi et accompagnement des \u00e9valuations nationales) &#8211; <a href=\"mailto:christophe.smierzchalski@ac-martinique.fr\" target=\"_blank\" rel=\"noreferrer noopener\">Christophe.Smierzchalski@ac-martinique.fr<\/a> (bureau 159).<\/p>\n\n\n\n<h3 class=\"wp-block-heading\">Le r\u00e9seau de la DRANE&nbsp;:<\/h3>\n\n\n\n<p>Pour favoriser les usages des ressources num\u00e9riques, la Direction du Num\u00e9rique pour l&rsquo;Education du Minist\u00e8re de l&rsquo;Education Nationale et de la Jeunesse incite les acad\u00e9mies \u00e0 faire \u00e9merger des \u00ab\u00a0<strong>R\u00e9f\u00e9rents acad\u00e9miques pour les ressources num\u00e9riques\u00a0\u00bb.<\/strong><\/p>\n\n\n\n<h4 class=\"wp-block-heading has-vivid-cyan-blue-color has-text-color\"><strong>R\u00e9f\u00e9rent <\/strong>acad\u00e9mique pour les ressources num\u00e9riques dans notre acad\u00e9mie&nbsp;:<\/h4>\n\n\n\n<p>Alexandre BAVARIN (charg\u00e9 de mission DRANE) assure la mission.<\/p>\n\n\n\n<p><strong><span style=\"color:#0693e3\" class=\"tadv-color\">Ambassadeur Pix&nbsp;:<\/span><\/strong><br>Alexandre BAVARIN&nbsp;(charg\u00e9 de mission DRANE) assure la mission.<\/p>\n\n\n\n<p><strong><span class=\"tadv-color\" style=\"color:#0693e3\">R\u00e9f\u00e9rente DRANE Pix+EDU :<\/span><\/strong><br>Michaelle MAVINGA, attest\u00e9e experte Pix+EDU (charg\u00e9e de mission DRANE) assure la mission.<br><br><strong><span class=\"tadv-color\" style=\"color:#0693e3\">R\u00e9f\u00e9rents pour les Ressources et les Usages du Num\u00e9rique en EPLE (RRUPN)\u00a0:<\/span><\/strong><br>Dans chaque coll\u00e8ge et lyc\u00e9e, des enseignants \u00ab\u00a0R\u00e9f\u00e9rents pour les Ressources et les Usages du Num\u00e9rique\u00a0\u00bb sont les relais de la DRANE pour la mise en \u0153uvre de la feuille de route de l&rsquo;\u00e9tablissement en coh\u00e9rence avec la politique acad\u00e9mique. Les r\u00e9f\u00e9rents disposent d&rsquo;une liste de diffusion et d&rsquo;un espace collaboratif Tribu afin d&rsquo;\u00e9changer sur leurs pratiques.<\/p>\n\n\n\n<p class=\"has-vivid-cyan-blue-color has-text-color\"><strong>Interlocuteurs Acad\u00e9miques pour le Num\u00e9rique et Equipes Disciplinaires pour le NUM\u00e9rique&nbsp;:<\/strong><\/p>\n\n\n\n<p>Dans chaque discipline, les inspecteurs d\u00e9signent en collaboration avec le DRANE, un enseignant \u00ab\u00a0Interlocuteur Acad\u00e9mique pour le Num\u00e9rique\u00a0\u00bb (IAN), relais de la DNE, une \u00ab\u00a0Equipe disciplinaire pour le num\u00e9rique\u00a0\u00bb (EDNUM) charg\u00e9e de d\u00e9velopper les usages et les ressources dans la discipline. Les enseignants missionn\u00e9s dans les disciplines disposent d&rsquo;une liste de diffusion et d&rsquo;un espace collaboratif Tribu afin d&rsquo;\u00e9changer sur leurs pratiques.<\/p>\n\n\n\n<p class=\"has-vivid-cyan-blue-color has-text-color\"><strong>Dans le 1<sup>er<\/sup> degr\u00e9<\/strong> <strong>:<\/strong><\/p>\n\n\n\n<p>Dans chaque circonscription, un enseignant ressource est missionn\u00e9 pour les usages du num\u00e9rique (ERUN). Les eRun disposent d&rsquo;une liste de diffusion et d&rsquo;un espace partag\u00e9 Tribu pour \u00e9changer dans leurs pratiques.<\/p>\n\n\n\n<p><\/p>\n","protected":false},"excerpt":{"rendered":"<p>En janvier 2023, le minist\u00e8re de l&rsquo;Education nationale et de la Jeunesse a publi\u00e9 une nouvelle strat\u00e9gie num\u00e9rique pour l&rsquo;\u00e9ducation pour la p\u00e9riode 2023-2027 reposant sur une s\u00e9rie de mesures pour renforcer les comp\u00e9tences num\u00e9riques des \u00e9l\u00e8ves et acc\u00e9l\u00e9rer l\u2019usage des outils num\u00e9riques pour la r\u00e9ussite des \u00e9l\u00e8ves. La strat\u00e9gie&#8230; <a class=\"continue-reading-link\" href=\"https:\/\/site.ac-martinique.fr\/drane\/?page_id=42\">Lire la suite&#8230; <span class=\"meta-nav\">&rarr; <\/span><\/a><\/p>\n","protected":false},"author":79,"featured_media":0,"parent":0,"menu_order":0,"comment_status":"closed","ping_status":"closed","template":"","meta":{"footnotes":"","_links_to":"","_links_to_target":""},"class_list":["post-42","page","type-page","status-publish","hentry"],"_links":{"self":[{"href":"https:\/\/site.ac-martinique.fr\/drane\/index.php?rest_route=\/wp\/v2\/pages\/42","targetHints":{"allow":["GET"]}}],"collection":[{"href":"https:\/\/site.ac-martinique.fr\/drane\/index.php?rest_route=\/wp\/v2\/pages"}],"about":[{"href":"https:\/\/site.ac-martinique.fr\/drane\/index.php?rest_route=\/wp\/v2\/types\/page"}],"author":[{"embeddable":true,"href":"https:\/\/site.ac-martinique.fr\/drane\/index.php?rest_route=\/wp\/v2\/users\/79"}],"replies":[{"embeddable":true,"href":"https:\/\/site.ac-martinique.fr\/drane\/index.php?rest_route=%2Fwp%2Fv2%2Fcomments&post=42"}],"version-history":[{"count":30,"href":"https:\/\/site.ac-martinique.fr\/drane\/index.php?rest_route=\/wp\/v2\/pages\/42\/revisions"}],"predecessor-version":[{"id":6215,"href":"https:\/\/site.ac-martinique.fr\/drane\/index.php?rest_route=\/wp\/v2\/pages\/42\/revisions\/6215"}],"wp:attachment":[{"href":"https:\/\/site.ac-martinique.fr\/drane\/index.php?rest_route=%2Fwp%2Fv2%2Fmedia&parent=42"}],"curies":[{"name":"wp","href":"https:\/\/api.w.org\/{rel}","templated":true}]}}