{"id":1008,"date":"2024-10-17T21:12:35","date_gmt":"2024-10-17T19:12:35","guid":{"rendered":"https:\/\/site.ac-martinique.fr\/eac\/?page_id=1008"},"modified":"2026-02-23T12:43:32","modified_gmt":"2026-02-23T16:43:32","slug":"visiter-des-expositions","status":"publish","type":"page","link":"https:\/\/site.ac-martinique.fr\/eac\/?page_id=1008","title":{"rendered":"P\u00f4le de Ressources pour l&rsquo;EAC Martinique : \u00ab\u00a0PCI et Cr\u00e9ation contemporaine\u00a0\u00bb"},"content":{"rendered":"\n<p><strong>NOTE D&rsquo;INTENTION P\u00c9DAGOGIQUE ET ARTISTIQUE<\/strong> : Selon la Convention pour la sauvegarde du patrimoine culturel immat\u00e9riel (trait\u00e9 de l\u2019UNESCO) adopt\u00e9 le 17 octobre 2003, \u00ab On entend par patrimoine culturel immat\u00e9riel les pratiques, repr\u00e9sentations, expressions, connaissances et savoir-faire \u2013 ainsi que les instruments, objets, artefacts et espaces culturels qui leur sont associ\u00e9s \u2013 que les communaut\u00e9s, les groupes et, le cas \u00e9ch\u00e9ant, les individus reconnaissent comme faisant partie de leur patrimoine culturel. Ce patrimoine culturel immat\u00e9riel, transmis de g\u00e9n\u00e9ration en g\u00e9n\u00e9ration, est recr\u00e9\u00e9 en permanence par les communaut\u00e9s et groupes en fonction de leur milieu, de leur interaction avec la nature et de leur histoire, et leur procure un sentiment d\u2019identit\u00e9 et de continuit\u00e9, contribuant ainsi \u00e0 promouvoir le respect de la diversit\u00e9 culturelle et la cr\u00e9ativit\u00e9 humaine.&nbsp;\u00bb<\/p>\n\n\n\n<p>Selon l\u2019UNESCO, \u00ab&nbsp;Le patrimoine culturel ne s\u2019arr\u00eate pas aux monuments et aux collections d\u2019objets. Il comprend \u00e9galement les traditions ou les expressions vivantes h\u00e9rit\u00e9es de nos anc\u00eatres et transmises \u00e0 nos descendants, comme les traditions orales, les arts du spectacle, les pratiques sociales, rituels et \u00e9v\u00e9nements festifs, les connaissances et pratiques concernant la nature et l\u2019univers ou les connaissances et le savoir-faire n\u00e9cessaires \u00e0 l\u2019artisanat traditionnel&nbsp;\u00bb<\/p>\n\n\n\n<p>\u00ab&nbsp;Traditionnel, contemporain et vivant \u00e0 la fois : le patrimoine culturel immat\u00e9riel ne comprend pas seulement les traditions h\u00e9rit\u00e9es du pass\u00e9, mais aussi les pratiques rurales et urbaines contemporaines, propres \u00e0 divers groupes culturels.&nbsp;\u00bb, source&nbsp;?<\/p>\n\n\n\n<p>Depuis 2019, L\u2019acad\u00e9mie Martinique m\u00e8ne \u00e0 travers le projet acad\u00e9mique \u00ab&nbsp;La Contemporaine Danse b\u00e8l\u00e8&nbsp;\u00bb autour du Patrimoine Culturel Immat\u00e9riel et la cr\u00e9ation contemporaine.<\/p>\n\n\n\n<p>Ainsi des formations, s\u00e9minaires, conf\u00e9rence dans\u00e9e, cr\u00e9ation avec les \u00e9l\u00e8ves ont permis de nourrir notre r\u00e9flexion et enrichir l\u2019enseignement de la danse dans les \u00e9tablissements scolaires.<\/p>\n\n\n\n<p>De nombreux artistes ont collabor\u00e9 au sein de ce projet&nbsp;: &nbsp;Rita RAVIER, Robert REGINA, Jean-F\u00e9lix ZA\u00cfRE, Christiane EMMANUEL, Laurent TROUDART, Dominique LINISE sont intervenus dans le cadre des formations des enseignants et des \u00e9l\u00e8ves dans la d\u00e9marche mise en place. Des universitaires tels que Daniel BARDURY, Simone VA\u00cfTY, J\u00e9sika ORSINET ont apport\u00e9 des \u00e9clairages sur des concepts d\u00e9velopp\u00e9s dans le domaine de la recherche sur les th\u00e9matiques qui nous int\u00e9ressent.<\/p>\n\n\n\n<p>En 2024, une formation inter-cat\u00e9gorielle personnels de mairie\/enseignants de maternelle a \u00e9t\u00e9 organis\u00e9e par la Mission EAC 1D et R\u00e9seau CANOPE concernant la continuit\u00e9 des apprentissages entre temps scolaire et temps p\u00e9ri-scolaire.<\/p>\n\n\n\n<p>Intervention de la DRAAC en formation des associations porteuses de projets CLAS, \u00e0 l\u2019initiative de la CAF<\/p>\n\n\n\n<p>La somme de ces actions nous a conduit \u00e0 vouloir donner une dimension territoriale puis nationale \u00e0 ce travail au sein d\u2019un PREAC.<\/p>\n\n\n\n<p><\/p>\n\n\n\n<p><strong>PORTEUR DE PROJET<\/strong><\/p>\n\n\n\n<p>D\u00e9l\u00e9gation R\u00e9gionale acad\u00e9mique \u00e0 l&rsquo;\u00e9ducation artistique et culturelle (DRAAC), Rectorat, Acad\u00e9mie de la Martinique<\/p>\n\n\n\n<p><strong>COMIT\u00c9 DE PILOTAGE <\/strong><\/p>\n\n\n\n<figure class=\"wp-block-table\"><table class=\"has-fixed-layout\"><tbody><tr><td><a href=\"mailto:Jacqueline.Julien@ac-martinique.fr\">Jacqueline.Julien@ac-martinique.fr<\/a><\/td><td>IEN charg\u00e9e de Mission EAC, Rectorat<\/td><\/tr><tr><td><a href=\"mailto:Liliane.Letu@ac-martinique.fr\">Liliane.Letu@ac-martinique.fr<\/a><\/td><td>IEN, directrice adjointe de l\u2019EAFC, Rectorat<\/td><\/tr><tr><td><a href=\"mailto:Severine.Huby@culture.gouv.fr\">Severine.Huby@culture.gouv.fr<\/a><\/td><td>Conseill\u00e8re EAC, action culturelle, Direction des Affaires Culturelles<\/td><\/tr><tr><td>XXX.XXX@culture.gouv.fr<\/td><td>Conseiller spectacle vivant, Direction des Affaires Culturelles<\/td><\/tr><tr><td><a href=\"http:\/\/Jo\u00eblle.Jougon@inspe-martinique.fr\">Jo\u00eblle.Jougon@inspe-martinique.fr<\/a><\/td><td>Directrice adjointe de l\u2019INSPE<\/td><\/tr><tr><td><a href=\"mailto:Carole.lagrand@ac-martinique.fr\">Carole.lagrand@ac-martinique.fr<\/a><\/td><td>Responsable p\u00f4le jeunesse, DRAJES<\/td><\/tr><tr><td><a href=\"http:\/\/R\u00e9mi.Duclos@ac-martinique.fr\">R\u00e9mi.Duclos@ac-martinique.fr<\/a><\/td><td>R\u00e9f\u00e9rent ACM et continuit\u00e9 \u00e9ducative, DRAJES<\/td><\/tr><tr><td>(en pr\u00e9figuration)<\/td><td>CNFPT<\/td><\/tr><tr><td colspan=\"2\"><strong>PARTENAIRES ARTISTIQUES<\/strong><\/td><\/tr><tr><td>Isabelle Florenty&nbsp;; <a href=\"mailto:direction.maisondubele@gmail.com\">direction.maisondubele@gmail.com<\/a><\/td><td>Directrice de la Maison du B\u00e8l\u00e8, Sc\u00e8ne Conventionn\u00e9e d\u2019Int\u00e9r\u00eat National PCI et cr\u00e9ation (en pr\u00e9figuration)<\/td><\/tr><tr><td>Corinne Badian&nbsp;; <a href=\"mailto:cbadian@tropiques-atrium.fr\">cbadian@tropiques-atrium.fr<\/a><\/td><td>Responsable des formations, Tropiques Atrium, Sc\u00e8ne Nationale<\/td><\/tr><tr><td>(en pr\u00e9figuration)<\/td><td>Centre culturel de rencontre \u00ab&nbsp;Les Coulisses&nbsp;\u00bb<\/td><\/tr><\/tbody><\/table><\/figure>\n\n\n\n<p><strong>Juillet 2024<\/strong> : Cr\u00e9ation du PREAC, valid\u00e9e en commission nationale interminist\u00e9rielle. Coordination nationale des PREAC : <a href=\"https:\/\/www.cnam-inseac.fr\/Page\/PREAC\">Institut National de l&rsquo;EAC<\/a>. R\u00e9f\u00e9rente : <a href=\"mailto:julie.wozniak@lecnam.net\">julie.wozniak@lecnam.net<\/a><\/p>\n\n\n\n<p class=\"has-white-color has-luminous-vivid-orange-background-color has-text-color has-background has-link-color wp-elements-ed047f3a86396e7a64955bdc4097de03\"><strong>Mars 2025<\/strong> : 1\u00e8re formation nationale \u00ab\u00a0<strong>Comment le patrimoine culturel immat\u00e9riel nourrit-il la cr\u00e9ation contemporaine&nbsp;? L\u2019exemple de la Cara\u00efbe.<\/strong> Programme ci-dessous :<\/p>\n\n\n\n<div data-wp-interactive=\"core\/file\" class=\"wp-block-file\"><object data-wp-bind--hidden=\"!state.hasPdfPreview\" hidden class=\"wp-block-file__embed\" data=\"https:\/\/site.ac-martinique.fr\/eac\/wp-content\/uploads\/sites\/103\/2025\/12\/Programme_2025_PREAC_PCICC.pdf\" type=\"application\/pdf\" style=\"width:100%;height:600px\" aria-label=\"Contenu embarqu\u00e9 Programme_2025_PREAC_PCI&amp;CC.\"><\/object><a id=\"wp-block-file--media-1d5fbac6-ecd8-450c-a00b-014682ec05bc\" href=\"https:\/\/site.ac-martinique.fr\/eac\/wp-content\/uploads\/sites\/103\/2025\/12\/Programme_2025_PREAC_PCICC.pdf\">Programme_2025_PREAC_PCI&amp;CC<\/a><a href=\"https:\/\/site.ac-martinique.fr\/eac\/wp-content\/uploads\/sites\/103\/2025\/12\/Programme_2025_PREAC_PCICC.pdf\" class=\"wp-block-file__button wp-element-button\" download aria-describedby=\"wp-block-file--media-1d5fbac6-ecd8-450c-a00b-014682ec05bc\">T\u00e9l\u00e9charger<\/a><\/div>\n\n\n\n<p><\/p>\n\n\n\n<p><strong><em><a href=\"https:\/\/padlet.com\/cullindah\/ressources-formation-nationale-preac-2025-arf6ga3jbavdsbcq\">documentation post s\u00e9minaire<\/a><\/em><\/strong><\/p>\n\n\n\n<p class=\"has-white-color has-luminous-vivid-orange-background-color has-text-color has-background has-link-color wp-elements-9403fec59c196131e0959158c34b5d65\"><strong>2026 : Formations locales<\/strong><\/p>\n\n\n\n<ul class=\"wp-block-list\">\n<li>STAGE : Comment monter un projet d&rsquo;\u00e9ducation artistique et culturelle ?<\/li>\n\n\n\n<li>CREATION DE RESSOURCES : cr\u00e9ation de supports p\u00e9dagogiques adapt\u00e9s \u00e0 la visite par des enfants de l&rsquo;exposition permanente de la Maison du B\u00e8l\u00e8<\/li>\n<\/ul>\n\n\n\n<div data-wp-interactive=\"core\/file\" class=\"wp-block-file\"><object data-wp-bind--hidden=\"!state.hasPdfPreview\" hidden class=\"wp-block-file__embed\" data=\"https:\/\/site.ac-martinique.fr\/eac\/wp-content\/uploads\/sites\/103\/2026\/01\/BROCHURE-PREAC-formations-locales-2026.pdf\" type=\"application\/pdf\" style=\"width:100%;height:600px\" aria-label=\"Contenu embarqu\u00e9 BROCHURE PREAC - formations locales 2026.\"><\/object><a id=\"wp-block-file--media-69a8712a-5db2-4840-b7a6-8b0f7be9e4cd\" href=\"https:\/\/site.ac-martinique.fr\/eac\/wp-content\/uploads\/sites\/103\/2026\/01\/BROCHURE-PREAC-formations-locales-2026.pdf\">BROCHURE PREAC &#8211; formations locales 2026<\/a><a href=\"https:\/\/site.ac-martinique.fr\/eac\/wp-content\/uploads\/sites\/103\/2026\/01\/BROCHURE-PREAC-formations-locales-2026.pdf\" class=\"wp-block-file__button wp-element-button\" download aria-describedby=\"wp-block-file--media-69a8712a-5db2-4840-b7a6-8b0f7be9e4cd\">T\u00e9l\u00e9charger<\/a><\/div>\n\n\n\n<p><\/p>\n","protected":false},"excerpt":{"rendered":"<p>NOTE D&rsquo;INTENTION P\u00c9DAGOGIQUE ET ARTISTIQUE : Selon la Convention pour la sauvegarde du patrimoine culturel immat\u00e9riel (trait\u00e9 de l\u2019UNESCO) adopt\u00e9 le 17 octobre 2003, \u00ab On entend par patrimoine culturel immat\u00e9riel les pratiques, repr\u00e9sentations, expressions, connaissances et savoir-faire \u2013 ainsi que les instruments, objets, artefacts et espaces culturels qui leur sont associ\u00e9s \u2013 que les &hellip; <\/p>\n<p class=\"link-more\"><a href=\"https:\/\/site.ac-martinique.fr\/eac\/?page_id=1008\" class=\"more-link\">Continuer la lecture<span class=\"screen-reader-text\"> de &laquo;&nbsp;P\u00f4le de Ressources pour l&rsquo;EAC Martinique : \u00ab\u00a0PCI et Cr\u00e9ation contemporaine\u00a0\u00bb&nbsp;&raquo;<\/span><\/a><\/p>\n","protected":false},"author":281,"featured_media":0,"parent":0,"menu_order":0,"comment_status":"closed","ping_status":"closed","template":"","meta":{"footnotes":""},"class_list":["post-1008","page","type-page","status-publish","hentry"],"_links":{"self":[{"href":"https:\/\/site.ac-martinique.fr\/eac\/index.php?rest_route=\/wp\/v2\/pages\/1008","targetHints":{"allow":["GET"]}}],"collection":[{"href":"https:\/\/site.ac-martinique.fr\/eac\/index.php?rest_route=\/wp\/v2\/pages"}],"about":[{"href":"https:\/\/site.ac-martinique.fr\/eac\/index.php?rest_route=\/wp\/v2\/types\/page"}],"author":[{"embeddable":true,"href":"https:\/\/site.ac-martinique.fr\/eac\/index.php?rest_route=\/wp\/v2\/users\/281"}],"replies":[{"embeddable":true,"href":"https:\/\/site.ac-martinique.fr\/eac\/index.php?rest_route=%2Fwp%2Fv2%2Fcomments&post=1008"}],"version-history":[{"count":9,"href":"https:\/\/site.ac-martinique.fr\/eac\/index.php?rest_route=\/wp\/v2\/pages\/1008\/revisions"}],"predecessor-version":[{"id":1251,"href":"https:\/\/site.ac-martinique.fr\/eac\/index.php?rest_route=\/wp\/v2\/pages\/1008\/revisions\/1251"}],"wp:attachment":[{"href":"https:\/\/site.ac-martinique.fr\/eac\/index.php?rest_route=%2Fwp%2Fv2%2Fmedia&parent=1008"}],"curies":[{"name":"wp","href":"https:\/\/api.w.org\/{rel}","templated":true}]}}