{"id":1037,"date":"2025-01-06T19:59:12","date_gmt":"2025-01-06T18:59:12","guid":{"rendered":"https:\/\/site.ac-martinique.fr\/eac\/?page_id=1037"},"modified":"2025-01-06T19:59:13","modified_gmt":"2025-01-06T18:59:13","slug":"formation-du-18-12-2024","status":"publish","type":"page","link":"https:\/\/site.ac-martinique.fr\/eac\/?page_id=1037","title":{"rendered":"Formation du 18\/12\/2024"},"content":{"rendered":"\n<div data-wp-interactive=\"core\/file\" class=\"wp-block-file\"><object data-wp-bind--hidden=\"!state.hasPdfPreview\" hidden class=\"wp-block-file__embed\" data=\"https:\/\/site.ac-martinique.fr\/eac\/wp-content\/uploads\/sites\/103\/2025\/01\/Defi-artistique-et-scientifique.pdf\" type=\"application\/pdf\" style=\"width:100%;height:600px\" aria-label=\"Contenu embarqu\u00e9 D\u00e9fi artistique et scientifique.\"><\/object><a id=\"wp-block-file--media-da9c14e2-cec5-4752-a327-d7c1b8023669\" href=\"https:\/\/site.ac-martinique.fr\/eac\/wp-content\/uploads\/sites\/103\/2025\/01\/Defi-artistique-et-scientifique.pdf\">D\u00e9fi artistique et scientifique<\/a><a href=\"https:\/\/site.ac-martinique.fr\/eac\/wp-content\/uploads\/sites\/103\/2025\/01\/Defi-artistique-et-scientifique.pdf\" class=\"wp-block-file__button wp-element-button\" download aria-describedby=\"wp-block-file--media-da9c14e2-cec5-4752-a327-d7c1b8023669\">T\u00e9l\u00e9charger<\/a><\/div>\n\n\n\n<div data-wp-interactive=\"core\/file\" class=\"wp-block-file\"><object data-wp-bind--hidden=\"!state.hasPdfPreview\" hidden class=\"wp-block-file__embed\" data=\"https:\/\/site.ac-martinique.fr\/eac\/wp-content\/uploads\/sites\/103\/2025\/01\/CONDUCTEUR-formation-VISIO-18-12-24.pdf\" type=\"application\/pdf\" style=\"width:100%;height:600px\" aria-label=\"Contenu embarqu\u00e9 CONDUCTEUR formation VISIO 18-12-24.\"><\/object><a id=\"wp-block-file--media-27306bf3-dc0e-4472-952b-d9e6bcb8b572\" href=\"https:\/\/site.ac-martinique.fr\/eac\/wp-content\/uploads\/sites\/103\/2025\/01\/CONDUCTEUR-formation-VISIO-18-12-24.pdf\">CONDUCTEUR formation VISIO 18-12-24<\/a><a href=\"https:\/\/site.ac-martinique.fr\/eac\/wp-content\/uploads\/sites\/103\/2025\/01\/CONDUCTEUR-formation-VISIO-18-12-24.pdf\" class=\"wp-block-file__button wp-element-button\" download aria-describedby=\"wp-block-file--media-27306bf3-dc0e-4472-952b-d9e6bcb8b572\">T\u00e9l\u00e9charger<\/a><\/div>\n\n\n\n<div data-wp-interactive=\"core\/file\" class=\"wp-block-file\"><object data-wp-bind--hidden=\"!state.hasPdfPreview\" hidden class=\"wp-block-file__embed\" data=\"https:\/\/site.ac-martinique.fr\/eac\/wp-content\/uploads\/sites\/103\/2025\/01\/Memoire-de-demarche-scientifique.pdf\" type=\"application\/pdf\" style=\"width:100%;height:600px\" aria-label=\"Contenu embarqu\u00e9 M\u00e9moire de d\u00e9marche scientifique.\"><\/object><a id=\"wp-block-file--media-a126f6c2-b26e-4db1-8edb-511e13f84342\" href=\"https:\/\/site.ac-martinique.fr\/eac\/wp-content\/uploads\/sites\/103\/2025\/01\/Memoire-de-demarche-scientifique.pdf\">M\u00e9moire de d\u00e9marche scientifique<\/a><a href=\"https:\/\/site.ac-martinique.fr\/eac\/wp-content\/uploads\/sites\/103\/2025\/01\/Memoire-de-demarche-scientifique.pdf\" class=\"wp-block-file__button wp-element-button\" download aria-describedby=\"wp-block-file--media-a126f6c2-b26e-4db1-8edb-511e13f84342\">T\u00e9l\u00e9charger<\/a><\/div>\n","protected":false},"excerpt":{"rendered":"","protected":false},"author":444,"featured_media":0,"parent":0,"menu_order":0,"comment_status":"closed","ping_status":"closed","template":"","meta":{"footnotes":""},"class_list":["post-1037","page","type-page","status-publish","hentry"],"_links":{"self":[{"href":"https:\/\/site.ac-martinique.fr\/eac\/index.php?rest_route=\/wp\/v2\/pages\/1037","targetHints":{"allow":["GET"]}}],"collection":[{"href":"https:\/\/site.ac-martinique.fr\/eac\/index.php?rest_route=\/wp\/v2\/pages"}],"about":[{"href":"https:\/\/site.ac-martinique.fr\/eac\/index.php?rest_route=\/wp\/v2\/types\/page"}],"author":[{"embeddable":true,"href":"https:\/\/site.ac-martinique.fr\/eac\/index.php?rest_route=\/wp\/v2\/users\/444"}],"replies":[{"embeddable":true,"href":"https:\/\/site.ac-martinique.fr\/eac\/index.php?rest_route=%2Fwp%2Fv2%2Fcomments&post=1037"}],"version-history":[{"count":1,"href":"https:\/\/site.ac-martinique.fr\/eac\/index.php?rest_route=\/wp\/v2\/pages\/1037\/revisions"}],"predecessor-version":[{"id":1041,"href":"https:\/\/site.ac-martinique.fr\/eac\/index.php?rest_route=\/wp\/v2\/pages\/1037\/revisions\/1041"}],"wp:attachment":[{"href":"https:\/\/site.ac-martinique.fr\/eac\/index.php?rest_route=%2Fwp%2Fv2%2Fmedia&parent=1037"}],"curies":[{"name":"wp","href":"https:\/\/api.w.org\/{rel}","templated":true}]}}