{"id":112,"date":"2021-11-10T16:00:24","date_gmt":"2021-11-10T15:00:24","guid":{"rendered":"https:\/\/site.ac-martinique.fr\/eac\/?page_id=112"},"modified":"2024-02-06T15:52:38","modified_gmt":"2024-02-06T14:52:38","slug":"accueil","status":"publish","type":"page","link":"https:\/\/site.ac-martinique.fr\/eac\/","title":{"rendered":"Accueil"},"content":{"rendered":"\n<div class=\"wp-block-group alignfull\"><div class=\"wp-block-group__inner-container is-layout-flow wp-block-group-is-layout-flow\">\n<h4 class=\"wp-block-heading alignwide has-text-align-center\">\u00ab\u00a0Il est place pour tous au rendez-vous de la conqu\u00eate! Et nous savons maintenant que le soleil tourne autour de notre terre \u00e9clairant la parcelle qu&rsquo;a fix\u00e9 notre volont\u00e9 seule et que toute \u00e9toile chute de ciel en terre \u00e0 notre commandement sans limite!\u00a0\u00bb, Aim\u00e9 C\u00e9saire<\/h4>\n\n\n\n<figure class=\"wp-block-image alignwide size-full\"><img loading=\"lazy\" decoding=\"async\" width=\"630\" height=\"484\" src=\"https:\/\/site.ac-martinique.fr\/eac\/wp-content\/uploads\/sites\/103\/2021\/11\/detail-christophe-Mert-2.jpg\" alt=\"\" class=\"wp-image-23\" srcset=\"https:\/\/site.ac-martinique.fr\/eac\/wp-content\/uploads\/sites\/103\/2021\/11\/detail-christophe-Mert-2.jpg 630w, https:\/\/site.ac-martinique.fr\/eac\/wp-content\/uploads\/sites\/103\/2021\/11\/detail-christophe-Mert-2-300x230.jpg 300w\" sizes=\"auto, (max-width: 630px) 100vw, 630px\" \/><figcaption class=\"wp-element-caption\">\u00a9Christophe Mert-ADAGP, D\u00e9pi tou piti&#8230; (d\u00e9tail), technique mixte, 2019<\/figcaption><\/figure>\n<\/div><\/div>\n\n\n\n<div class=\"wp-block-group alignfull has-subtle-background-color has-background\"><div class=\"wp-block-group__inner-container is-layout-flow wp-block-group-is-layout-flow\">\n<div class=\"wp-block-media-text alignwide is-stacked-on-mobile is-style-tw-shadow tw-stack-md\" style=\"grid-template-columns:44% auto\"><figure class=\"wp-block-media-text__media\"><img loading=\"lazy\" decoding=\"async\" width=\"600\" height=\"581\" src=\"https:\/\/site.ac-martinique.fr\/eac\/wp-content\/uploads\/sites\/103\/2022\/06\/rectrice-nathalie-mons-16511.jpg\" alt=\"\" class=\"wp-image-529 size-full\" srcset=\"https:\/\/site.ac-martinique.fr\/eac\/wp-content\/uploads\/sites\/103\/2022\/06\/rectrice-nathalie-mons-16511.jpg 600w, https:\/\/site.ac-martinique.fr\/eac\/wp-content\/uploads\/sites\/103\/2022\/06\/rectrice-nathalie-mons-16511-300x291.jpg 300w\" sizes=\"auto, (max-width: 600px) 100vw, 600px\" \/><\/figure><div class=\"wp-block-media-text__content\">\n<h2 class=\"wp-block-heading\">l&rsquo;\u00e9ducation artistique et culturelle dans l&rsquo;Acad\u00e9mie de Martinique<\/h2>\n\n\n\n<p>Sous l&rsquo;autorit\u00e9 directe de la Rectrice, la DRAAC met en \u0153uvre la politique culturelle de la region acad\u00e9mique. En lien direct avec tous les usagers de l&rsquo;Ecole, elle impulse, pilote et conseille afin de garantir une \u00e9ducation artistique et culturelle \u00e0 chaque \u00e9l\u00e8ve, de la maternelle au Post Bac.<\/p>\n<\/div><\/div>\n\n\n\n<div class=\"wp-block-media-text alignwide has-media-on-the-right is-stacked-on-mobile is-style-tw-shadow tw-stack-md\" style=\"grid-template-columns:auto 49%\"><div class=\"wp-block-media-text__content\">\n<h2 class=\"wp-block-heading\">le mot de l&rsquo;IEN charg\u00e9e de Mission EAC<\/h2>\n\n\n\n<p class=\"has-text-align-right\">La mission EAC relaie l\u2019ambition du 100% EAC pour tous les \u00e9l\u00e8ves des \u00e9coles de l\u2019acad\u00e9mie Martinique. \u00a0Elle invite chaque \u00e9cole \u00e0 recenser et \u00e0 valoriser dans ADAGE tous les \u00e9l\u00e9ments\u00a0 qui, en application du volet culturel du projet d\u2019\u00e9cole, constituent le parcours d\u2019\u00e9ducation artistique et culturelle. \u00a0Les conseill\u00e8res p\u00e9dagogiques d\u00e9partementales en arts visuels et en \u00e9ducation musicale mettent leur expertise au service de projets d\u2019\u00e9ducation artistique et culturelle qui sont aussi des dispositifs de formation des enseignants.<\/p>\n\n\n\n<p><a href=\"https:\/\/site.ac-martinique.fr\/eac\/?page_id=839\">En savoir plus<\/a><\/p>\n<\/div><figure class=\"wp-block-media-text__media\"><img loading=\"lazy\" decoding=\"async\" width=\"1024\" height=\"576\" src=\"https:\/\/site.ac-martinique.fr\/eac\/wp-content\/uploads\/sites\/103\/2021\/11\/20211015_104839-1024x576.jpg\" alt=\"D\u00e9tail de la fresque &quot;St-Pierre de Martinique - Antigua du Guatemala&quot; r\u00e9alis\u00e9e par les \u00e9l\u00e8ves de CM1\/CM2, leur ma\u00eetresse et le plasticien St\u00e9phane GARRAUD, Xuxuno X\u00e4n, PACTE 2020\/2021. Inaugur\u00e9e le 15 octobre 2021, \u00e9cole Phil\u00e9mond-Montout de St-Pierre\" class=\"wp-image-121 size-full\" srcset=\"https:\/\/site.ac-martinique.fr\/eac\/wp-content\/uploads\/sites\/103\/2021\/11\/20211015_104839-1024x576.jpg 1024w, https:\/\/site.ac-martinique.fr\/eac\/wp-content\/uploads\/sites\/103\/2021\/11\/20211015_104839-300x169.jpg 300w, https:\/\/site.ac-martinique.fr\/eac\/wp-content\/uploads\/sites\/103\/2021\/11\/20211015_104839-768x432.jpg 768w, https:\/\/site.ac-martinique.fr\/eac\/wp-content\/uploads\/sites\/103\/2021\/11\/20211015_104839-1536x864.jpg 1536w, https:\/\/site.ac-martinique.fr\/eac\/wp-content\/uploads\/sites\/103\/2021\/11\/20211015_104839-2048x1152.jpg 2048w\" sizes=\"auto, (max-width: 767px) 89vw, (max-width: 1000px) 54vw, (max-width: 1071px) 543px, 580px\" \/><\/figure><\/div>\n\n\n\n<div class=\"wp-block-media-text alignwide is-stacked-on-mobile is-style-tw-shadow tw-stack-md\" style=\"grid-template-columns:49% auto\"><figure class=\"wp-block-media-text__media\"><img loading=\"lazy\" decoding=\"async\" width=\"232\" height=\"200\" src=\"https:\/\/site.ac-martinique.fr\/eac\/wp-content\/uploads\/sites\/103\/2021\/09\/logo-adage-fond-blanc.gif\" alt=\"\" class=\"wp-image-11 size-full\"\/><\/figure><div class=\"wp-block-media-text__content\">\n<h2 class=\"wp-block-heading\"><strong>une action partenariale<\/strong><\/h2>\n\n\n\n<p>L&rsquo;\u00e9ducation artistique et culturelle constitue un int\u00e9r\u00eat et un enjeu partag\u00e9s par les institutions majeures de notre territoire. La DRAAC et la Mission EAC 1D, grace \u00e0 l&rsquo;outil de mise en oeuvre et de pilotage qu&rsquo;est l&rsquo;application ADAGE, se tournent r\u00e9solument vers leurs partenaires publics, associatifs et priv\u00e9s pour construire avec eux ce plan majeur pour la jeunesse.<\/p>\n\n\n\n<p><a href=\"https:\/\/site.ac-martinique.fr\/eac\/?page_id=54\">En savoir plus<\/a><\/p>\n<\/div><\/div>\n<\/div><\/div>\n\n\n\n<div class=\"wp-block-group alignfull\"><div class=\"wp-block-group__inner-container is-layout-flow wp-block-group-is-layout-flow\"><\/div><\/div>\n","protected":false},"excerpt":{"rendered":"<p>\u00ab\u00a0Il est place pour tous au rendez-vous de la conqu\u00eate! Et nous savons maintenant que le soleil tourne autour de notre terre \u00e9clairant la parcelle qu&rsquo;a fix\u00e9 notre volont\u00e9 seule et que toute \u00e9toile chute de ciel en terre \u00e0 notre commandement sans limite!\u00a0\u00bb, Aim\u00e9 C\u00e9saire l&rsquo;\u00e9ducation artistique et culturelle dans l&rsquo;Acad\u00e9mie de Martinique Sous &hellip; <\/p>\n<p class=\"link-more\"><a href=\"https:\/\/site.ac-martinique.fr\/eac\/\" class=\"more-link\">Continuer la lecture<span class=\"screen-reader-text\"> de &laquo;&nbsp;Accueil&nbsp;&raquo;<\/span><\/a><\/p>\n","protected":false},"author":281,"featured_media":0,"parent":0,"menu_order":0,"comment_status":"closed","ping_status":"closed","template":"","meta":{"footnotes":""},"class_list":["post-112","page","type-page","status-publish","hentry"],"_links":{"self":[{"href":"https:\/\/site.ac-martinique.fr\/eac\/index.php?rest_route=\/wp\/v2\/pages\/112","targetHints":{"allow":["GET"]}}],"collection":[{"href":"https:\/\/site.ac-martinique.fr\/eac\/index.php?rest_route=\/wp\/v2\/pages"}],"about":[{"href":"https:\/\/site.ac-martinique.fr\/eac\/index.php?rest_route=\/wp\/v2\/types\/page"}],"author":[{"embeddable":true,"href":"https:\/\/site.ac-martinique.fr\/eac\/index.php?rest_route=\/wp\/v2\/users\/281"}],"replies":[{"embeddable":true,"href":"https:\/\/site.ac-martinique.fr\/eac\/index.php?rest_route=%2Fwp%2Fv2%2Fcomments&post=112"}],"version-history":[{"count":10,"href":"https:\/\/site.ac-martinique.fr\/eac\/index.php?rest_route=\/wp\/v2\/pages\/112\/revisions"}],"predecessor-version":[{"id":867,"href":"https:\/\/site.ac-martinique.fr\/eac\/index.php?rest_route=\/wp\/v2\/pages\/112\/revisions\/867"}],"wp:attachment":[{"href":"https:\/\/site.ac-martinique.fr\/eac\/index.php?rest_route=%2Fwp%2Fv2%2Fmedia&parent=112"}],"curies":[{"name":"wp","href":"https:\/\/api.w.org\/{rel}","templated":true}]}}