{"id":1140,"date":"2025-07-04T21:53:03","date_gmt":"2025-07-04T19:53:03","guid":{"rendered":"https:\/\/site.ac-martinique.fr\/eac\/?page_id=1140"},"modified":"2025-07-04T21:53:03","modified_gmt":"2025-07-04T19:53:03","slug":"defi-realise-par-lecole-de-grand-riviere","status":"publish","type":"page","link":"https:\/\/site.ac-martinique.fr\/eac\/?page_id=1140","title":{"rendered":"D\u00e9fi r\u00e9alis\u00e9 par l&rsquo;\u00e9cole de Grand-Rivi\u00e8re"},"content":{"rendered":"\n<div data-wp-interactive=\"core\/file\" class=\"wp-block-file\"><object data-wp-bind--hidden=\"!state.hasPdfPreview\" hidden class=\"wp-block-file__embed\" data=\"https:\/\/site.ac-martinique.fr\/eac\/wp-content\/uploads\/sites\/103\/2025\/07\/Defi-arts-et-sciences.pdf\" type=\"application\/pdf\" style=\"width:100%;height:600px\" aria-label=\"Contenu embarqu\u00e9 Defi-arts-et-sciences.\"><\/object><a id=\"wp-block-file--media-87de4a5e-edba-4da7-9d7b-a8c0a3eb2e11\" href=\"https:\/\/site.ac-martinique.fr\/eac\/wp-content\/uploads\/sites\/103\/2025\/07\/Defi-arts-et-sciences.pdf\">Defi-arts-et-sciences<\/a><a href=\"https:\/\/site.ac-martinique.fr\/eac\/wp-content\/uploads\/sites\/103\/2025\/07\/Defi-arts-et-sciences.pdf\" class=\"wp-block-file__button wp-element-button\" download aria-describedby=\"wp-block-file--media-87de4a5e-edba-4da7-9d7b-a8c0a3eb2e11\">T\u00e9l\u00e9charger<\/a><\/div>\n\n\n\n<div data-wp-interactive=\"core\/file\" class=\"wp-block-file\"><object data-wp-bind--hidden=\"!state.hasPdfPreview\" hidden class=\"wp-block-file__embed\" data=\"https:\/\/site.ac-martinique.fr\/eac\/wp-content\/uploads\/sites\/103\/2025\/07\/Texte-de-presentation-du-defi-ecrit-et-lu-par-les-eleves.pdf\" type=\"application\/pdf\" style=\"width:100%;height:600px\" aria-label=\"Contenu embarqu\u00e9 Texte de pr\u00e9sentation du d\u00e9fi \u00e9crit et lu par les \u00e9l\u00e8ves.\"><\/object><a id=\"wp-block-file--media-2cb1f7e7-e5d0-4cfc-b532-195b1d13c1eb\" href=\"https:\/\/site.ac-martinique.fr\/eac\/wp-content\/uploads\/sites\/103\/2025\/07\/Texte-de-presentation-du-defi-ecrit-et-lu-par-les-eleves.pdf\">Texte de pr\u00e9sentation du d\u00e9fi \u00e9crit et lu par les \u00e9l\u00e8ves<\/a><a href=\"https:\/\/site.ac-martinique.fr\/eac\/wp-content\/uploads\/sites\/103\/2025\/07\/Texte-de-presentation-du-defi-ecrit-et-lu-par-les-eleves.pdf\" class=\"wp-block-file__button wp-element-button\" download aria-describedby=\"wp-block-file--media-2cb1f7e7-e5d0-4cfc-b532-195b1d13c1eb\">T\u00e9l\u00e9charger<\/a><\/div>\n\n\n\n<div data-wp-interactive=\"core\/file\" class=\"wp-block-file\"><object data-wp-bind--hidden=\"!state.hasPdfPreview\" hidden class=\"wp-block-file__embed\" data=\"https:\/\/site.ac-martinique.fr\/eac\/wp-content\/uploads\/sites\/103\/2025\/07\/REMERCIEMENTS.pdf\" type=\"application\/pdf\" style=\"width:100%;height:600px\" aria-label=\"Contenu embarqu\u00e9 REMERCIEMENTS.\"><\/object><a id=\"wp-block-file--media-b5353930-6ed9-47e3-9535-70c4f050b633\" href=\"https:\/\/site.ac-martinique.fr\/eac\/wp-content\/uploads\/sites\/103\/2025\/07\/REMERCIEMENTS.pdf\">REMERCIEMENTS<\/a><a href=\"https:\/\/site.ac-martinique.fr\/eac\/wp-content\/uploads\/sites\/103\/2025\/07\/REMERCIEMENTS.pdf\" class=\"wp-block-file__button wp-element-button\" download aria-describedby=\"wp-block-file--media-b5353930-6ed9-47e3-9535-70c4f050b633\">T\u00e9l\u00e9charger<\/a><\/div>\n","protected":false},"excerpt":{"rendered":"","protected":false},"author":444,"featured_media":0,"parent":0,"menu_order":0,"comment_status":"closed","ping_status":"closed","template":"","meta":{"footnotes":""},"class_list":["post-1140","page","type-page","status-publish","hentry"],"_links":{"self":[{"href":"https:\/\/site.ac-martinique.fr\/eac\/index.php?rest_route=\/wp\/v2\/pages\/1140","targetHints":{"allow":["GET"]}}],"collection":[{"href":"https:\/\/site.ac-martinique.fr\/eac\/index.php?rest_route=\/wp\/v2\/pages"}],"about":[{"href":"https:\/\/site.ac-martinique.fr\/eac\/index.php?rest_route=\/wp\/v2\/types\/page"}],"author":[{"embeddable":true,"href":"https:\/\/site.ac-martinique.fr\/eac\/index.php?rest_route=\/wp\/v2\/users\/444"}],"replies":[{"embeddable":true,"href":"https:\/\/site.ac-martinique.fr\/eac\/index.php?rest_route=%2Fwp%2Fv2%2Fcomments&post=1140"}],"version-history":[{"count":1,"href":"https:\/\/site.ac-martinique.fr\/eac\/index.php?rest_route=\/wp\/v2\/pages\/1140\/revisions"}],"predecessor-version":[{"id":1144,"href":"https:\/\/site.ac-martinique.fr\/eac\/index.php?rest_route=\/wp\/v2\/pages\/1140\/revisions\/1144"}],"wp:attachment":[{"href":"https:\/\/site.ac-martinique.fr\/eac\/index.php?rest_route=%2Fwp%2Fv2%2Fmedia&parent=1140"}],"curies":[{"name":"wp","href":"https:\/\/api.w.org\/{rel}","templated":true}]}}