{"id":1213,"date":"2026-02-23T11:18:25","date_gmt":"2026-02-23T15:18:25","guid":{"rendered":"https:\/\/site.ac-martinique.fr\/eac\/?page_id=1213"},"modified":"2026-03-17T16:08:43","modified_gmt":"2026-03-17T20:08:43","slug":"structures-culturelles-page-des-professeurs-relais","status":"publish","type":"page","link":"https:\/\/site.ac-martinique.fr\/eac\/?page_id=1213","title":{"rendered":"Structures Culturelles (page des professeurs relais)"},"content":{"rendered":"\n<p>L&rsquo;acad\u00e9mie de Martinique est partenaire de nombreuses structures culturelles qui ont une programmation culturelle d\u00e9di\u00e9e \u00e0 la jeunesse. Deux d&rsquo;entre elles b\u00e9n\u00e9ficient chacune d&rsquo;une professeure relais. Ces enseignantes ont donc rejoint les services \u00e9ducatifs de ces structures afin d&rsquo;am\u00e9liorer l&rsquo;accueil des \u00e9l\u00e8ves et des enseignants ainsi que leur contribution au Parcours EAC.<\/p>\n\n\n\n<p class=\"has-black-color has-luminous-vivid-amber-background-color has-text-color has-background has-link-color wp-elements-90d9a0b9b7e388f88a1c8b182f29a92b\"><strong>TROPIQUES ATRIUM, SCENE NATIONALE DE MARTINIQUE<\/strong><\/p>\n\n\n\n<p>R.N-G, professeure des \u00e9coles<\/p>\n\n\n\n<p><em><a href=\"https:\/\/site.ac-martinique.fr\/eac\/?page_id=1219\">voir la page d\u00e9di\u00e9e<\/a><\/em><\/p>\n\n\n\n<p class=\"has-pale-cyan-blue-background-color has-background\"><strong>FONDATION CLEMENT<\/strong><\/p>\n\n\n\n<p>Manon.Casagrande@ac-martinique.fr, professeure d&rsquo;arts plastiques<\/p>\n\n\n\n<p><em><a href=\"https:\/\/site.ac-martinique.fr\/eac\/?page_id=1220\">Voir la page d\u00e9di\u00e9e<\/a><\/em><\/p>\n","protected":false},"excerpt":{"rendered":"<p>L&rsquo;acad\u00e9mie de Martinique est partenaire de nombreuses structures culturelles qui ont une programmation culturelle d\u00e9di\u00e9e \u00e0 la jeunesse. Deux d&rsquo;entre elles b\u00e9n\u00e9ficient chacune d&rsquo;une professeure relais. Ces enseignantes ont donc rejoint les services \u00e9ducatifs de ces structures afin d&rsquo;am\u00e9liorer l&rsquo;accueil des \u00e9l\u00e8ves et des enseignants ainsi que leur contribution au Parcours EAC. TROPIQUES ATRIUM, SCENE &hellip; <\/p>\n<p class=\"link-more\"><a href=\"https:\/\/site.ac-martinique.fr\/eac\/?page_id=1213\" class=\"more-link\">Continuer la lecture<span class=\"screen-reader-text\"> de &laquo;&nbsp;Structures Culturelles (page des professeurs relais)&nbsp;&raquo;<\/span><\/a><\/p>\n","protected":false},"author":281,"featured_media":0,"parent":0,"menu_order":0,"comment_status":"closed","ping_status":"closed","template":"","meta":{"footnotes":""},"class_list":["post-1213","page","type-page","status-publish","hentry"],"_links":{"self":[{"href":"https:\/\/site.ac-martinique.fr\/eac\/index.php?rest_route=\/wp\/v2\/pages\/1213","targetHints":{"allow":["GET"]}}],"collection":[{"href":"https:\/\/site.ac-martinique.fr\/eac\/index.php?rest_route=\/wp\/v2\/pages"}],"about":[{"href":"https:\/\/site.ac-martinique.fr\/eac\/index.php?rest_route=\/wp\/v2\/types\/page"}],"author":[{"embeddable":true,"href":"https:\/\/site.ac-martinique.fr\/eac\/index.php?rest_route=\/wp\/v2\/users\/281"}],"replies":[{"embeddable":true,"href":"https:\/\/site.ac-martinique.fr\/eac\/index.php?rest_route=%2Fwp%2Fv2%2Fcomments&post=1213"}],"version-history":[{"count":3,"href":"https:\/\/site.ac-martinique.fr\/eac\/index.php?rest_route=\/wp\/v2\/pages\/1213\/revisions"}],"predecessor-version":[{"id":1283,"href":"https:\/\/site.ac-martinique.fr\/eac\/index.php?rest_route=\/wp\/v2\/pages\/1213\/revisions\/1283"}],"wp:attachment":[{"href":"https:\/\/site.ac-martinique.fr\/eac\/index.php?rest_route=%2Fwp%2Fv2%2Fmedia&parent=1213"}],"curies":[{"name":"wp","href":"https:\/\/api.w.org\/{rel}","templated":true}]}}