{"id":783,"date":"2022-11-23T16:19:15","date_gmt":"2022-11-23T15:19:15","guid":{"rendered":"https:\/\/site.ac-martinique.fr\/eac\/?page_id=783"},"modified":"2026-02-23T12:19:12","modified_gmt":"2026-02-23T16:19:12","slug":"projets-eac","status":"publish","type":"page","link":"https:\/\/site.ac-martinique.fr\/eac\/?page_id=783","title":{"rendered":"EAC dans le second degr\u00e9"},"content":{"rendered":"\n<p>Outre les projets con\u00e7us par les enseignants chaque ann\u00e9e gr\u00e2ce \u00e0 la campagne d&rsquo;appel \u00e0 projets, il possible pour proposer de l&rsquo;EAC de qualit\u00e9 aux \u00e9l\u00e8ves de trouver des projets <a href=\"https:\/\/adage-pr.phm.education.gouv.fr\/adage\/campagne\/index\">sur l&rsquo;application ADAGE<\/a>. <\/p>\n\n\n\n<div data-wp-interactive=\"core\/file\" class=\"wp-block-file\"><object data-wp-bind--hidden=\"!state.hasPdfPreview\" hidden class=\"wp-block-file__embed\" data=\"https:\/\/site.ac-martinique.fr\/eac\/wp-content\/uploads\/sites\/103\/2026\/02\/AGENDA-CULTUREL-2024.pdf\" type=\"application\/pdf\" style=\"width:100%;height:600px\" aria-label=\"Contenu embarqu\u00e9 AGENDA CULTUREL 2024.\"><\/object><a id=\"wp-block-file--media-cd7bf5b7-f77f-4c2a-98b5-33fb623774d9\" href=\"https:\/\/site.ac-martinique.fr\/eac\/wp-content\/uploads\/sites\/103\/2026\/02\/AGENDA-CULTUREL-2024.pdf\">AGENDA CULTUREL 2024<\/a><a href=\"https:\/\/site.ac-martinique.fr\/eac\/wp-content\/uploads\/sites\/103\/2026\/02\/AGENDA-CULTUREL-2024.pdf\" class=\"wp-block-file__button wp-element-button\" download aria-describedby=\"wp-block-file--media-cd7bf5b7-f77f-4c2a-98b5-33fb623774d9\">T\u00e9l\u00e9charger<\/a><\/div>\n\n\n\n<div class=\"wp-block-group\"><div class=\"wp-block-group__inner-container is-layout-constrained wp-block-group-is-layout-constrained\"><\/div><\/div>\n\n\n\n<p class=\"has-vivid-green-cyan-background-color has-background\"><a href=\"https:\/\/site.ac-martinique.fr\/eac\/?page_id=128\">TROUVER QUI PEUT M&rsquo;AIDER DANS LA R\u00c9ALISATION DE MES PROJETS<\/a> EAC<\/p>\n\n\n\n<p class=\"has-pale-pink-background-color has-background\"><a href=\"https:\/\/site.ac-martinique.fr\/eac\/?page_id=53\">DECOUVRIR ADAGE et M&rsquo;INFORMER SUR LE PASS CULTURE<\/a><\/p>\n\n\n\n<p class=\"has-vivid-purple-background-color has-background\"><a href=\"https:\/\/site.ac-martinique.fr\/eac\/?page_id=1211\">D\u00c9COUVRIR DES CR\u00c9ATIONS R\u00c9ALIS\u00c9ES PAR LES \u00c9L\u00c8VES<\/a><\/p>\n\n\n\n<p class=\"has-luminous-vivid-orange-background-color has-background\"><a href=\"https:\/\/site.ac-martinique.fr\/eac\/?page_id=1213\">FR\u00c9QUENTER DES STRUCTURES CULTURELLES AVEC MES \u00c9L\u00c8VES<\/a><\/p>\n","protected":false},"excerpt":{"rendered":"<p>Outre les projets con\u00e7us par les enseignants chaque ann\u00e9e gr\u00e2ce \u00e0 la campagne d&rsquo;appel \u00e0 projets, il possible pour proposer de l&rsquo;EAC de qualit\u00e9 aux \u00e9l\u00e8ves de trouver des projets sur l&rsquo;application ADAGE. TROUVER QUI PEUT M&rsquo;AIDER DANS LA R\u00c9ALISATION DE MES PROJETS EAC DECOUVRIR ADAGE et M&rsquo;INFORMER SUR LE PASS CULTURE D\u00c9COUVRIR DES CR\u00c9ATIONS &hellip; <\/p>\n<p class=\"link-more\"><a href=\"https:\/\/site.ac-martinique.fr\/eac\/?page_id=783\" class=\"more-link\">Continuer la lecture<span class=\"screen-reader-text\"> de &laquo;&nbsp;EAC dans le second degr\u00e9&nbsp;&raquo;<\/span><\/a><\/p>\n","protected":false},"author":281,"featured_media":0,"parent":0,"menu_order":0,"comment_status":"closed","ping_status":"closed","template":"","meta":{"footnotes":""},"class_list":["post-783","page","type-page","status-publish","hentry"],"_links":{"self":[{"href":"https:\/\/site.ac-martinique.fr\/eac\/index.php?rest_route=\/wp\/v2\/pages\/783","targetHints":{"allow":["GET"]}}],"collection":[{"href":"https:\/\/site.ac-martinique.fr\/eac\/index.php?rest_route=\/wp\/v2\/pages"}],"about":[{"href":"https:\/\/site.ac-martinique.fr\/eac\/index.php?rest_route=\/wp\/v2\/types\/page"}],"author":[{"embeddable":true,"href":"https:\/\/site.ac-martinique.fr\/eac\/index.php?rest_route=\/wp\/v2\/users\/281"}],"replies":[{"embeddable":true,"href":"https:\/\/site.ac-martinique.fr\/eac\/index.php?rest_route=%2Fwp%2Fv2%2Fcomments&post=783"}],"version-history":[{"count":11,"href":"https:\/\/site.ac-martinique.fr\/eac\/index.php?rest_route=\/wp\/v2\/pages\/783\/revisions"}],"predecessor-version":[{"id":1237,"href":"https:\/\/site.ac-martinique.fr\/eac\/index.php?rest_route=\/wp\/v2\/pages\/783\/revisions\/1237"}],"wp:attachment":[{"href":"https:\/\/site.ac-martinique.fr\/eac\/index.php?rest_route=%2Fwp%2Fv2%2Fmedia&parent=783"}],"curies":[{"name":"wp","href":"https:\/\/api.w.org\/{rel}","templated":true}]}}