{"id":909,"date":"2024-06-18T16:43:33","date_gmt":"2024-06-18T14:43:33","guid":{"rendered":"https:\/\/site.ac-martinique.fr\/eac\/?page_id=909"},"modified":"2026-03-28T21:39:57","modified_gmt":"2026-03-29T01:39:57","slug":"eac-du-cote-des-acteurs-culturels","status":"publish","type":"page","link":"https:\/\/site.ac-martinique.fr\/eac\/?page_id=909","title":{"rendered":"EAC du c\u00f4t\u00e9 des acteurs culturels"},"content":{"rendered":"\n<p><strong><em>R\u00e9ussir le 100% EAC, c&rsquo;est \u00e9galement ouvrir les portes de l&rsquo;\u00e9cole aux artistes, aux associations, aux structures culturelles, aux collectivit\u00e9s qui veulent s&rsquo;engager aupr\u00e8s des \u00e9l\u00e8ves sur temps scolaire.<\/em><\/strong><\/p>\n\n\n\n<h2 class=\"wp-block-heading has-pale-cyan-blue-background-color has-background\"><strong>DEMANDE DE REFERENCEMENT SUR ADAGE<\/strong><\/h2>\n\n\n\n<p class=\"has-vivid-red-color has-text-color has-link-color wp-elements-747eb97f48a292071446f05eb429a91a\">Cette d\u00e9marche concerne les acteurs culturels qui ne veulent pas b\u00e9n\u00e9ficier du pass culture. Par exemple, les acteurs culturels exer\u00e7ant uniquement dans le premier degr\u00e9.<\/p>\n\n\n\n<p>L&rsquo;application ADAGE permet aux enseignants de trouver des partenaires pour mettre en oeuvre les parcours EAC des \u00e9l\u00e8ves. Le r\u00e9f\u00e9rencement sur ADAGE est donc une d\u00e9marche incontournable pour se faire conna\u00eetre du mileu scolaire (1er et 2nd degr\u00e9s). <\/p>\n\n\n\n<p>Une commission acad\u00e9mique se r\u00e9unit 3 \u00e0 4 fois par ann\u00e9e scolaire pour \u00e9tudier les demandes de r\u00e9f\u00e9rencement. Elle est compos\u00e9e de la Rectrice ou de sa r\u00e9pr\u00e9sentante, du Directeur des Affaires Culturelles ou de sa r\u00e9pr\u00e9sentante, de la D\u00e9l\u00e9gu\u00e9e r\u00e9gionale acad\u00e9mique \u00e0 l&rsquo;\u00e9ducation artistique et culturelle.<\/p>\n\n\n\n<p><a href=\"https:\/\/www.demarches-simplifiees.fr\/commencer\/demande-de-referencement-sur-adage\">Je souhaite \u00eatre r\u00e9f\u00e9renc\u00e9 sur ADAGE<\/a><\/p>\n\n\n\n<p><\/p>\n\n\n\n<h2 class=\"wp-block-heading has-pale-cyan-blue-background-color has-background\"><strong>INSCRIPTION SUR LE PASS CULTURE PRO<\/strong><\/h2>\n\n\n\n<p class=\"has-vivid-red-color has-text-color has-link-color wp-elements-2e56efd7f5c301836c7f2b68cb5e8feb\">Cette d\u00e9marche concerne les acteurs culturels souhaitant b\u00e9n\u00e9ficier du pass culture et souhaitant du m\u00eame coup \u00eatre r\u00e9f\u00e9renc\u00e9s dans ADAGE.<\/p>\n\n\n\n<p>Le Pass Culture permet aux jeunes d&rsquo;acc\u00e9der directement (part individuelle, 15-20 ans) ou par le biais de leur \u00e9tablissement scolaire (part collective, 6e-Tle) \u00e0 des offres artistiques et culturelles cr\u00e9\u00e9es pour eux par les acteurs culturels inscrits sur le Pass Culture.<\/p>\n\n\n\n<p><a href=\"https:\/\/passculture.pro\/connexion\">Je souhaite m&rsquo;inscrire au pass culture<\/a><\/p>\n\n\n\n<p><\/p>\n\n\n\n<h2 class=\"wp-block-heading has-pale-cyan-blue-background-color has-background\"><strong>DEMANDE D&rsquo;AGREMENT ACADEMIQUE<\/strong><\/h2>\n\n\n\n<p class=\"has-vivid-red-color has-text-color has-link-color wp-elements-421085ca31dbf924fe9125195ee76aa5\">Toutes les associations souhaitant intervenir sur temps scolaire dans l&rsquo;Acad\u00e9mie de Martinique doivent solliciter un agr\u00e9ment.<\/p>\n\n\n\n<p>L&rsquo;acad\u00e9mie de Martinique a mis en place deux commissions par an pour examiner les demandes d&rsquo;agr\u00e9ment. Les associations sont re\u00e7ues peu apr\u00e8s la rentr\u00e9e \u00e0 une c\u00e9r\u00e9monie de bienvenue.<\/p>\n\n\n\n<p>L&rsquo;agr\u00e9ment acad\u00e9mique est valable 3 ans.<\/p>\n\n\n\n<p><a href=\"https:\/\/www.ac-martinique.fr\/associations-ayant-obtenu-un-agrement-academique-121916\">Je d\u00e9pose un dossier d&rsquo;agr\u00e9ment<\/a><\/p>\n\n\n\n<p><\/p>\n\n\n\n<h2 class=\"wp-block-heading has-pale-cyan-blue-background-color has-background\"><strong>PROTECTION DE LA JEUNESSE<\/strong><\/h2>\n\n\n\n<p>Pour assurer la s\u00e9curit\u00e9 des \u00e9l\u00e8ves, l&rsquo;Acad\u00e9mie de Martinique a mis en place un protocole d&rsquo;accueil d&rsquo;un artiste \u00e0 l&rsquo;\u00e9cole qui inclut la v\u00e9rification de l&rsquo;honorabilit\u00e9 des intervenants (extrait de casier judiciaire).<\/p>\n\n\n\n<p><a href=\"https:\/\/site.ac-martinique.fr\/eac\/?page_id=86\">Je consulte les documents<\/a><\/p>\n\n\n\n<p><\/p>\n\n\n\n<h2 class=\"wp-block-heading has-pale-cyan-blue-background-color has-background\"><strong>PROPOSER UN PROJET DE RESIDENCE EN MILIEU SCOLAIRE<\/strong><\/h2>\n\n\n\n<p>Les acteurs culturels qui souhaitent co-construire des r\u00e9sidences artistiques avec une classe peuvent le faire dans le cadre de l&rsquo;Appel \u00e0 Projets Professionnels des Arts et de la Culture \u00e0 l&rsquo;Ecole (APACE).<\/p>\n\n\n\n<div data-wp-interactive=\"core\/file\" class=\"wp-block-file\"><object data-wp-bind--hidden=\"!state.hasPdfPreview\" hidden class=\"wp-block-file__embed\" data=\"https:\/\/site.ac-martinique.fr\/eac\/wp-content\/uploads\/sites\/103\/2026\/03\/lettre-de-cadrage-APACE-2026.pdf\" type=\"application\/pdf\" style=\"width:100%;height:600px\" aria-label=\"Contenu embarqu\u00e9 lettre de cadrage APACE 2026.\"><\/object><a id=\"wp-block-file--media-0a324722-31cb-41e8-bd89-e43eec141336\" href=\"https:\/\/site.ac-martinique.fr\/eac\/wp-content\/uploads\/sites\/103\/2026\/03\/lettre-de-cadrage-APACE-2026.pdf\">lettre de cadrage APACE 2026<\/a><\/div>\n\n\n\n<p><\/p>\n\n\n\n<div class=\"wp-block-file\"><a id=\"wp-block-file--media-f1e90d42-b802-494a-a553-388d81ce1e50\" href=\"https:\/\/site.ac-martinique.fr\/eac\/wp-content\/uploads\/sites\/103\/2026\/03\/formulaire-candidature-APACE-2026.docx\" target=\"_blank\" rel=\"noreferrer noopener\">formulaire candidature APACE 2026<\/a><\/div>\n\n\n\n<p><\/p>\n","protected":false},"excerpt":{"rendered":"<p>R\u00e9ussir le 100% EAC, c&rsquo;est \u00e9galement ouvrir les portes de l&rsquo;\u00e9cole aux artistes, aux associations, aux structures culturelles, aux collectivit\u00e9s qui veulent s&rsquo;engager aupr\u00e8s des \u00e9l\u00e8ves sur temps scolaire. DEMANDE DE REFERENCEMENT SUR ADAGE Cette d\u00e9marche concerne les acteurs culturels qui ne veulent pas b\u00e9n\u00e9ficier du pass culture. Par exemple, les acteurs culturels exer\u00e7ant uniquement &hellip; <\/p>\n<p class=\"link-more\"><a href=\"https:\/\/site.ac-martinique.fr\/eac\/?page_id=909\" class=\"more-link\">Continuer la lecture<span class=\"screen-reader-text\"> de &laquo;&nbsp;EAC du c\u00f4t\u00e9 des acteurs culturels&nbsp;&raquo;<\/span><\/a><\/p>\n","protected":false},"author":281,"featured_media":0,"parent":0,"menu_order":0,"comment_status":"closed","ping_status":"closed","template":"","meta":{"footnotes":""},"class_list":["post-909","page","type-page","status-publish","hentry"],"_links":{"self":[{"href":"https:\/\/site.ac-martinique.fr\/eac\/index.php?rest_route=\/wp\/v2\/pages\/909","targetHints":{"allow":["GET"]}}],"collection":[{"href":"https:\/\/site.ac-martinique.fr\/eac\/index.php?rest_route=\/wp\/v2\/pages"}],"about":[{"href":"https:\/\/site.ac-martinique.fr\/eac\/index.php?rest_route=\/wp\/v2\/types\/page"}],"author":[{"embeddable":true,"href":"https:\/\/site.ac-martinique.fr\/eac\/index.php?rest_route=\/wp\/v2\/users\/281"}],"replies":[{"embeddable":true,"href":"https:\/\/site.ac-martinique.fr\/eac\/index.php?rest_route=%2Fwp%2Fv2%2Fcomments&post=909"}],"version-history":[{"count":27,"href":"https:\/\/site.ac-martinique.fr\/eac\/index.php?rest_route=\/wp\/v2\/pages\/909\/revisions"}],"predecessor-version":[{"id":1292,"href":"https:\/\/site.ac-martinique.fr\/eac\/index.php?rest_route=\/wp\/v2\/pages\/909\/revisions\/1292"}],"wp:attachment":[{"href":"https:\/\/site.ac-martinique.fr\/eac\/index.php?rest_route=%2Fwp%2Fv2%2Fmedia&parent=909"}],"curies":[{"name":"wp","href":"https:\/\/api.w.org\/{rel}","templated":true}]}}