{"id":950,"date":"2024-09-03T04:42:58","date_gmt":"2024-09-03T02:42:58","guid":{"rendered":"https:\/\/site.ac-martinique.fr\/eac\/?page_id=950"},"modified":"2024-09-16T13:15:43","modified_gmt":"2024-09-16T11:15:43","slug":"actualites-histoire-memoires-patrimoines","status":"publish","type":"page","link":"https:\/\/site.ac-martinique.fr\/eac\/?page_id=950","title":{"rendered":"Actualit\u00e9s Histoire &#8211;  M\u00e9moires &#8211; Patrimoines"},"content":{"rendered":"\n<p class=\"has-text-align-center has-pale-cyan-blue-background-color has-background has-medium-font-size\"><strong>Film \u00e0 l&rsquo;affiche <\/strong>&#8211; <strong>Ni chaines, ni ma\u00eetres <\/strong><\/p>\n\n\n<div class=\"wp-block-image\">\n<figure class=\"aligncenter size-full is-resized\"><img loading=\"lazy\" decoding=\"async\" width=\"380\" height=\"486\" src=\"https:\/\/site.ac-martinique.fr\/eac\/wp-content\/uploads\/sites\/103\/2024\/09\/Ni-chaines-ni-maitres.png\" alt=\"\" class=\"wp-image-969\" style=\"width:173px;height:auto\" srcset=\"https:\/\/site.ac-martinique.fr\/eac\/wp-content\/uploads\/sites\/103\/2024\/09\/Ni-chaines-ni-maitres.png 380w, https:\/\/site.ac-martinique.fr\/eac\/wp-content\/uploads\/sites\/103\/2024\/09\/Ni-chaines-ni-maitres-235x300.png 235w\" sizes=\"auto, (max-width: 380px) 100vw, 380px\" \/><\/figure>\n<\/div>\n\n\n<p>Sortie au cin\u00e9ma ce 18 septembre 2024 du film\u00a0<strong>NI CHA\u00ceNES NI MA\u00ceTRES,\u00a0<\/strong>r\u00e9alis\u00e9 par Simon Mouta\u00efrou.<\/p>\n\n\n\n<p>Proposant la vision d&rsquo;un cin\u00e9aste sur un sujet fort, il d\u00e9roule son action en 1759 sur L\u2019Isle de France (actuelle Ile Maurice).&nbsp;<strong>NI CHA\u00ceNES NI MA\u00ceTRES<\/strong>&nbsp;est l\u2019un des premiers films fran\u00e7ais sur l\u2019esclavage et le marronnage.<\/p>\n\n\n\n<p>Il a re\u00e7u le soutien de la Fondation pour la M\u00e9moire de l&rsquo;Esclavage.<\/p>\n\n\n\n<p>Voici la bande-annonce&nbsp;:&nbsp;<a href=\"http:\/\/r.newsletter.parenthesecinema.com\/mk\/cl\/f\/sh\/1f8JIKXx3IkdaCaCigQQGHZ5uL\/UGtL0QEkD1xq\" target=\"_blank\" rel=\"noreferrer noopener\">https:\/\/youtu.be\/Rr3QFNoLXuo<\/a><\/p>\n\n\n\n<p>Le dossier p\u00e9dagogique du film,en lien avec les programmes, propose de nombreuses activit\u00e9s. Il a \u00e9t\u00e9 r\u00e9dig\u00e9 par St\u00e9phanie Belrose, professeure d\u2019histoire de votre acad\u00e9mie.\u00a0<a href=\"http:\/\/r.newsletter.parenthesecinema.com\/mk\/cl\/f\/sh\/1f8JIKXx3IkdaCaCigQQGHZ5uL\/crXzUT_FqtDb\" target=\"_blank\" rel=\"noreferrer noopener\">Il est disponible en cliquant ICI<\/a>\u00a0<\/p>\n\n\n\n<p>Il est possible d&rsquo;organiser une s\u00e9ance pour les \u00e9l\u00e8ves en b\u00e9n\u00e9ficiant&nbsp;du financement du&nbsp;<strong><em>Pass Culture &#8211; part collective&nbsp;<\/em><\/strong>de&nbsp;l\u2019\u00e9tablissement.<\/p>\n\n\n<div class=\"wp-block-image\">\n<figure class=\"aligncenter size-large is-resized\"><img loading=\"lazy\" decoding=\"async\" width=\"1024\" height=\"391\" src=\"https:\/\/site.ac-martinique.fr\/eac\/wp-content\/uploads\/sites\/103\/2024\/09\/Journee-du-Patrimoine-2024-1024x391.png\" alt=\"\" class=\"wp-image-954\" style=\"width:441px;height:auto\" srcset=\"https:\/\/site.ac-martinique.fr\/eac\/wp-content\/uploads\/sites\/103\/2024\/09\/Journee-du-Patrimoine-2024-1024x391.png 1024w, https:\/\/site.ac-martinique.fr\/eac\/wp-content\/uploads\/sites\/103\/2024\/09\/Journee-du-Patrimoine-2024-300x115.png 300w, https:\/\/site.ac-martinique.fr\/eac\/wp-content\/uploads\/sites\/103\/2024\/09\/Journee-du-Patrimoine-2024-768x293.png 768w, https:\/\/site.ac-martinique.fr\/eac\/wp-content\/uploads\/sites\/103\/2024\/09\/Journee-du-Patrimoine-2024-1536x586.png 1536w, https:\/\/site.ac-martinique.fr\/eac\/wp-content\/uploads\/sites\/103\/2024\/09\/Journee-du-Patrimoine-2024-2048x782.png 2048w\" sizes=\"auto, (max-width: 767px) 89vw, (max-width: 1000px) 54vw, (max-width: 1071px) 543px, 580px\" \/><\/figure>\n<\/div>\n\n\n<p class=\"has-white-color has-pale-pink-background-color has-text-color has-background has-link-color has-medium-font-size wp-elements-0cdc6e81de40eece819200e0136510aa\"><strong>20, 21 22 septembre 2024<\/strong> &#8211;  <strong>Les journ\u00e9es europ\u00e9ennes du Patrimoine<\/strong><\/p>\n\n\n\n<h2 class=\"wp-block-heading has-vivid-cyan-blue-color has-text-color has-link-color wp-elements-2cf3fd4f0418b4e5856f7476982b6aeb\"><strong>Ecoles et \u00e9tablissements scolaires sont invit\u00e9s \u00e0 lever les yeux !<\/strong><\/h2>\n\n\n\n<p class=\"has-black-color has-text-color has-link-color wp-elements-eaf574c9fff3fc102174fe8807a950ab\">Pour ces 41<sup>e<\/sup> journ\u00e9es europ\u00e9ennes du Patrimoine le th\u00e8me des journ\u00e9es europ\u00e9ennes du patrimoine : <em>le patrimoine des itin\u00e9raires, des r\u00e9seaux et des connexions et le patrimoine maritime<\/em>.<\/p>\n\n\n\n<p>Une journ\u00e9e pour les \u00e9coles et \u00e9tablissements scolaires : le <strong>vendredi 20 septembre 2024<\/strong>. Le public scolaire pourra participer \u00e0 l\u2019op\u00e9ration<strong> \u00ab Levez les yeux ! \u00bb <\/strong>en partenariat avec le minist\u00e8re de l\u2019\u00c9ducation nationale, de la Jeunesse et des Sports.<\/p>\n\n\n\n<p>Ce rendez-vous populaire est l\u2019occasion pour les \u00e9l\u00e8ves d\u2019\u00e9changer avec les professionnels du patrimoine pour d\u00e9couvrir leurs savoirs et savoir-faire.<\/p>\n\n\n\n<p class=\"has-vivid-cyan-blue-color has-text-color has-link-color has-medium-font-size wp-elements-1313566407a8b41e64ac2a2add2b23b6\"><\/p>\n\n\n\n<p class=\"has-black-color has-vivid-green-cyan-background-color has-text-color has-background has-link-color has-medium-font-size wp-elements-7f6a35d7838ac424288864c55575019d\"><strong>Au Diamant <\/strong> &#8211; \u00ab\u00a0NOTRE ROCHER S&rsquo;INVITE A L&rsquo;ECOLE\u00a0\u00bb<\/p>\n\n\n<div class=\"wp-block-image\">\n<figure class=\"aligncenter size-large is-resized\"><img loading=\"lazy\" decoding=\"async\" width=\"724\" height=\"1024\" src=\"https:\/\/site.ac-martinique.fr\/eac\/wp-content\/uploads\/sites\/103\/2024\/09\/Journee-du-Pat_Diamant-724x1024.jpg\" alt=\"\" class=\"wp-image-956\" style=\"width:250px;height:auto\" srcset=\"https:\/\/site.ac-martinique.fr\/eac\/wp-content\/uploads\/sites\/103\/2024\/09\/Journee-du-Pat_Diamant-724x1024.jpg 724w, https:\/\/site.ac-martinique.fr\/eac\/wp-content\/uploads\/sites\/103\/2024\/09\/Journee-du-Pat_Diamant-212x300.jpg 212w, https:\/\/site.ac-martinique.fr\/eac\/wp-content\/uploads\/sites\/103\/2024\/09\/Journee-du-Pat_Diamant-768x1086.jpg 768w, https:\/\/site.ac-martinique.fr\/eac\/wp-content\/uploads\/sites\/103\/2024\/09\/Journee-du-Pat_Diamant-1086x1536.jpg 1086w, https:\/\/site.ac-martinique.fr\/eac\/wp-content\/uploads\/sites\/103\/2024\/09\/Journee-du-Pat_Diamant.jpg 1414w\" sizes=\"auto, (max-width: 724px) 100vw, 724px\" \/><\/figure>\n<\/div>\n\n\n<p>Le <strong>vendredi 20 septembre 2024<\/strong>  vous \u00eates invites \u00e0 d\u00e9couvrir gr\u00e2ce \u00e0 une animation un vestige volcanique qui a plus d&rsquo;un million d&rsquo;ann\u00e9es : le Rocher du Diamant. Le Rocher est un havre de paix, il est le refuge des oiseaux marins qui viennent pour la nidification. <br>Un syst\u00e8me de vid\u00e9otransmission de la faune aviaire et sous-marine permet d&rsquo;observer ces esp\u00e8ces pendant des ann\u00e9es.<\/p>\n\n\n\n<p><strong>Contact<\/strong> : 0696 211 399 \/ 0596 660 736 museeduperedavid@mairie-diamant.fr<\/p>\n\n\n\n<p class=\"has-text-align-left has-pale-cyan-blue-background-color has-background has-medium-font-size\"><strong>Au Carbet<\/strong> &#8211; <strong>Les Antillais oubli\u00e9s du Canal de Panama<\/strong><\/p>\n\n\n\n<p>Le Centre d\u2019Interpr\u00e9tation du patrimoine Paul Gauguin (CIP Gauguin) en partenariat avec l&rsquo;association Martinique-Panama, propose aux scolaires une activit\u00e9 d\u2019int\u00e9r\u00eat patrimonial et m\u00e9moriel \u00ab&nbsp;<strong>les Antillais oubli\u00e9s du Canal de Panama<\/strong>&nbsp;\u00bb<\/p>\n\n\n\n<div class=\"wp-block-group\"><div class=\"wp-block-group__inner-container is-layout-constrained wp-block-group-is-layout-constrained\">\n<p>-L&rsquo;\u00e9migration \u00e0 Panama de nombreux Martiniquais et Guadeloup\u00e9ens en qu\u00eate de travail et d\u2019une vie meilleure, c\u00e9dant \u00e0 la propagande de la construction du Canal.<\/p>\n\n\n\n<p>-L\u2019aventure douloureuse de nos anc\u00eatres qui ont pay\u00e9 de leur sueur et de leur sang cette prouesse technologique qui a consist\u00e9 \u00e0 relier deux Oc\u00e9ans ;<\/p>\n\n\n\n<p>-La d\u00e9sillusion de l\u2019impossible retour au pays natal<\/p>\n\n\n\n<p><\/p>\n\n\n\n<ul class=\"wp-block-list\">\n<li>Le <mark style=\"background-color:rgba(0, 0, 0, 0)\" class=\"has-inline-color has-luminous-vivid-orange-color\"><strong>vendredi 20 septembre 2024 entre 9h30 et 16h<\/strong><\/mark>  &#8211; CIP Gauguin, Anse Turin 97221 LE CARBET<\/li>\n<\/ul>\n\n\n\n<p><strong>Organisation<\/strong> : Dur\u00e9e totale de l\u2019activit\u00e9&nbsp;: 1h 30  \/ Classes concern\u00e9es&nbsp;: \u00e9coles (CM1 CM2), coll\u00e8ges et lyc\u00e9es. \/ Places limit\u00e9es (maximum 30 \u00e9l\u00e8ves)&nbsp;:<\/p>\n\n\n\n<p><strong>R\u00e9servation conseill\u00e9e \u00e0 <\/strong> : resa@paulgauguinmartinique.fr ou contact@paulgauguinmartinique.fr \/ <\/p>\n\n\n\n<p><strong>Contact et Infos<\/strong>&nbsp;: CIP Gauguin 0596 51 53 13 &#8211; 0696 80 80 96    <\/p>\n\n\n\n<p class=\"has-text-align-left has-black-color has-light-green-cyan-background-color has-text-color has-background has-link-color has-medium-font-size wp-elements-3690b8dacfcdfed81b3d11c4d00d2c1d\"><strong><mark style=\"background-color:rgba(0, 0, 0, 0)\" class=\"has-inline-color has-black-color\">Au Robert &#8211; Touristriel : Visite guid\u00e9e de Trefima &amp; Biometal<\/mark><\/strong><\/p>\n\n\n\n<p>Situ\u00e9e au c\u0153ur du Robert, d\u00e9couvrez l\u2019univers de la sid\u00e9rurgie avec TREFIMA, sp\u00e9cialis\u00e9e dans les produits en acier, armatures standards et treillis soud\u00e9s. Gr\u00e2ce \u00e0 son expertise, ses machines modern\u2026<\/p>\n<\/div><\/div>\n\n\n\n<ul class=\"wp-block-list\">\n<li><a href=\"https:\/\/www.trefima-martinique.com\/\" target=\"_blank\" rel=\"noreferrer noopener\">https:\/\/www.trefima-martinique.com\/<\/a><\/li>\n\n\n\n<li><a href=\"tel:05 96 65 78 07\" target=\"_blank\" rel=\"noreferrer noopener\">05 96 65 78 07<\/a><\/li>\n<\/ul>\n\n\n\n<p><strong>En savoir plus<\/strong> : <a href=\"https:\/\/openagenda.com\/jep-2024-martinique\/events\/touristriel-visite-guidee-de-trefima-and-biometal?sharemodal=1\">https:\/\/openagenda.com\/jep-2024-martinique\/events\/touristriel-visite-guidee-de-trefima-and-biometal?sharemodal=1<\/a><\/p>\n\n\n\n<p class=\"has-white-color has-luminous-vivid-orange-background-color has-text-color has-background has-link-color wp-elements-a7deda349cbfe38e66f8f93bd134b3cf\">Rendez vous sur l&rsquo;<strong>Open Agenda des Journ\u00e9es du Patrimoine 2024<\/strong>, tous les jours les partenaires ajoutent des manifestations : <a href=\"https:\/\/openagenda.com\/fr\/jep-2024-martinique\">https:\/\/openagenda.com\/fr\/jep-2024-martinique<\/a> <\/p>\n\n\n\n<p><\/p>\n","protected":false},"excerpt":{"rendered":"<p>Film \u00e0 l&rsquo;affiche &#8211; Ni chaines, ni ma\u00eetres Sortie au cin\u00e9ma ce 18 septembre 2024 du film\u00a0NI CHA\u00ceNES NI MA\u00ceTRES,\u00a0r\u00e9alis\u00e9 par Simon Mouta\u00efrou. Proposant la vision d&rsquo;un cin\u00e9aste sur un sujet fort, il d\u00e9roule son action en 1759 sur L\u2019Isle de France (actuelle Ile Maurice).&nbsp;NI CHA\u00ceNES NI MA\u00ceTRES&nbsp;est l\u2019un des premiers films fran\u00e7ais sur l\u2019esclavage &hellip; <\/p>\n<p class=\"link-more\"><a href=\"https:\/\/site.ac-martinique.fr\/eac\/?page_id=950\" class=\"more-link\">Continuer la lecture<span class=\"screen-reader-text\"> de &laquo;&nbsp;Actualit\u00e9s Histoire &#8211;  M\u00e9moires &#8211; Patrimoines&nbsp;&raquo;<\/span><\/a><\/p>\n","protected":false},"author":281,"featured_media":963,"parent":0,"menu_order":0,"comment_status":"closed","ping_status":"closed","template":"","meta":{"footnotes":""},"class_list":["post-950","page","type-page","status-publish","has-post-thumbnail","hentry"],"_links":{"self":[{"href":"https:\/\/site.ac-martinique.fr\/eac\/index.php?rest_route=\/wp\/v2\/pages\/950","targetHints":{"allow":["GET"]}}],"collection":[{"href":"https:\/\/site.ac-martinique.fr\/eac\/index.php?rest_route=\/wp\/v2\/pages"}],"about":[{"href":"https:\/\/site.ac-martinique.fr\/eac\/index.php?rest_route=\/wp\/v2\/types\/page"}],"author":[{"embeddable":true,"href":"https:\/\/site.ac-martinique.fr\/eac\/index.php?rest_route=\/wp\/v2\/users\/281"}],"replies":[{"embeddable":true,"href":"https:\/\/site.ac-martinique.fr\/eac\/index.php?rest_route=%2Fwp%2Fv2%2Fcomments&post=950"}],"version-history":[{"count":9,"href":"https:\/\/site.ac-martinique.fr\/eac\/index.php?rest_route=\/wp\/v2\/pages\/950\/revisions"}],"predecessor-version":[{"id":971,"href":"https:\/\/site.ac-martinique.fr\/eac\/index.php?rest_route=\/wp\/v2\/pages\/950\/revisions\/971"}],"wp:featuredmedia":[{"embeddable":true,"href":"https:\/\/site.ac-martinique.fr\/eac\/index.php?rest_route=\/wp\/v2\/media\/963"}],"wp:attachment":[{"href":"https:\/\/site.ac-martinique.fr\/eac\/index.php?rest_route=%2Fwp%2Fv2%2Fmedia&parent=950"}],"curies":[{"name":"wp","href":"https:\/\/api.w.org\/{rel}","templated":true}]}}