{"id":121,"date":"2025-03-24T09:30:54","date_gmt":"2025-03-24T13:30:54","guid":{"rendered":"https:\/\/site.ac-martinique.fr\/eafc\/?page_id=121"},"modified":"2025-03-24T09:42:53","modified_gmt":"2025-03-24T13:42:53","slug":"presentation-fil-ftp","status":"publish","type":"page","link":"https:\/\/site.ac-martinique.fr\/eafc\/?page_id=121","title":{"rendered":"Pr\u00e9sentation FIL\/FTP"},"content":{"rendered":"\n<p>L&rsquo;EACF Martinique vous propose de vous accompagner dans le d\u00e9veloppement de diff\u00e9rentes <strong>formations de proximit\u00e9<\/strong> adapt\u00e9es aux besoins vos \u00e9quipes :<\/p>\n\n\n\n<ol class=\"wp-block-list\">\n<li>Les <mark style=\"background-color:rgba(0, 0, 0, 0)\" class=\"has-inline-color has-luminous-vivid-amber-color\">formations d&rsquo; initiative locale<\/mark> (FIL)  <\/li>\n\n\n\n<li>Les <mark style=\"background-color:rgba(0, 0, 0, 0)\" class=\"has-inline-color has-luminous-vivid-amber-color\">formations territoriales de proximit\u00e9<\/mark> (FTP) <\/li>\n<\/ol>\n\n\n\n<div class=\"wp-block-columns is-layout-flex wp-container-core-columns-is-layout-abceabcf wp-block-columns-is-layout-flex\">\n<div class=\"wp-block-column is-layout-flow wp-block-column-is-layout-flow\" style=\"--col-width:100%;flex-basis:100%\">\n<p>Il s&rsquo;agit de formations personnalisables, \u00e0 l&rsquo;initiative des chefs d&rsquo;\u00e9tablissement, con\u00e7ues ave l&rsquo;aide d&rsquo;une interlocutrice unique : <strong>Mme Lydia Martial. <\/strong><\/p>\n<\/div>\n<\/div>\n\n\n\n<p class=\"has-text-align-center\">Contact : <strong>Mme Lydia Martial<\/strong> <mark style=\"background-color:rgba(0, 0, 0, 0)\" class=\"has-inline-color has-vivid-cyan-blue-color\"><em>Lydia.martial@ac-martinique.fr<\/em> <\/mark>            <\/p>\n\n\n\n<p class=\"has-text-align-center\">0596 522527 (porte 232 Rectorat de Terreville)<\/p>\n\n\n\n<p>Cette ing\u00e9nieure de formation, vous accompagne dans l\u2019\u00e9laboration du plan de formation. C&rsquo;est une personne resources qui vous aidera \u00e0 plusieurs \u00e9tapes : accompagnement \u00e0 l\u2019identification des besoins, demande de formations en proximit\u00e9 (FIL), r\u00e9union d\u00a0\u00bb\u00e9changes, co-construction des contenus et des et des modalit\u00e9s, organisation et suivi de la formation, \u00e9valuation.<\/p>\n\n\n\n<div class=\"wp-block-file\"><a id=\"wp-block-file--media-c4b9680f-15dd-4feb-8ba5-2fa78d2b16e9\" href=\"https:\/\/site.ac-martinique.fr\/eafc\/wp-content\/uploads\/sites\/152\/2025\/03\/EAFC-Formation-de-proximite-Contact-Lydia-Martial.png\">EAFC Formation de proximit\u00e9- Contact Lydia Martial<\/a><a href=\"https:\/\/site.ac-martinique.fr\/eafc\/wp-content\/uploads\/sites\/152\/2025\/03\/EAFC-Formation-de-proximite-Contact-Lydia-Martial.png\" class=\"wp-block-file__button wp-element-button\" download aria-describedby=\"wp-block-file--media-c4b9680f-15dd-4feb-8ba5-2fa78d2b16e9\">T\u00e9l\u00e9charger<\/a><\/div>\n","protected":false},"excerpt":{"rendered":"<p>L&rsquo;EACF Martinique vous propose de vous accompagner dans le d\u00e9veloppement de diff\u00e9rentes formations de proximit\u00e9 adapt\u00e9es aux besoins vos \u00e9quipes &hellip; <\/p>\n<p class=\"link-more\"><a href=\"https:\/\/site.ac-martinique.fr\/eafc\/?page_id=121\" class=\"more-link\">Lire la suite&#8230;<span class=\"screen-reader-text\"> \u00ab\u00a0Pr\u00e9sentation FIL\/FTP\u00a0\u00bb<\/span><\/a><\/p>\n","protected":false},"author":569,"featured_media":0,"parent":0,"menu_order":0,"comment_status":"closed","ping_status":"closed","template":"","meta":{"footnotes":""},"class_list":["post-121","page","type-page","status-publish","hentry"],"_links":{"self":[{"href":"https:\/\/site.ac-martinique.fr\/eafc\/index.php?rest_route=\/wp\/v2\/pages\/121","targetHints":{"allow":["GET"]}}],"collection":[{"href":"https:\/\/site.ac-martinique.fr\/eafc\/index.php?rest_route=\/wp\/v2\/pages"}],"about":[{"href":"https:\/\/site.ac-martinique.fr\/eafc\/index.php?rest_route=\/wp\/v2\/types\/page"}],"author":[{"embeddable":true,"href":"https:\/\/site.ac-martinique.fr\/eafc\/index.php?rest_route=\/wp\/v2\/users\/569"}],"replies":[{"embeddable":true,"href":"https:\/\/site.ac-martinique.fr\/eafc\/index.php?rest_route=%2Fwp%2Fv2%2Fcomments&post=121"}],"version-history":[{"count":4,"href":"https:\/\/site.ac-martinique.fr\/eafc\/index.php?rest_route=\/wp\/v2\/pages\/121\/revisions"}],"predecessor-version":[{"id":131,"href":"https:\/\/site.ac-martinique.fr\/eafc\/index.php?rest_route=\/wp\/v2\/pages\/121\/revisions\/131"}],"wp:attachment":[{"href":"https:\/\/site.ac-martinique.fr\/eafc\/index.php?rest_route=%2Fwp%2Fv2%2Fmedia&parent=121"}],"curies":[{"name":"wp","href":"https:\/\/api.w.org\/{rel}","templated":true}]}}