{"id":206,"date":"2025-03-25T11:04:26","date_gmt":"2025-03-25T15:04:26","guid":{"rendered":"https:\/\/site.ac-martinique.fr\/eafc\/?page_id=206"},"modified":"2025-03-25T11:04:26","modified_gmt":"2025-03-25T15:04:26","slug":"fonctionnaires-stagiaires-pes","status":"publish","type":"page","link":"https:\/\/site.ac-martinique.fr\/eafc\/?page_id=206","title":{"rendered":"Fonctionnaires stagiaires (PES)"},"content":{"rendered":"\n<p>L&rsquo;acad\u00e9mie de Martinique propose un parcours de formation adapt\u00e9 de <mark style=\"background-color:rgba(0, 0, 0, 0)\" class=\"has-inline-color has-vivid-red-color\"><strong>10 \u00e0 12 jours pour les stagiaires \u00e0 temps plein<\/strong><\/mark>. Il s&rsquo;agit d&rsquo;un catalogue de formation avec un <strong>tronc commun<\/strong> pour l\u2019ensemble des stagiaires et <strong>une partie \u00e0 la carte<\/strong> au choix de chacun<\/p>\n\n\n\n<p>Une collaboration entre l&rsquo;acad\u00e9mie, INSPE et CANOPE est \u00e9tablie pour la mise en \u0153uvre des formations. <\/p>\n\n\n\n<p>Pour les stagiaires en <em>renouvellement ou en prolongatio<\/em>n <strong><mark style=\"background-color:rgba(0, 0, 0, 0)\" class=\"has-inline-color has-vivid-red-color\">un parcours de formation adapt\u00e9<\/mark><\/strong> est mis en place selon le cas :  un parcours terrain, une inscription au parcours M@gist\u00e8re entr\u00e9e dans le m\u00e9tieret\/ou une inscription en DIU2E ou en master seront propos\u00e9s. <\/p>\n\n\n\n<figure class=\"wp-block-image size-full\"><img loading=\"lazy\" decoding=\"async\" width=\"698\" height=\"371\" src=\"https:\/\/site.ac-martinique.fr\/eafc\/wp-content\/uploads\/sites\/152\/2025\/03\/PES-Formation-initiale.jpg\" alt=\"\" class=\"wp-image-207\" srcset=\"https:\/\/site.ac-martinique.fr\/eafc\/wp-content\/uploads\/sites\/152\/2025\/03\/PES-Formation-initiale.jpg 698w, https:\/\/site.ac-martinique.fr\/eafc\/wp-content\/uploads\/sites\/152\/2025\/03\/PES-Formation-initiale-300x159.jpg 300w\" sizes=\"auto, (max-width: 698px) 100vw, 698px\" \/><\/figure>\n\n\n\n<figure class=\"wp-block-image size-full\"><img loading=\"lazy\" decoding=\"async\" width=\"720\" height=\"389\" src=\"https:\/\/site.ac-martinique.fr\/eafc\/wp-content\/uploads\/sites\/152\/2025\/03\/tronc-commun-1d.jpg\" alt=\"\" class=\"wp-image-208\" srcset=\"https:\/\/site.ac-martinique.fr\/eafc\/wp-content\/uploads\/sites\/152\/2025\/03\/tronc-commun-1d.jpg 720w, https:\/\/site.ac-martinique.fr\/eafc\/wp-content\/uploads\/sites\/152\/2025\/03\/tronc-commun-1d-300x162.jpg 300w\" sizes=\"auto, (max-width: 720px) 100vw, 720px\" \/><\/figure>\n\n\n\n<figure class=\"wp-block-image size-full\"><img loading=\"lazy\" decoding=\"async\" width=\"725\" height=\"389\" src=\"https:\/\/site.ac-martinique.fr\/eafc\/wp-content\/uploads\/sites\/152\/2025\/03\/a-la-carte-1d.jpg\" alt=\"\" class=\"wp-image-209\" srcset=\"https:\/\/site.ac-martinique.fr\/eafc\/wp-content\/uploads\/sites\/152\/2025\/03\/a-la-carte-1d.jpg 725w, https:\/\/site.ac-martinique.fr\/eafc\/wp-content\/uploads\/sites\/152\/2025\/03\/a-la-carte-1d-300x161.jpg 300w\" sizes=\"auto, (max-width: 725px) 100vw, 725px\" \/><\/figure>\n","protected":false},"excerpt":{"rendered":"<p>L&rsquo;acad\u00e9mie de Martinique propose un parcours de formation adapt\u00e9 de 10 \u00e0 12 jours pour les stagiaires \u00e0 temps plein. &hellip; <\/p>\n<p class=\"link-more\"><a href=\"https:\/\/site.ac-martinique.fr\/eafc\/?page_id=206\" class=\"more-link\">Lire la suite&#8230;<span class=\"screen-reader-text\"> \u00ab\u00a0Fonctionnaires stagiaires (PES)\u00a0\u00bb<\/span><\/a><\/p>\n","protected":false},"author":569,"featured_media":0,"parent":0,"menu_order":0,"comment_status":"closed","ping_status":"closed","template":"","meta":{"footnotes":""},"class_list":["post-206","page","type-page","status-publish","hentry"],"_links":{"self":[{"href":"https:\/\/site.ac-martinique.fr\/eafc\/index.php?rest_route=\/wp\/v2\/pages\/206","targetHints":{"allow":["GET"]}}],"collection":[{"href":"https:\/\/site.ac-martinique.fr\/eafc\/index.php?rest_route=\/wp\/v2\/pages"}],"about":[{"href":"https:\/\/site.ac-martinique.fr\/eafc\/index.php?rest_route=\/wp\/v2\/types\/page"}],"author":[{"embeddable":true,"href":"https:\/\/site.ac-martinique.fr\/eafc\/index.php?rest_route=\/wp\/v2\/users\/569"}],"replies":[{"embeddable":true,"href":"https:\/\/site.ac-martinique.fr\/eafc\/index.php?rest_route=%2Fwp%2Fv2%2Fcomments&post=206"}],"version-history":[{"count":1,"href":"https:\/\/site.ac-martinique.fr\/eafc\/index.php?rest_route=\/wp\/v2\/pages\/206\/revisions"}],"predecessor-version":[{"id":210,"href":"https:\/\/site.ac-martinique.fr\/eafc\/index.php?rest_route=\/wp\/v2\/pages\/206\/revisions\/210"}],"wp:attachment":[{"href":"https:\/\/site.ac-martinique.fr\/eafc\/index.php?rest_route=%2Fwp%2Fv2%2Fmedia&parent=206"}],"curies":[{"name":"wp","href":"https:\/\/api.w.org\/{rel}","templated":true}]}}