{"id":238,"date":"2025-03-25T11:37:29","date_gmt":"2025-03-25T15:37:29","guid":{"rendered":"https:\/\/site.ac-martinique.fr\/eafc\/?page_id=238"},"modified":"2025-03-27T11:28:58","modified_gmt":"2025-03-27T15:28:58","slug":"neo-titulaires-t1-t2-t3","status":"publish","type":"page","link":"https:\/\/site.ac-martinique.fr\/eafc\/?page_id=238","title":{"rendered":"N\u00e9o-titulaires (T1-T2-T3)"},"content":{"rendered":"\n<p>L&rsquo;acad\u00e9mie Martinique propose un parcours de formation adapt\u00e9 pour <strong>accompagner les enseignants \u00e0 l&rsquo;entr\u00e9e dans le metier<\/strong> (stage AEM). <\/p>\n\n\n\n<p>Ces formations statutaires (obligatoires) se d\u00e9clinent de la mani\u00e8re suivante :  <\/p>\n\n\n\n<ul class=\"wp-block-list\">\n<li><mark style=\"background-color:rgba(0, 0, 0, 0)\" class=\"has-inline-color has-luminous-vivid-orange-color\">Ann\u00e9e 1 (T1) : <strong>72h de formation<\/strong><\/mark><strong> <\/strong><\/li>\n<\/ul>\n\n\n\n<ul class=\"wp-block-list\">\n<li><mark style=\"background-color:rgba(0, 0, 0, 0)\" class=\"has-inline-color has-vivid-green-cyan-color\">Ann\u00e9e 2 (T2) : <strong>48h de formation<\/strong><\/mark><mark style=\"background-color:rgba(0, 0, 0, 0)\" class=\"has-inline-color has-vivid-purple-color\"> <\/mark><\/li>\n<\/ul>\n\n\n\n<ul class=\"wp-block-list\">\n<li><mark style=\"background-color:rgba(0, 0, 0, 0)\" class=\"has-inline-color has-luminous-vivid-amber-color\">Ann\u00e9e 3 (T3) : <strong>24h de formation<\/strong><\/mark><\/li>\n<\/ul>\n\n\n\n<p><\/p>\n","protected":false},"excerpt":{"rendered":"<p>L&rsquo;acad\u00e9mie Martinique propose un parcours de formation adapt\u00e9 pour accompagner les enseignants \u00e0 l&rsquo;entr\u00e9e dans le metier (stage AEM). Ces &hellip; <\/p>\n<p class=\"link-more\"><a href=\"https:\/\/site.ac-martinique.fr\/eafc\/?page_id=238\" class=\"more-link\">Lire la suite&#8230;<span class=\"screen-reader-text\"> \u00ab\u00a0N\u00e9o-titulaires (T1-T2-T3)\u00a0\u00bb<\/span><\/a><\/p>\n","protected":false},"author":569,"featured_media":0,"parent":0,"menu_order":0,"comment_status":"closed","ping_status":"closed","template":"","meta":{"footnotes":""},"class_list":["post-238","page","type-page","status-publish","hentry"],"_links":{"self":[{"href":"https:\/\/site.ac-martinique.fr\/eafc\/index.php?rest_route=\/wp\/v2\/pages\/238","targetHints":{"allow":["GET"]}}],"collection":[{"href":"https:\/\/site.ac-martinique.fr\/eafc\/index.php?rest_route=\/wp\/v2\/pages"}],"about":[{"href":"https:\/\/site.ac-martinique.fr\/eafc\/index.php?rest_route=\/wp\/v2\/types\/page"}],"author":[{"embeddable":true,"href":"https:\/\/site.ac-martinique.fr\/eafc\/index.php?rest_route=\/wp\/v2\/users\/569"}],"replies":[{"embeddable":true,"href":"https:\/\/site.ac-martinique.fr\/eafc\/index.php?rest_route=%2Fwp%2Fv2%2Fcomments&post=238"}],"version-history":[{"count":2,"href":"https:\/\/site.ac-martinique.fr\/eafc\/index.php?rest_route=\/wp\/v2\/pages\/238\/revisions"}],"predecessor-version":[{"id":255,"href":"https:\/\/site.ac-martinique.fr\/eafc\/index.php?rest_route=\/wp\/v2\/pages\/238\/revisions\/255"}],"wp:attachment":[{"href":"https:\/\/site.ac-martinique.fr\/eafc\/index.php?rest_route=%2Fwp%2Fv2%2Fmedia&parent=238"}],"curies":[{"name":"wp","href":"https:\/\/api.w.org\/{rel}","templated":true}]}}