{"id":50,"date":"2021-08-26T05:57:46","date_gmt":"2021-08-26T09:57:46","guid":{"rendered":"https:\/\/site.ac-martinique.fr\/economie-gestion-lp\/?page_id=50"},"modified":"2021-09-04T14:11:02","modified_gmt":"2021-09-04T18:11:02","slug":"famille-de-metiers-gestion-administrative-transport-et-logistique","status":"publish","type":"page","link":"https:\/\/site.ac-martinique.fr\/economie-gestion-lp\/?page_id=50","title":{"rendered":"Famille de m\u00e9tiers Gestion administrative, Transport et Logistique"},"content":{"rendered":"\n<p><strong>La famille des m\u00e9tiers vise \u00e0 la fois \u00e0 :<\/strong><\/p>\n\n\n\n<ul class=\"wp-block-list\"><li>Donner le temps aux \u00e9l\u00e8ves de construire leur projet d\u2019orientation en leur permettant de choisir une&nbsp;famille de m\u00e9tiers en seconde puis une sp\u00e9cialit\u00e9 de baccalaur\u00e9at en classe de premi\u00e8re et de terminale ;<\/li><li>Acqu\u00e9rir une culture commune et partag\u00e9e \u00e0&nbsp;l\u2019\u00e9chelle d\u2019un ensemble de m\u00e9tiers ou d\u2019un secteur professionnel ;<\/li><li>Comprendre les synergies et les interconnexions entre des m\u00e9tiers intervenant dans un m\u00eame environnement professionnel et inscrits dans des processus communs ;<\/li><li>&nbsp;Former les \u00e9l\u00e8ves \u00e0 des comp\u00e9tences professionnelles communes aux m\u00e9tiers&nbsp;d\u2019une m\u00eame famille.<\/li><\/ul>\n\n\n\n<p><strong>Cette\u00a0 famille\u00a0 regroupe\u00a0 tous\u00a0 les\u00a0 m\u00e9tiers\u00a0 qui\u00a0 interviennent ensemble, conjointement ou successivement,<\/strong>\u00a0dans la r\u00e9alisation d\u2019op\u00e9rations fondamentales pour les entreprises : le traitement des commandes, l\u2019approvisionnement, la gestion des flux entrants et sortants de marchandises, le suivi et l\u2019optimisation du stockage, la distribution des produits, la facturation aux clients. <em>Source CERPEG<\/em>.<\/p>\n\n\n\n<div class=\"wp-block-image\"><figure class=\"aligncenter size-full\"><img loading=\"lazy\" decoding=\"async\" width=\"510\" height=\"340\" src=\"https:\/\/site.ac-martinique.fr\/economie-gestion-lp\/wp-content\/uploads\/sites\/94\/2021\/09\/transportation-4506971__340.jpg\" alt=\"\" class=\"wp-image-739\" srcset=\"https:\/\/site.ac-martinique.fr\/economie-gestion-lp\/wp-content\/uploads\/sites\/94\/2021\/09\/transportation-4506971__340.jpg 510w, https:\/\/site.ac-martinique.fr\/economie-gestion-lp\/wp-content\/uploads\/sites\/94\/2021\/09\/transportation-4506971__340-300x200.jpg 300w\" sizes=\"auto, (max-width: 510px) 100vw, 510px\" \/><\/figure><\/div>\n","protected":false},"excerpt":{"rendered":"<p>La famille des m\u00e9tiers vise \u00e0 la fois \u00e0 : Donner le temps aux \u00e9l\u00e8ves de construire leur projet d\u2019orientation en leur permettant de choisir une&nbsp;famille de m\u00e9tiers en seconde puis une sp\u00e9cialit\u00e9 de baccalaur\u00e9at&#8230;<\/p>\n","protected":false},"author":242,"featured_media":0,"parent":0,"menu_order":0,"comment_status":"closed","ping_status":"closed","template":"","meta":{"footnotes":""},"class_list":["post-50","page","type-page","status-publish","hentry"],"_links":{"self":[{"href":"https:\/\/site.ac-martinique.fr\/economie-gestion-lp\/index.php?rest_route=\/wp\/v2\/pages\/50","targetHints":{"allow":["GET"]}}],"collection":[{"href":"https:\/\/site.ac-martinique.fr\/economie-gestion-lp\/index.php?rest_route=\/wp\/v2\/pages"}],"about":[{"href":"https:\/\/site.ac-martinique.fr\/economie-gestion-lp\/index.php?rest_route=\/wp\/v2\/types\/page"}],"author":[{"embeddable":true,"href":"https:\/\/site.ac-martinique.fr\/economie-gestion-lp\/index.php?rest_route=\/wp\/v2\/users\/242"}],"replies":[{"embeddable":true,"href":"https:\/\/site.ac-martinique.fr\/economie-gestion-lp\/index.php?rest_route=%2Fwp%2Fv2%2Fcomments&post=50"}],"version-history":[{"count":4,"href":"https:\/\/site.ac-martinique.fr\/economie-gestion-lp\/index.php?rest_route=\/wp\/v2\/pages\/50\/revisions"}],"predecessor-version":[{"id":835,"href":"https:\/\/site.ac-martinique.fr\/economie-gestion-lp\/index.php?rest_route=\/wp\/v2\/pages\/50\/revisions\/835"}],"wp:attachment":[{"href":"https:\/\/site.ac-martinique.fr\/economie-gestion-lp\/index.php?rest_route=%2Fwp%2Fv2%2Fmedia&parent=50"}],"curies":[{"name":"wp","href":"https:\/\/api.w.org\/{rel}","templated":true}]}}