{"id":521,"date":"2021-08-26T17:41:02","date_gmt":"2021-08-26T21:41:02","guid":{"rendered":"https:\/\/site.ac-martinique.fr\/economie-gestion-lp\/?page_id=521"},"modified":"2021-09-03T14:31:32","modified_gmt":"2021-09-03T18:31:32","slug":"boite-a-outils","status":"publish","type":"page","link":"https:\/\/site.ac-martinique.fr\/economie-gestion-lp\/?page_id=521","title":{"rendered":"Boite \u00e0 outils"},"content":{"rendered":"\n<p>Vous trouverez sur cette page diff\u00e9rents supports : outils num\u00e9riques, vad\u00e9m\u00e9cums, informations administratives, etc. <\/p>\n\n\n\n<div class=\"wp-block-image\"><figure class=\"aligncenter size-full\"><img loading=\"lazy\" decoding=\"async\" width=\"510\" height=\"340\" src=\"https:\/\/site.ac-martinique.fr\/economie-gestion-lp\/wp-content\/uploads\/sites\/94\/2021\/09\/keyboard-824317__340.jpg\" alt=\"\" class=\"wp-image-753\" srcset=\"https:\/\/site.ac-martinique.fr\/economie-gestion-lp\/wp-content\/uploads\/sites\/94\/2021\/09\/keyboard-824317__340.jpg 510w, https:\/\/site.ac-martinique.fr\/economie-gestion-lp\/wp-content\/uploads\/sites\/94\/2021\/09\/keyboard-824317__340-300x200.jpg 300w\" sizes=\"auto, (max-width: 510px) 100vw, 510px\" \/><\/figure><\/div>\n","protected":false},"excerpt":{"rendered":"<p>Vous trouverez sur cette page diff\u00e9rents supports : outils num\u00e9riques, vad\u00e9m\u00e9cums, informations administratives, etc.<\/p>\n","protected":false},"author":242,"featured_media":0,"parent":0,"menu_order":0,"comment_status":"closed","ping_status":"closed","template":"","meta":{"footnotes":""},"class_list":["post-521","page","type-page","status-publish","hentry"],"_links":{"self":[{"href":"https:\/\/site.ac-martinique.fr\/economie-gestion-lp\/index.php?rest_route=\/wp\/v2\/pages\/521","targetHints":{"allow":["GET"]}}],"collection":[{"href":"https:\/\/site.ac-martinique.fr\/economie-gestion-lp\/index.php?rest_route=\/wp\/v2\/pages"}],"about":[{"href":"https:\/\/site.ac-martinique.fr\/economie-gestion-lp\/index.php?rest_route=\/wp\/v2\/types\/page"}],"author":[{"embeddable":true,"href":"https:\/\/site.ac-martinique.fr\/economie-gestion-lp\/index.php?rest_route=\/wp\/v2\/users\/242"}],"replies":[{"embeddable":true,"href":"https:\/\/site.ac-martinique.fr\/economie-gestion-lp\/index.php?rest_route=%2Fwp%2Fv2%2Fcomments&post=521"}],"version-history":[{"count":3,"href":"https:\/\/site.ac-martinique.fr\/economie-gestion-lp\/index.php?rest_route=\/wp\/v2\/pages\/521\/revisions"}],"predecessor-version":[{"id":754,"href":"https:\/\/site.ac-martinique.fr\/economie-gestion-lp\/index.php?rest_route=\/wp\/v2\/pages\/521\/revisions\/754"}],"wp:attachment":[{"href":"https:\/\/site.ac-martinique.fr\/economie-gestion-lp\/index.php?rest_route=%2Fwp%2Fv2%2Fmedia&parent=521"}],"curies":[{"name":"wp","href":"https:\/\/api.w.org\/{rel}","templated":true}]}}