{"id":56,"date":"2021-08-26T06:00:17","date_gmt":"2021-08-26T10:00:17","guid":{"rendered":"https:\/\/site.ac-martinique.fr\/economie-gestion-lp\/?page_id=56"},"modified":"2021-09-03T16:57:31","modified_gmt":"2021-09-03T20:57:31","slug":"filiere-securite","status":"publish","type":"page","link":"https:\/\/site.ac-martinique.fr\/economie-gestion-lp\/?page_id=56","title":{"rendered":"Fili\u00e8re S\u00e9curit\u00e9"},"content":{"rendered":"\n<p>Le\/la titulaire de la sp\u00e9cialit\u00e9 \u00ab<strong>M\u00e9tiers de la s\u00e9curit\u00e9<\/strong>\u00bb peut \u00eatre employ\u00e9(e) dans les diff\u00e9rents m\u00e9tiers\u00a0relatifs \u00e0 la s\u00e9curit\u00e9, \u00e0 la s\u00fbret\u00e9 et \u00e0 l\u2019ordre public, \u00e0 la\u00a0protection des personnes, des biens et de l\u2019environnement, au secours et assistance des personnes, \u00e0 la pr\u00e9vention des\u00a0risques de toute nature, \u00e0 la gestion des crises, \u00e0 la surveillance et au gardiennage, au respect\u00a0de l\u2019hygi\u00e8ne et de la salubrit\u00e9.<\/p>\n\n\n\n<p>L\u2019exercice de ces m\u00e9tiers exige l\u2019interaction et&nbsp;la compl\u00e9mentarit\u00e9 des divers acteurs de la s\u00e9curit\u00e9.<br>Ils font ainsi de la s\u00e9curit\u00e9 l\u2019une des conditions essentielles de l\u2019exercice des libert\u00e9s&nbsp;individuelles et collectives conform\u00e9ment aux dispositions du code la s\u00e9curit\u00e9 int\u00e9rieure.<\/p>\n\n\n\n<div class=\"wp-block-image\"><figure class=\"aligncenter size-full\"><img loading=\"lazy\" decoding=\"async\" width=\"604\" height=\"340\" src=\"https:\/\/site.ac-martinique.fr\/economie-gestion-lp\/wp-content\/uploads\/sites\/94\/2021\/09\/cyber-security-2776600__340.jpg\" alt=\"\" class=\"wp-image-760\" srcset=\"https:\/\/site.ac-martinique.fr\/economie-gestion-lp\/wp-content\/uploads\/sites\/94\/2021\/09\/cyber-security-2776600__340.jpg 604w, https:\/\/site.ac-martinique.fr\/economie-gestion-lp\/wp-content\/uploads\/sites\/94\/2021\/09\/cyber-security-2776600__340-300x169.jpg 300w, https:\/\/site.ac-martinique.fr\/economie-gestion-lp\/wp-content\/uploads\/sites\/94\/2021\/09\/cyber-security-2776600__340-260x146.jpg 260w, https:\/\/site.ac-martinique.fr\/economie-gestion-lp\/wp-content\/uploads\/sites\/94\/2021\/09\/cyber-security-2776600__340-120x67.jpg 120w\" sizes=\"auto, (max-width: 604px) 100vw, 604px\" \/><\/figure><\/div>\n","protected":false},"excerpt":{"rendered":"<p>Le\/la titulaire de la sp\u00e9cialit\u00e9 \u00abM\u00e9tiers de la s\u00e9curit\u00e9\u00bb peut \u00eatre employ\u00e9(e) dans les diff\u00e9rents m\u00e9tiers\u00a0relatifs \u00e0 la s\u00e9curit\u00e9, \u00e0 la s\u00fbret\u00e9 et \u00e0 l\u2019ordre public, \u00e0 la\u00a0protection des personnes, des biens et de l\u2019environnement,&#8230;<\/p>\n","protected":false},"author":242,"featured_media":0,"parent":0,"menu_order":0,"comment_status":"closed","ping_status":"closed","template":"","meta":{"footnotes":""},"class_list":["post-56","page","type-page","status-publish","hentry"],"_links":{"self":[{"href":"https:\/\/site.ac-martinique.fr\/economie-gestion-lp\/index.php?rest_route=\/wp\/v2\/pages\/56","targetHints":{"allow":["GET"]}}],"collection":[{"href":"https:\/\/site.ac-martinique.fr\/economie-gestion-lp\/index.php?rest_route=\/wp\/v2\/pages"}],"about":[{"href":"https:\/\/site.ac-martinique.fr\/economie-gestion-lp\/index.php?rest_route=\/wp\/v2\/types\/page"}],"author":[{"embeddable":true,"href":"https:\/\/site.ac-martinique.fr\/economie-gestion-lp\/index.php?rest_route=\/wp\/v2\/users\/242"}],"replies":[{"embeddable":true,"href":"https:\/\/site.ac-martinique.fr\/economie-gestion-lp\/index.php?rest_route=%2Fwp%2Fv2%2Fcomments&post=56"}],"version-history":[{"count":3,"href":"https:\/\/site.ac-martinique.fr\/economie-gestion-lp\/index.php?rest_route=\/wp\/v2\/pages\/56\/revisions"}],"predecessor-version":[{"id":789,"href":"https:\/\/site.ac-martinique.fr\/economie-gestion-lp\/index.php?rest_route=\/wp\/v2\/pages\/56\/revisions\/789"}],"wp:attachment":[{"href":"https:\/\/site.ac-martinique.fr\/economie-gestion-lp\/index.php?rest_route=%2Fwp%2Fv2%2Fmedia&parent=56"}],"curies":[{"name":"wp","href":"https:\/\/api.w.org\/{rel}","templated":true}]}}