{"id":60,"date":"2021-08-26T06:01:16","date_gmt":"2021-08-26T10:01:16","guid":{"rendered":"https:\/\/site.ac-martinique.fr\/economie-gestion-lp\/?page_id=60"},"modified":"2021-09-03T17:04:29","modified_gmt":"2021-09-03T21:04:29","slug":"chef-doeuvre","status":"publish","type":"page","link":"https:\/\/site.ac-martinique.fr\/economie-gestion-lp\/?page_id=60","title":{"rendered":"Chef d&rsquo;oeuvre"},"content":{"rendered":"\n<p><strong><span class=\"has-inline-color has-black-color\">Le chef-d\u2019\u0153uvre dans la transformation de la voie professionnelle<\/span><\/strong><\/p>\n\n\n\n<p>L\u2019intention de la transformation de la voie professionnelle est de redonner ses lettres de noblesse \u00e0 l\u2019enseignement professionnel. La r\u00e9alisation d\u2019un chef-d\u2019\u0153uvre synonyme d\u2019excellence et de reconnaissance par les pairs (et donc de confiance), t\u00e9moigne de savoirs, savoir-\u00eatre et savoir-faire, et d\u00e9veloppe un sentiment d\u2019appartenance \u00e0 des communaut\u00e9s professionnelles.<\/p>\n\n\n\n<p><strong><span class=\"has-inline-color has-black-color\">Ce qu\u2019est la r\u00e9alisation d\u2019un chef-d\u2019\u0153uvre<\/span><\/strong><\/p>\n\n\n\n<p>Le chef-d\u2019\u0153uvre est une d\u00e9marche de r\u00e9alisation tr\u00e8s concr\u00e8te qui s\u2019appuie sur les comp\u00e9tences transversales et professionnelles travaill\u00e9es dans sa sp\u00e9cialit\u00e9 par l\u2019\u00e9l\u00e8ve ou l\u2019apprenti1. Il est l\u2019aboutissement d\u2019un projet pluridisciplinaire qui peut \u00eatre de type individuel ou collaboratif.<\/p>\n\n\n\n<p>Sa r\u00e9alisation concerne tous les \u00e9l\u00e8ves et apprentis de CAP sur le cycle de formation et tous les \u00e9l\u00e8ves\/apprentis des baccalaur\u00e9ats professionnels sur le cycle terminal (classes de premi\u00e8re et terminale).<\/p>\n\n\n\n<p>Le chef-d\u2019\u0153uvre syst\u00e9matise et incarne la p\u00e9dagogie de projet dans l\u2019enseignement professionnel. Pour autant, il ne doit pas \u00eatre un projet comme un autre. Il est un moment et un objet de formation exceptionnel dans le parcours l\u2019\u00e9l\u00e8ve contribuant \u00e0 sa motivation et \u00e0 son d\u00e9veloppement personnel. Il vise aussi \u00e0 promouvoir l\u2019excellence professionnelle du candidat dans un but de valorisation de son parcours de formation aupr\u00e8s des futurs recruteurs.<\/p>\n\n\n\n<p>L\u2019\u00e9valuation du chef d\u2019\u0153uvre permettra de valoriser pour chaque \u00e9l\u00e8ve\/apprenti sa contribution personnelle et aussi lorsque ce sera le cas son action dans un cadre collectif.<\/p>\n\n\n\n<div class=\"wp-block-image\"><figure class=\"aligncenter size-medium\"><img loading=\"lazy\" decoding=\"async\" width=\"300\" height=\"166\" src=\"https:\/\/site.ac-martinique.fr\/economie-gestion-lp\/wp-content\/uploads\/sites\/94\/2021\/09\/social-media-1233873__480-300x166.jpg\" alt=\"\" class=\"wp-image-794\" srcset=\"https:\/\/site.ac-martinique.fr\/economie-gestion-lp\/wp-content\/uploads\/sites\/94\/2021\/09\/social-media-1233873__480-300x166.jpg 300w, https:\/\/site.ac-martinique.fr\/economie-gestion-lp\/wp-content\/uploads\/sites\/94\/2021\/09\/social-media-1233873__480-768x426.jpg 768w, https:\/\/site.ac-martinique.fr\/economie-gestion-lp\/wp-content\/uploads\/sites\/94\/2021\/09\/social-media-1233873__480-120x67.jpg 120w, https:\/\/site.ac-martinique.fr\/economie-gestion-lp\/wp-content\/uploads\/sites\/94\/2021\/09\/social-media-1233873__480.jpg 865w\" sizes=\"auto, (max-width: 300px) 100vw, 300px\" \/><\/figure><\/div>\n","protected":false},"excerpt":{"rendered":"<p>Le chef-d\u2019\u0153uvre dans la transformation de la voie professionnelle L\u2019intention de la transformation de la voie professionnelle est de redonner ses lettres de noblesse \u00e0 l\u2019enseignement professionnel. La r\u00e9alisation d\u2019un chef-d\u2019\u0153uvre synonyme d\u2019excellence et de&#8230;<\/p>\n","protected":false},"author":242,"featured_media":0,"parent":0,"menu_order":0,"comment_status":"closed","ping_status":"closed","template":"","meta":{"footnotes":""},"class_list":["post-60","page","type-page","status-publish","hentry"],"_links":{"self":[{"href":"https:\/\/site.ac-martinique.fr\/economie-gestion-lp\/index.php?rest_route=\/wp\/v2\/pages\/60","targetHints":{"allow":["GET"]}}],"collection":[{"href":"https:\/\/site.ac-martinique.fr\/economie-gestion-lp\/index.php?rest_route=\/wp\/v2\/pages"}],"about":[{"href":"https:\/\/site.ac-martinique.fr\/economie-gestion-lp\/index.php?rest_route=\/wp\/v2\/types\/page"}],"author":[{"embeddable":true,"href":"https:\/\/site.ac-martinique.fr\/economie-gestion-lp\/index.php?rest_route=\/wp\/v2\/users\/242"}],"replies":[{"embeddable":true,"href":"https:\/\/site.ac-martinique.fr\/economie-gestion-lp\/index.php?rest_route=%2Fwp%2Fv2%2Fcomments&post=60"}],"version-history":[{"count":9,"href":"https:\/\/site.ac-martinique.fr\/economie-gestion-lp\/index.php?rest_route=\/wp\/v2\/pages\/60\/revisions"}],"predecessor-version":[{"id":795,"href":"https:\/\/site.ac-martinique.fr\/economie-gestion-lp\/index.php?rest_route=\/wp\/v2\/pages\/60\/revisions\/795"}],"wp:attachment":[{"href":"https:\/\/site.ac-martinique.fr\/economie-gestion-lp\/index.php?rest_route=%2Fwp%2Fv2%2Fmedia&parent=60"}],"curies":[{"name":"wp","href":"https:\/\/api.w.org\/{rel}","templated":true}]}}